{"id":8971,"date":"2022-02-01T14:15:54","date_gmt":"2022-02-01T14:15:54","guid":{"rendered":"https:\/\/vidahoteles.com\/?page_id=8971"},"modified":"2025-04-24T09:49:03","modified_gmt":"2025-04-24T09:49:03","slug":"hotels-fuer-gruppen-in-costa-da-morte-camino-dos-faros","status":"publish","type":"page","link":"https:\/\/vidahoteles.com\/de\/hotels-fuer-gruppen-in-costa-da-morte-camino-dos-faros\/","title":{"rendered":"Hotels f\u00fcr Gruppen in Costa da Morte \/ Camino dos Faros"},"content":{"rendered":"\t\t<div data-elementor-type=\"wp-page\" data-elementor-id=\"8971\" class=\"elementor elementor-8971 elementor-6908\" data-elementor-post-type=\"page\">\n\t\t\t\t<div class=\"elementor-element elementor-element-647662a e-flex e-con-boxed e-con e-parent\" data-id=\"647662a\" data-element_type=\"container\" data-e-type=\"container\">\n\t\t\t\t\t<div class=\"e-con-inner\">\n\t\t\t\t<div class=\"elementor-element elementor-element-3fae512 elementor-widget elementor-widget-text-editor\" data-id=\"3fae512\" data-element_type=\"widget\" data-e-type=\"widget\" data-widget_type=\"text-editor.default\">\n\t\t\t\t<div class=\"elementor-widget-container\">\n\t\t\t\t\t\t\t\t\t<p>Die Kette VIDA Hotels &amp; Apartments verf\u00fcgt \u00fcber eine gro\u00dfe Anzahl von Hotelzimmern an der Costa da Morte und zwei Hotels in den St\u00e4dten Laxe und Finisterre, die f\u00fcr den Empfang von Gruppen mit den h\u00f6chsten Qualit\u00e4tsgarantien vorbereitet sind.<\/p>\n<p>Sportgruppen, Nachbarschafts- oder Rentnervereine, Wandervereine in Camino dos Faros und viele andere Gruppen erfreuen sich zunehmend an einem einzigartigen Ausflugsziel voller Natursch\u00e4tze.<\/p>\t\t\t\t\t\t\t\t<\/div>\n\t\t\t\t<\/div>\n\t\t\t\t\t<\/div>\n\t\t\t\t<\/div>\n\t\t<div class=\"elementor-element elementor-element-d884ad5 e-flex e-con-boxed e-con e-parent\" data-id=\"d884ad5\" data-element_type=\"container\" data-e-type=\"container\">\n\t\t\t\t\t<div class=\"e-con-inner\">\n\t\t\t\t<div class=\"elementor-element elementor-element-d62bf43 elementor-widget elementor-widget-heading\" data-id=\"d62bf43\" data-element_type=\"widget\" data-e-type=\"widget\" data-widget_type=\"heading.default\">\n\t\t\t\t<div class=\"elementor-widget-container\">\n\t\t\t\t\t<h4 class=\"elementor-heading-title elementor-size-default\">FORDERN SIE EIN ANGEBOT AN<\/h4>\t\t\t\t<\/div>\n\t\t\t\t<\/div>\n\t\t\t\t\t<\/div>\n\t\t\t\t<\/div>\n\t\t<div class=\"elementor-element elementor-element-99202a0 e-flex e-con-boxed e-con e-parent\" data-id=\"99202a0\" data-element_type=\"container\" data-e-type=\"container\">\n\t\t\t\t\t<div class=\"e-con-inner\">\n\t\t\t\t<div class=\"elementor-element elementor-element-9e40aa9 elementor-widget elementor-widget-text-editor\" data-id=\"9e40aa9\" data-element_type=\"widget\" data-e-type=\"widget\" data-widget_type=\"text-editor.default\">\n\t\t\t\t<div class=\"elementor-widget-container\">\n\t\t\t\t\t\t\t\t\t<p>Fragen Sie uns unverbindlich nach einem Budget f\u00fcr Ihre Gruppe. Wenn Sie Gruppen mit mehr oder weniger \u00dcbernachtungen ben\u00f6tigen, brauchen Sie uns nur zu kontaktieren und wir bereiten ein Programm vor, das der Dauer Ihres Aufenthalts und dem Profil der Gruppe entspricht.<\/p>\t\t\t\t\t\t\t\t<\/div>\n\t\t\t\t<\/div>\n\t\t\t\t\t<\/div>\n\t\t\t\t<\/div>\n\t\t<div class=\"elementor-element elementor-element-0ccab7b e-flex e-con-boxed e-con e-parent\" data-id=\"0ccab7b\" data-element_type=\"container\" data-e-type=\"container\">\n\t\t\t\t\t<div class=\"e-con-inner\">\n\t\t\t\t<div class=\"elementor-element elementor-element-684757e elementor-widget elementor-widget-shortcode\" data-id=\"684757e\" data-element_type=\"widget\" data-e-type=\"widget\" data-widget_type=\"shortcode.default\">\n\t\t\t\t<div class=\"elementor-widget-container\">\n\t\t\t\t\t\t\t<div class=\"elementor-shortcode\">\n<div class=\"wpcf7 no-js\" id=\"wpcf7-f8974-o1\" lang=\"es-ES\" dir=\"ltr\" data-wpcf7-id=\"8974\">\n<div class=\"screen-reader-response\"><p role=\"status\" aria-live=\"polite\" aria-atomic=\"true\"><\/p> <ul><\/ul><\/div>\n<form action=\"\/de\/wp-json\/wp\/v2\/pages\/8971#wpcf7-f8974-o1\" method=\"post\" class=\"wpcf7-form init\" aria-label=\"Formulario de contacto\" novalidate=\"novalidate\" data-status=\"init\">\n<div style=\"display: none;\">\n<input type=\"hidden\" name=\"_wpcf7\" value=\"8974\" \/>\n<input type=\"hidden\" name=\"_wpcf7_version\" value=\"6.0.5\" \/>\n<input type=\"hidden\" name=\"_wpcf7_locale\" value=\"es_ES\" \/>\n<input type=\"hidden\" name=\"_wpcf7_unit_tag\" value=\"wpcf7-f8974-o1\" \/>\n<input type=\"hidden\" name=\"_wpcf7_container_post\" value=\"0\" \/>\n<input type=\"hidden\" name=\"_wpcf7_posted_data_hash\" value=\"\" \/>\n<input type=\"hidden\" name=\"_wpcf7_recaptcha_response\" value=\"\" \/>\n<\/div>\n<p><span id=\"wpcf7-69d77dd42a5ae-wrapper\" class=\"wpcf7-form-control-wrap email2-wrap\" style=\"display:none !important; visibility:hidden !important;\"><label for=\"wpcf7-69d77dd42a5ae-field\" class=\"hp-message\">Por favor, deja este campo vac\u00edo.<\/label><input id=\"wpcf7-69d77dd42a5ae-field\"  class=\"wpcf7-form-control wpcf7-text\" type=\"text\" name=\"email2\" value=\"\" size=\"40\" tabindex=\"-1\" autocomplete=\"new-password\" \/><\/span><br \/>\n<label> Gruppenname <span class=\"wpcf7-form-control-wrap\" data-name=\"nombre-grupo\"><input size=\"40\" maxlength=\"400\" class=\"wpcf7-form-control wpcf7-text wpcf7-validates-as-required\" aria-required=\"true\" aria-invalid=\"false\" value=\"\" type=\"text\" name=\"nombre-grupo\" \/><\/span> <\/label><br \/>\n<label> Verantwortliche Person der Gruppe <span class=\"wpcf7-form-control-wrap\" data-name=\"responsable-grupo\"><input size=\"40\" maxlength=\"400\" class=\"wpcf7-form-control wpcf7-text wpcf7-validates-as-required\" aria-required=\"true\" aria-invalid=\"false\" value=\"\" type=\"text\" name=\"responsable-grupo\" \/><\/span> <\/label><br \/>\n<label> E-mail <span class=\"wpcf7-form-control-wrap\" data-name=\"your-email\"><input size=\"40\" maxlength=\"400\" class=\"wpcf7-form-control wpcf7-email wpcf7-validates-as-required wpcf7-text wpcf7-validates-as-email\" aria-required=\"true\" aria-invalid=\"false\" value=\"\" type=\"email\" name=\"your-email\" \/><\/span> <\/label><br \/>\n<label> Telefon <span class=\"wpcf7-form-control-wrap\" data-name=\"telefono\"><input size=\"40\" maxlength=\"400\" class=\"wpcf7-form-control wpcf7-text wpcf7-validates-as-required\" aria-required=\"true\" aria-invalid=\"false\" value=\"\" type=\"text\" name=\"telefono\" \/><\/span> <\/label><br \/>\n<label> Check-in <span class=\"wpcf7-form-control-wrap\" data-name=\"fecha-entrada\"><input class=\"wpcf7-form-control wpcf7-date wpcf7-validates-as-required wpcf7-validates-as-date\" aria-required=\"true\" aria-invalid=\"false\" value=\"\" type=\"date\" name=\"fecha-entrada\" \/><\/span> <\/label><br \/>\n<label> Check-out <span class=\"wpcf7-form-control-wrap\" data-name=\"fecha-salida\"><input class=\"wpcf7-form-control wpcf7-date wpcf7-validates-as-required wpcf7-validates-as-date\" aria-required=\"true\" aria-invalid=\"false\" value=\"\" type=\"date\" name=\"fecha-salida\" \/><\/span> <\/label><br \/>\n<label> Anzahl der pax <span class=\"wpcf7-form-control-wrap\" data-name=\"numero-personas\"><input size=\"40\" maxlength=\"400\" class=\"wpcf7-form-control wpcf7-text wpcf7-validates-as-required\" aria-required=\"true\" aria-invalid=\"false\" value=\"\" type=\"text\" name=\"numero-personas\" \/><\/span> <\/label><br \/>\n<label> Anzahl Doppelzimmer <span class=\"wpcf7-form-control-wrap\" data-name=\"numero-habitaciones-dobles\"><input size=\"40\" maxlength=\"400\" class=\"wpcf7-form-control wpcf7-text\" aria-invalid=\"false\" value=\"\" type=\"text\" name=\"numero-habitaciones-dobles\" \/><\/span> <\/label><br \/>\n<label> Anzahl Einzelzimmer <span class=\"wpcf7-form-control-wrap\" data-name=\"numero-habitaciones-individuales\"><input size=\"40\" maxlength=\"400\" class=\"wpcf7-form-control wpcf7-text\" aria-invalid=\"false\" value=\"\" type=\"text\" name=\"numero-habitaciones-individuales\" \/><\/span> <\/label><br \/>\n<label> Auserw\u00e4hltes Hotel <span class=\"wpcf7-form-control-wrap\" data-name=\"hotel\"><select class=\"wpcf7-form-control wpcf7-select\" aria-invalid=\"false\" name=\"hotel\"><option value=\"\"><\/option><option value=\"Hotel VIDA Finisterre Centro **\">Hotel VIDA Finisterre Centro **<\/option><option value=\"Hotel VIDA Mar de Laxe ***\">Hotel VIDA Mar de Laxe ***<\/option><\/select><\/span> <\/label><br \/>\n<label> Pension: <span class=\"wpcf7-form-control-wrap\" data-name=\"regimen-alimenticio\"><select class=\"wpcf7-form-control wpcf7-select\" aria-invalid=\"false\" name=\"regimen-alimenticio\"><option value=\"\"><\/option><option value=\"N.U. - Nur \u00dcbernachtung\">N.U. - Nur \u00dcbernachtung<\/option><option value=\"U.F. - Unterbringung und Fr\u00fchst\u00fcck\">U.F. - Unterbringung und Fr\u00fchst\u00fcck<\/option><option value=\"H.P. - Halbpension\">H.P. - Halbpension<\/option><option value=\"V.P. - Voll Pension\">V.P. - Voll Pension<\/option><\/select><\/span> <\/label><br \/>\n<label> Andere Optionen \/ Kommentare <span class=\"wpcf7-form-control-wrap\" data-name=\"observaciones\"><textarea cols=\"40\" rows=\"10\" maxlength=\"2000\" class=\"wpcf7-form-control wpcf7-textarea\" aria-invalid=\"false\" name=\"observaciones\"><\/textarea><\/span> <\/label><br \/>\n\t<center><input class=\"wpcf7-form-control wpcf7-submit has-spinner\" type=\"submit\" value=\"Senden\" \/>\n\t<\/center>\n<\/p><p style=\"display: none !important;\" class=\"akismet-fields-container\" data-prefix=\"_wpcf7_ak_\"><label>&#916;<textarea name=\"_wpcf7_ak_hp_textarea\" cols=\"45\" rows=\"8\" maxlength=\"100\"><\/textarea><\/label><input type=\"hidden\" id=\"ak_js_1\" name=\"_wpcf7_ak_js\" value=\"85\"\/><script>document.getElementById( \"ak_js_1\" ).setAttribute( \"value\", ( new Date() ).getTime() );<\/script><\/p><div class=\"wpcf7-response-output\" aria-hidden=\"true\"><\/div>\n<\/form>\n<\/div>\n<\/div>\n\t\t\t\t\t\t<\/div>\n\t\t\t\t<\/div>\n\t\t\t\t\t<\/div>\n\t\t\t\t<\/div>\n\t\t\t\t<\/div>\n\t\t<div class=\"gsp_post_data\" \r\n\t            data-post_type=\"page\" \r\n\t            data-cat=\"\" \r\n\t            data-modified=\"120\"\r\n\t            data-created=\"1643724954\"\r\n\t            data-title=\"Hotels f\u00fcr Gruppen in Costa da Morte \/ Camino dos Faros\" \r\n\t            data-home=\"https:\/\/vidahoteles.com\/de\/\"><\/div>","protected":false},"excerpt":{"rendered":"<p>Die Kette VIDA Hotels &amp; Apartments verf\u00fcgt \u00fcber eine gro\u00dfe Anzahl von Hotelzimmern an der Costa da Morte und zwei [&hellip;]<\/p>\n","protected":false},"author":2,"featured_media":7210,"parent":0,"menu_order":420,"comment_status":"closed","ping_status":"closed","template":"","meta":{"site-sidebar-layout":"default","site-content-layout":"","ast-site-content-layout":"default","site-content-style":"default","site-sidebar-style":"default","ast-global-header-display":"","ast-banner-title-visibility":"","ast-main-header-display":"","ast-hfb-above-header-display":"","ast-hfb-below-header-display":"","ast-hfb-mobile-header-display":"","site-post-title":"","ast-breadcrumbs-content":"","ast-featured-img":"","footer-sml-layout":"","ast-disable-related-posts":"","theme-transparent-header-meta":"","adv-header-id-meta":"","stick-header-meta":"","header-above-stick-meta":"","header-main-stick-meta":"","header-below-stick-meta":"","astra-migrate-meta-layouts":"default","ast-page-background-enabled":"default","ast-page-background-meta":{"desktop":{"background-color":"var(--ast-global-color-4)","background-image":"","background-repeat":"repeat","background-position":"center center","background-size":"auto","background-attachment":"scroll","background-type":"","background-media":"","overlay-type":"","overlay-color":"","overlay-opacity":"","overlay-gradient":""},"tablet":{"background-color":"","background-image":"","background-repeat":"repeat","background-position":"center center","background-size":"auto","background-attachment":"scroll","background-type":"","background-media":"","overlay-type":"","overlay-color":"","overlay-opacity":"","overlay-gradient":""},"mobile":{"background-color":"","background-image":"","background-repeat":"repeat","background-position":"center center","background-size":"auto","background-attachment":"scroll","background-type":"","background-media":"","overlay-type":"","overlay-color":"","overlay-opacity":"","overlay-gradient":""}},"ast-content-background-meta":{"desktop":{"background-color":"var(--ast-global-color-5)","background-image":"","background-repeat":"repeat","background-position":"center center","background-size":"auto","background-attachment":"scroll","background-type":"","background-media":"","overlay-type":"","overlay-color":"","overlay-opacity":"","overlay-gradient":""},"tablet":{"background-color":"var(--ast-global-color-5)","background-image":"","background-repeat":"repeat","background-position":"center center","background-size":"auto","background-attachment":"scroll","background-type":"","background-media":"","overlay-type":"","overlay-color":"","overlay-opacity":"","overlay-gradient":""},"mobile":{"background-color":"var(--ast-global-color-5)","background-image":"","background-repeat":"repeat","background-position":"center center","background-size":"auto","background-attachment":"scroll","background-type":"","background-media":"","overlay-type":"","overlay-color":"","overlay-opacity":"","overlay-gradient":""}},"ngg_post_thumbnail":0,"_jet_sm_ready_style":"","_jet_sm_style":"","_jet_sm_controls_values":"","_jet_sm_fonts_collection":"","_jet_sm_fonts_links":"","footnotes":""},"class_list":["post-8971","page","type-page","status-publish","has-post-thumbnail","hentry"],"yoast_head":"<!-- This site is optimized with the Yoast SEO plugin v24.8.1 - https:\/\/yoast.com\/wordpress\/plugins\/seo\/ -->\n<title>Hotels f\u00fcr Gruppen in Costa da Morte \/ Camino dos Faros - Vida Hoteles &amp; Apartamentos<\/title>\n<meta name=\"robots\" content=\"index, follow, max-snippet:-1, max-image-preview:large, max-video-preview:-1\" \/>\n<link rel=\"canonical\" href=\"https:\/\/vidahoteles.com\/pt-pt\/hoteis-para-grupos-na-costa-da-morte-caminho-dos-farois\/\" \/>\n<meta property=\"og:locale\" content=\"de_DE\" \/>\n<meta property=\"og:type\" content=\"article\" \/>\n<meta property=\"og:title\" content=\"Hotels f\u00fcr Gruppen in Costa da Morte \/ Camino dos Faros - Vida Hoteles &amp; Apartamentos\" \/>\n<meta property=\"og:description\" content=\"Die Kette VIDA Hotels &amp; Apartments verf\u00fcgt \u00fcber eine gro\u00dfe Anzahl von Hotelzimmern an der Costa da Morte und zwei [&hellip;]\" \/>\n<meta property=\"og:url\" content=\"https:\/\/vidahoteles.com\/pt-pt\/hoteis-para-grupos-na-costa-da-morte-caminho-dos-farois\/\" \/>\n<meta property=\"og:site_name\" content=\"Vida Hoteles &amp; Apartamentos\" \/>\n<meta property=\"article:modified_time\" content=\"2025-04-24T09:49:03+00:00\" \/>\n<meta property=\"og:image\" content=\"https:\/\/vidahoteles.com\/wp-content\/uploads\/2021\/03\/IMG_20160827_141854.jpg\" \/>\n\t<meta property=\"og:image:width\" content=\"1200\" \/>\n\t<meta property=\"og:image:height\" content=\"900\" \/>\n\t<meta property=\"og:image:type\" content=\"image\/jpeg\" \/>\n<meta name=\"twitter:label1\" content=\"Gesch\u00e4tzte Lesezeit\" \/>\n\t<meta name=\"twitter:data1\" content=\"1\u00a0Minute\" \/>\n<script type=\"application\/ld+json\" class=\"yoast-schema-graph\">{\"@context\":\"https:\/\/schema.org\",\"@graph\":[{\"@type\":\"WebPage\",\"@id\":\"https:\/\/vidahoteles.com\/pt-pt\/hoteis-para-grupos-na-costa-da-morte-caminho-dos-farois\/\",\"url\":\"https:\/\/vidahoteles.com\/pt-pt\/hoteis-para-grupos-na-costa-da-morte-caminho-dos-farois\/\",\"name\":\"Hotels f\u00fcr Gruppen in Costa da Morte \/ Camino dos Faros - Vida Hoteles &amp; Apartamentos\",\"isPartOf\":{\"@id\":\"https:\/\/vidahoteles.com\/#website\"},\"primaryImageOfPage\":{\"@id\":\"https:\/\/vidahoteles.com\/pt-pt\/hoteis-para-grupos-na-costa-da-morte-caminho-dos-farois\/#primaryimage\"},\"image\":{\"@id\":\"https:\/\/vidahoteles.com\/pt-pt\/hoteis-para-grupos-na-costa-da-morte-caminho-dos-farois\/#primaryimage\"},\"thumbnailUrl\":\"https:\/\/vidahoteles.com\/wp-content\/uploads\/2021\/03\/IMG_20160827_141854.jpg\",\"datePublished\":\"2022-02-01T14:15:54+00:00\",\"dateModified\":\"2025-04-24T09:49:03+00:00\",\"breadcrumb\":{\"@id\":\"https:\/\/vidahoteles.com\/pt-pt\/hoteis-para-grupos-na-costa-da-morte-caminho-dos-farois\/#breadcrumb\"},\"inLanguage\":\"de\",\"potentialAction\":[{\"@type\":\"ReadAction\",\"target\":[\"https:\/\/vidahoteles.com\/pt-pt\/hoteis-para-grupos-na-costa-da-morte-caminho-dos-farois\/\"]}]},{\"@type\":\"ImageObject\",\"inLanguage\":\"de\",\"@id\":\"https:\/\/vidahoteles.com\/pt-pt\/hoteis-para-grupos-na-costa-da-morte-caminho-dos-farois\/#primaryimage\",\"url\":\"https:\/\/vidahoteles.com\/wp-content\/uploads\/2021\/03\/IMG_20160827_141854.jpg\",\"contentUrl\":\"https:\/\/vidahoteles.com\/wp-content\/uploads\/2021\/03\/IMG_20160827_141854.jpg\",\"width\":1200,\"height\":900},{\"@type\":\"BreadcrumbList\",\"@id\":\"https:\/\/vidahoteles.com\/pt-pt\/hoteis-para-grupos-na-costa-da-morte-caminho-dos-farois\/#breadcrumb\",\"itemListElement\":[{\"@type\":\"ListItem\",\"position\":1,\"name\":\"Portada\",\"item\":\"https:\/\/vidahoteles.com\/de\/\"},{\"@type\":\"ListItem\",\"position\":2,\"name\":\"Hotels f\u00fcr Gruppen in Costa da Morte \/ Camino dos Faros\"}]},{\"@type\":\"WebSite\",\"@id\":\"https:\/\/vidahoteles.com\/#website\",\"url\":\"https:\/\/vidahoteles.com\/\",\"name\":\"Vida Hoteles &amp; Apartamentos\",\"description\":\"La cadena hotelera de A Costa da Morte (Galicia)\",\"potentialAction\":[{\"@type\":\"SearchAction\",\"target\":{\"@type\":\"EntryPoint\",\"urlTemplate\":\"https:\/\/vidahoteles.com\/?s={search_term_string}\"},\"query-input\":{\"@type\":\"PropertyValueSpecification\",\"valueRequired\":true,\"valueName\":\"search_term_string\"}}],\"inLanguage\":\"de\"}]}<\/script>\n<!-- \/ Yoast SEO plugin. -->","yoast_head_json":{"title":"Hotels f\u00fcr Gruppen in Costa da Morte \/ Camino dos Faros - Vida Hoteles &amp; Apartamentos","robots":{"index":"index","follow":"follow","max-snippet":"max-snippet:-1","max-image-preview":"max-image-preview:large","max-video-preview":"max-video-preview:-1"},"canonical":"https:\/\/vidahoteles.com\/pt-pt\/hoteis-para-grupos-na-costa-da-morte-caminho-dos-farois\/","og_locale":"de_DE","og_type":"article","og_title":"Hotels f\u00fcr Gruppen in Costa da Morte \/ Camino dos Faros - Vida Hoteles &amp; Apartamentos","og_description":"Die Kette VIDA Hotels &amp; Apartments verf\u00fcgt \u00fcber eine gro\u00dfe Anzahl von Hotelzimmern an der Costa da Morte und zwei [&hellip;]","og_url":"https:\/\/vidahoteles.com\/pt-pt\/hoteis-para-grupos-na-costa-da-morte-caminho-dos-farois\/","og_site_name":"Vida Hoteles &amp; Apartamentos","article_modified_time":"2025-04-24T09:49:03+00:00","og_image":[{"width":1200,"height":900,"url":"https:\/\/vidahoteles.com\/wp-content\/uploads\/2021\/03\/IMG_20160827_141854.jpg","type":"image\/jpeg"}],"twitter_misc":{"Gesch\u00e4tzte Lesezeit":"1\u00a0Minute"},"schema":{"@context":"https:\/\/schema.org","@graph":[{"@type":"WebPage","@id":"https:\/\/vidahoteles.com\/pt-pt\/hoteis-para-grupos-na-costa-da-morte-caminho-dos-farois\/","url":"https:\/\/vidahoteles.com\/pt-pt\/hoteis-para-grupos-na-costa-da-morte-caminho-dos-farois\/","name":"Hotels f\u00fcr Gruppen in Costa da Morte \/ Camino dos Faros - Vida Hoteles &amp; Apartamentos","isPartOf":{"@id":"https:\/\/vidahoteles.com\/#website"},"primaryImageOfPage":{"@id":"https:\/\/vidahoteles.com\/pt-pt\/hoteis-para-grupos-na-costa-da-morte-caminho-dos-farois\/#primaryimage"},"image":{"@id":"https:\/\/vidahoteles.com\/pt-pt\/hoteis-para-grupos-na-costa-da-morte-caminho-dos-farois\/#primaryimage"},"thumbnailUrl":"https:\/\/vidahoteles.com\/wp-content\/uploads\/2021\/03\/IMG_20160827_141854.jpg","datePublished":"2022-02-01T14:15:54+00:00","dateModified":"2025-04-24T09:49:03+00:00","breadcrumb":{"@id":"https:\/\/vidahoteles.com\/pt-pt\/hoteis-para-grupos-na-costa-da-morte-caminho-dos-farois\/#breadcrumb"},"inLanguage":"de","potentialAction":[{"@type":"ReadAction","target":["https:\/\/vidahoteles.com\/pt-pt\/hoteis-para-grupos-na-costa-da-morte-caminho-dos-farois\/"]}]},{"@type":"ImageObject","inLanguage":"de","@id":"https:\/\/vidahoteles.com\/pt-pt\/hoteis-para-grupos-na-costa-da-morte-caminho-dos-farois\/#primaryimage","url":"https:\/\/vidahoteles.com\/wp-content\/uploads\/2021\/03\/IMG_20160827_141854.jpg","contentUrl":"https:\/\/vidahoteles.com\/wp-content\/uploads\/2021\/03\/IMG_20160827_141854.jpg","width":1200,"height":900},{"@type":"BreadcrumbList","@id":"https:\/\/vidahoteles.com\/pt-pt\/hoteis-para-grupos-na-costa-da-morte-caminho-dos-farois\/#breadcrumb","itemListElement":[{"@type":"ListItem","position":1,"name":"Portada","item":"https:\/\/vidahoteles.com\/de\/"},{"@type":"ListItem","position":2,"name":"Hotels f\u00fcr Gruppen in Costa da Morte \/ Camino dos Faros"}]},{"@type":"WebSite","@id":"https:\/\/vidahoteles.com\/#website","url":"https:\/\/vidahoteles.com\/","name":"Vida Hoteles &amp; Apartamentos","description":"La cadena hotelera de A Costa da Morte (Galicia)","potentialAction":[{"@type":"SearchAction","target":{"@type":"EntryPoint","urlTemplate":"https:\/\/vidahoteles.com\/?s={search_term_string}"},"query-input":{"@type":"PropertyValueSpecification","valueRequired":true,"valueName":"search_term_string"}}],"inLanguage":"de"}]}},"_links":{"self":[{"href":"https:\/\/vidahoteles.com\/de\/wp-json\/wp\/v2\/pages\/8971","targetHints":{"allow":["GET"]}}],"collection":[{"href":"https:\/\/vidahoteles.com\/de\/wp-json\/wp\/v2\/pages"}],"about":[{"href":"https:\/\/vidahoteles.com\/de\/wp-json\/wp\/v2\/types\/page"}],"author":[{"embeddable":true,"href":"https:\/\/vidahoteles.com\/de\/wp-json\/wp\/v2\/users\/2"}],"replies":[{"embeddable":true,"href":"https:\/\/vidahoteles.com\/de\/wp-json\/wp\/v2\/comments?post=8971"}],"version-history":[{"count":10,"href":"https:\/\/vidahoteles.com\/de\/wp-json\/wp\/v2\/pages\/8971\/revisions"}],"predecessor-version":[{"id":14646,"href":"https:\/\/vidahoteles.com\/de\/wp-json\/wp\/v2\/pages\/8971\/revisions\/14646"}],"wp:featuredmedia":[{"embeddable":true,"href":"https:\/\/vidahoteles.com\/de\/wp-json\/wp\/v2\/media\/7210"}],"wp:attachment":[{"href":"https:\/\/vidahoteles.com\/de\/wp-json\/wp\/v2\/media?parent=8971"}],"curies":[{"name":"wp","href":"https:\/\/api.w.org\/{rel}","templated":true}]}}