{"id":9215,"date":"2022-04-18T07:53:11","date_gmt":"2022-04-18T07:53:11","guid":{"rendered":"https:\/\/vidahoteles.com\/?page_id=9215"},"modified":"2025-04-24T09:36:17","modified_gmt":"2025-04-24T09:36:17","slug":"hotels-fuer-gruppen-in-galicien","status":"publish","type":"page","link":"https:\/\/vidahoteles.com\/de\/hotels-fuer-gruppen-in-galicien\/","title":{"rendered":"Hotels f\u00fcr Gruppen in Galicien"},"content":{"rendered":"\t\t<div data-elementor-type=\"wp-page\" data-elementor-id=\"9215\" class=\"elementor elementor-9215 elementor-9214\" data-elementor-post-type=\"page\">\n\t\t\t\t<div class=\"elementor-element elementor-element-826cb40 e-flex e-con-boxed e-con e-parent\" data-id=\"826cb40\" data-element_type=\"container\" data-e-type=\"container\">\n\t\t\t\t\t<div class=\"e-con-inner\">\n\t\t\t\t<div class=\"elementor-element elementor-element-a9f0a47 elementor-widget elementor-widget-text-editor\" data-id=\"a9f0a47\" data-element_type=\"widget\" data-e-type=\"widget\" data-widget_type=\"text-editor.default\">\n\t\t\t\t<div class=\"elementor-widget-container\">\n\t\t\t\t\t\t\t\t\t<p>Die Kette VIDA Hotels &amp; Apartments verf\u00fcgt \u00fcber Hotels f\u00fcr Gruppen mit den h\u00f6chsten Qualit\u00e4tsgarantien in Galicien.<\/p>\n<p><\/p>\n<p>Sportgruppen, Nachbarschafts- oder Seniorenvereine, Wandervereine und viele andere Gruppen genie\u00dfen immer \u00f6fter ihren Urlaub in unserer Kette.<\/p>\t\t\t\t\t\t\t\t<\/div>\n\t\t\t\t<\/div>\n\t\t\t\t\t<\/div>\n\t\t\t\t<\/div>\n\t\t<div class=\"elementor-element elementor-element-e6c1ef3 e-flex e-con-boxed e-con e-parent\" data-id=\"e6c1ef3\" data-element_type=\"container\" data-e-type=\"container\">\n\t\t\t\t\t<div class=\"e-con-inner\">\n\t\t\t\t<div class=\"elementor-element elementor-element-6cf894b elementor-widget elementor-widget-contentviews_widget_grid1\" data-id=\"6cf894b\" data-element_type=\"widget\" data-e-type=\"widget\" data-widget_type=\"contentviews_widget_grid1.default\">\n\t\t\t\t<div class=\"elementor-widget-container\">\n\t\t\t\t\t<div class='pt-cv-wrapper'> <div class=\"pt-cv-view pt-cv-blockgrid iscvblock iscvelementor grid1 layout1\" id=\"pt-cv-view-6cf894b\"><div data-id=\"pt-cv-page-1\" class=\"pt-cv-page\" data-cvc=\"2\"><div class=\" pt-cv-content-item pt-cv-1-col\" ><div class=\"pt-cv-thumb-wrapper  \"><a href=\"https:\/\/vidahoteles.com\/de\/hotels-fuer-gruppen-in-costa-da-morte-camino-dos-faros\/\" class=\"_self pt-cv-href-thumbnail pt-cv-thumb-default\" target=\"_self\" ><img fetchpriority=\"high\" decoding=\"async\" width=\"1024\" height=\"768\" src=\"https:\/\/vidahoteles.com\/wp-content\/uploads\/2021\/03\/IMG_20160827_141854-1024x768.jpg\" class=\"pt-cv-thumbnail\" alt=\"\" \/><\/a><\/div>\n<h4 class=\"pt-cv-title\"><a href=\"https:\/\/vidahoteles.com\/de\/hotels-fuer-gruppen-in-costa-da-morte-camino-dos-faros\/\" class=\"_self\" target=\"_self\" >Hotels f\u00fcr Gruppen in Costa da Morte \/ Camino dos Faros<\/a><\/h4><\/div>\n<div class=\" pt-cv-content-item pt-cv-1-col\" ><div class=\"pt-cv-thumb-wrapper  \"><a href=\"https:\/\/vidahoteles.com\/de\/hotels-fuer-gruppen-in-sanxenxo\/\" class=\"_self pt-cv-href-thumbnail pt-cv-thumb-default\" target=\"_self\" ><img decoding=\"async\" width=\"1024\" height=\"768\" src=\"https:\/\/vidahoteles.com\/wp-content\/uploads\/2022\/04\/06-O-Grove-0866-1024x768.jpg\" class=\"pt-cv-thumbnail\" alt=\"\" \/><\/a><\/div>\n<h4 class=\"pt-cv-title\"><a href=\"https:\/\/vidahoteles.com\/de\/hotels-fuer-gruppen-in-sanxenxo\/\" class=\"_self\" target=\"_self\" >Hotels f\u00fcr Gruppen in Sanxenxo<\/a><\/h4><\/div><\/div><\/div> <\/div> \t\t\t\t<\/div>\n\t\t\t\t<\/div>\n\t\t\t\t\t<\/div>\n\t\t\t\t<\/div>\n\t\t\t\t<\/div>\n\t\t<div class=\"gsp_post_data\" \r\n\t            data-post_type=\"page\" \r\n\t            data-cat=\"\" \r\n\t            data-modified=\"120\"\r\n\t            data-created=\"1650270134\"\r\n\t            data-title=\"Hotels f\u00fcr Gruppen in Sanxenxo\" \r\n\t            data-home=\"https:\/\/vidahoteles.com\/de\/\"><\/div>","protected":false},"excerpt":{"rendered":"<p>Die Kette VIDA Hotels &amp; Apartments verf\u00fcgt \u00fcber Hotels f\u00fcr Gruppen mit den h\u00f6chsten Qualit\u00e4tsgarantien in Galicien. Sportgruppen, Nachbarschafts- oder [&hellip;]<\/p>\n","protected":false},"author":2,"featured_media":9244,"parent":0,"menu_order":410,"comment_status":"closed","ping_status":"closed","template":"","meta":{"site-sidebar-layout":"default","site-content-layout":"","ast-site-content-layout":"default","site-content-style":"default","site-sidebar-style":"default","ast-global-header-display":"","ast-banner-title-visibility":"","ast-main-header-display":"","ast-hfb-above-header-display":"","ast-hfb-below-header-display":"","ast-hfb-mobile-header-display":"","site-post-title":"","ast-breadcrumbs-content":"","ast-featured-img":"","footer-sml-layout":"","ast-disable-related-posts":"","theme-transparent-header-meta":"","adv-header-id-meta":"","stick-header-meta":"","header-above-stick-meta":"","header-main-stick-meta":"","header-below-stick-meta":"","astra-migrate-meta-layouts":"default","ast-page-background-enabled":"default","ast-page-background-meta":{"desktop":{"background-color":"var(--ast-global-color-4)","background-image":"","background-repeat":"repeat","background-position":"center center","background-size":"auto","background-attachment":"scroll","background-type":"","background-media":"","overlay-type":"","overlay-color":"","overlay-opacity":"","overlay-gradient":""},"tablet":{"background-color":"","background-image":"","background-repeat":"repeat","background-position":"center center","background-size":"auto","background-attachment":"scroll","background-type":"","background-media":"","overlay-type":"","overlay-color":"","overlay-opacity":"","overlay-gradient":""},"mobile":{"background-color":"","background-image":"","background-repeat":"repeat","background-position":"center center","background-size":"auto","background-attachment":"scroll","background-type":"","background-media":"","overlay-type":"","overlay-color":"","overlay-opacity":"","overlay-gradient":""}},"ast-content-background-meta":{"desktop":{"background-color":"var(--ast-global-color-5)","background-image":"","background-repeat":"repeat","background-position":"center center","background-size":"auto","background-attachment":"scroll","background-type":"","background-media":"","overlay-type":"","overlay-color":"","overlay-opacity":"","overlay-gradient":""},"tablet":{"background-color":"var(--ast-global-color-5)","background-image":"","background-repeat":"repeat","background-position":"center center","background-size":"auto","background-attachment":"scroll","background-type":"","background-media":"","overlay-type":"","overlay-color":"","overlay-opacity":"","overlay-gradient":""},"mobile":{"background-color":"var(--ast-global-color-5)","background-image":"","background-repeat":"repeat","background-position":"center center","background-size":"auto","background-attachment":"scroll","background-type":"","background-media":"","overlay-type":"","overlay-color":"","overlay-opacity":"","overlay-gradient":""}},"ngg_post_thumbnail":0,"_jet_sm_ready_style":"","_jet_sm_style":"","_jet_sm_controls_values":"","_jet_sm_fonts_collection":"","_jet_sm_fonts_links":"","footnotes":""},"class_list":["post-9215","page","type-page","status-publish","has-post-thumbnail","hentry"],"yoast_head":"<!-- This site is optimized with the Yoast SEO plugin v24.8.1 - https:\/\/yoast.com\/wordpress\/plugins\/seo\/ -->\n<title>Hotels f\u00fcr Gruppen in Galicien - Vida Hoteles &amp; Apartamentos<\/title>\n<meta name=\"robots\" content=\"index, follow, max-snippet:-1, max-image-preview:large, max-video-preview:-1\" \/>\n<link rel=\"canonical\" href=\"https:\/\/vidahoteles.com\/hoteles-para-grupos-en-galicia\/\" \/>\n<meta property=\"og:locale\" content=\"de_DE\" \/>\n<meta property=\"og:type\" content=\"article\" \/>\n<meta property=\"og:title\" content=\"Hotels f\u00fcr Gruppen in Galicien - Vida Hoteles &amp; Apartamentos\" \/>\n<meta property=\"og:description\" content=\"Die Kette VIDA Hotels &amp; Apartments verf\u00fcgt \u00fcber Hotels f\u00fcr Gruppen mit den h\u00f6chsten Qualit\u00e4tsgarantien in Galicien. Sportgruppen, Nachbarschafts- oder [&hellip;]\" \/>\n<meta property=\"og:url\" content=\"https:\/\/vidahoteles.com\/hoteles-para-grupos-en-galicia\/\" \/>\n<meta property=\"og:site_name\" content=\"Vida Hoteles &amp; Apartamentos\" \/>\n<meta property=\"article:modified_time\" content=\"2025-04-24T09:36:17+00:00\" \/>\n<meta property=\"og:image\" content=\"https:\/\/vidahoteles.com\/wp-content\/uploads\/2022\/04\/GWF-Rias-Baixas-01.jpg\" \/>\n\t<meta property=\"og:image:width\" content=\"1200\" \/>\n\t<meta property=\"og:image:height\" content=\"900\" \/>\n\t<meta property=\"og:image:type\" content=\"image\/jpeg\" \/>\n<meta name=\"twitter:label1\" content=\"Gesch\u00e4tzte Lesezeit\" \/>\n\t<meta name=\"twitter:data1\" content=\"1\u00a0Minute\" \/>\n<script type=\"application\/ld+json\" class=\"yoast-schema-graph\">{\"@context\":\"https:\/\/schema.org\",\"@graph\":[{\"@type\":\"WebPage\",\"@id\":\"https:\/\/vidahoteles.com\/hoteles-para-grupos-en-galicia\/\",\"url\":\"https:\/\/vidahoteles.com\/hoteles-para-grupos-en-galicia\/\",\"name\":\"Hotels f\u00fcr Gruppen in Galicien - Vida Hoteles &amp; Apartamentos\",\"isPartOf\":{\"@id\":\"https:\/\/vidahoteles.com\/#website\"},\"primaryImageOfPage\":{\"@id\":\"https:\/\/vidahoteles.com\/hoteles-para-grupos-en-galicia\/#primaryimage\"},\"image\":{\"@id\":\"https:\/\/vidahoteles.com\/hoteles-para-grupos-en-galicia\/#primaryimage\"},\"thumbnailUrl\":\"https:\/\/vidahoteles.com\/wp-content\/uploads\/2022\/04\/GWF-Rias-Baixas-01.jpg\",\"datePublished\":\"2022-04-18T07:53:11+00:00\",\"dateModified\":\"2025-04-24T09:36:17+00:00\",\"breadcrumb\":{\"@id\":\"https:\/\/vidahoteles.com\/hoteles-para-grupos-en-galicia\/#breadcrumb\"},\"inLanguage\":\"de\",\"potentialAction\":[{\"@type\":\"ReadAction\",\"target\":[\"https:\/\/vidahoteles.com\/hoteles-para-grupos-en-galicia\/\"]}]},{\"@type\":\"ImageObject\",\"inLanguage\":\"de\",\"@id\":\"https:\/\/vidahoteles.com\/hoteles-para-grupos-en-galicia\/#primaryimage\",\"url\":\"https:\/\/vidahoteles.com\/wp-content\/uploads\/2022\/04\/GWF-Rias-Baixas-01.jpg\",\"contentUrl\":\"https:\/\/vidahoteles.com\/wp-content\/uploads\/2022\/04\/GWF-Rias-Baixas-01.jpg\",\"width\":1200,\"height\":900},{\"@type\":\"BreadcrumbList\",\"@id\":\"https:\/\/vidahoteles.com\/hoteles-para-grupos-en-galicia\/#breadcrumb\",\"itemListElement\":[{\"@type\":\"ListItem\",\"position\":1,\"name\":\"Portada\",\"item\":\"https:\/\/vidahoteles.com\/de\/\"},{\"@type\":\"ListItem\",\"position\":2,\"name\":\"Hotels f\u00fcr Gruppen in Galicien\"}]},{\"@type\":\"WebSite\",\"@id\":\"https:\/\/vidahoteles.com\/#website\",\"url\":\"https:\/\/vidahoteles.com\/\",\"name\":\"Vida Hoteles &amp; Apartamentos\",\"description\":\"La cadena hotelera de A Costa da Morte (Galicia)\",\"potentialAction\":[{\"@type\":\"SearchAction\",\"target\":{\"@type\":\"EntryPoint\",\"urlTemplate\":\"https:\/\/vidahoteles.com\/?s={search_term_string}\"},\"query-input\":{\"@type\":\"PropertyValueSpecification\",\"valueRequired\":true,\"valueName\":\"search_term_string\"}}],\"inLanguage\":\"de\"}]}<\/script>\n<!-- \/ Yoast SEO plugin. -->","yoast_head_json":{"title":"Hotels f\u00fcr Gruppen in Galicien - Vida Hoteles &amp; Apartamentos","robots":{"index":"index","follow":"follow","max-snippet":"max-snippet:-1","max-image-preview":"max-image-preview:large","max-video-preview":"max-video-preview:-1"},"canonical":"https:\/\/vidahoteles.com\/hoteles-para-grupos-en-galicia\/","og_locale":"de_DE","og_type":"article","og_title":"Hotels f\u00fcr Gruppen in Galicien - Vida Hoteles &amp; Apartamentos","og_description":"Die Kette VIDA Hotels &amp; Apartments verf\u00fcgt \u00fcber Hotels f\u00fcr Gruppen mit den h\u00f6chsten Qualit\u00e4tsgarantien in Galicien. Sportgruppen, Nachbarschafts- oder [&hellip;]","og_url":"https:\/\/vidahoteles.com\/hoteles-para-grupos-en-galicia\/","og_site_name":"Vida Hoteles &amp; Apartamentos","article_modified_time":"2025-04-24T09:36:17+00:00","og_image":[{"width":1200,"height":900,"url":"https:\/\/vidahoteles.com\/wp-content\/uploads\/2022\/04\/GWF-Rias-Baixas-01.jpg","type":"image\/jpeg"}],"twitter_misc":{"Gesch\u00e4tzte Lesezeit":"1\u00a0Minute"},"schema":{"@context":"https:\/\/schema.org","@graph":[{"@type":"WebPage","@id":"https:\/\/vidahoteles.com\/hoteles-para-grupos-en-galicia\/","url":"https:\/\/vidahoteles.com\/hoteles-para-grupos-en-galicia\/","name":"Hotels f\u00fcr Gruppen in Galicien - Vida Hoteles &amp; Apartamentos","isPartOf":{"@id":"https:\/\/vidahoteles.com\/#website"},"primaryImageOfPage":{"@id":"https:\/\/vidahoteles.com\/hoteles-para-grupos-en-galicia\/#primaryimage"},"image":{"@id":"https:\/\/vidahoteles.com\/hoteles-para-grupos-en-galicia\/#primaryimage"},"thumbnailUrl":"https:\/\/vidahoteles.com\/wp-content\/uploads\/2022\/04\/GWF-Rias-Baixas-01.jpg","datePublished":"2022-04-18T07:53:11+00:00","dateModified":"2025-04-24T09:36:17+00:00","breadcrumb":{"@id":"https:\/\/vidahoteles.com\/hoteles-para-grupos-en-galicia\/#breadcrumb"},"inLanguage":"de","potentialAction":[{"@type":"ReadAction","target":["https:\/\/vidahoteles.com\/hoteles-para-grupos-en-galicia\/"]}]},{"@type":"ImageObject","inLanguage":"de","@id":"https:\/\/vidahoteles.com\/hoteles-para-grupos-en-galicia\/#primaryimage","url":"https:\/\/vidahoteles.com\/wp-content\/uploads\/2022\/04\/GWF-Rias-Baixas-01.jpg","contentUrl":"https:\/\/vidahoteles.com\/wp-content\/uploads\/2022\/04\/GWF-Rias-Baixas-01.jpg","width":1200,"height":900},{"@type":"BreadcrumbList","@id":"https:\/\/vidahoteles.com\/hoteles-para-grupos-en-galicia\/#breadcrumb","itemListElement":[{"@type":"ListItem","position":1,"name":"Portada","item":"https:\/\/vidahoteles.com\/de\/"},{"@type":"ListItem","position":2,"name":"Hotels f\u00fcr Gruppen in Galicien"}]},{"@type":"WebSite","@id":"https:\/\/vidahoteles.com\/#website","url":"https:\/\/vidahoteles.com\/","name":"Vida Hoteles &amp; Apartamentos","description":"La cadena hotelera de A Costa da Morte (Galicia)","potentialAction":[{"@type":"SearchAction","target":{"@type":"EntryPoint","urlTemplate":"https:\/\/vidahoteles.com\/?s={search_term_string}"},"query-input":{"@type":"PropertyValueSpecification","valueRequired":true,"valueName":"search_term_string"}}],"inLanguage":"de"}]}},"_links":{"self":[{"href":"https:\/\/vidahoteles.com\/de\/wp-json\/wp\/v2\/pages\/9215","targetHints":{"allow":["GET"]}}],"collection":[{"href":"https:\/\/vidahoteles.com\/de\/wp-json\/wp\/v2\/pages"}],"about":[{"href":"https:\/\/vidahoteles.com\/de\/wp-json\/wp\/v2\/types\/page"}],"author":[{"embeddable":true,"href":"https:\/\/vidahoteles.com\/de\/wp-json\/wp\/v2\/users\/2"}],"replies":[{"embeddable":true,"href":"https:\/\/vidahoteles.com\/de\/wp-json\/wp\/v2\/comments?post=9215"}],"version-history":[{"count":6,"href":"https:\/\/vidahoteles.com\/de\/wp-json\/wp\/v2\/pages\/9215\/revisions"}],"predecessor-version":[{"id":14627,"href":"https:\/\/vidahoteles.com\/de\/wp-json\/wp\/v2\/pages\/9215\/revisions\/14627"}],"wp:featuredmedia":[{"embeddable":true,"href":"https:\/\/vidahoteles.com\/de\/wp-json\/wp\/v2\/media\/9244"}],"wp:attachment":[{"href":"https:\/\/vidahoteles.com\/de\/wp-json\/wp\/v2\/media?parent=9215"}],"curies":[{"name":"wp","href":"https:\/\/api.w.org\/{rel}","templated":true}]}}