{"id":3053,"date":"2015-10-24T13:00:16","date_gmt":"2015-10-24T13:00:16","guid":{"rendered":"https:\/\/vidahoteles.com\/en\/apartamentos-vida-mardelaxe\/"},"modified":"2025-04-11T10:31:10","modified_gmt":"2025-04-11T10:31:10","slug":"apartments-vida-mardelaxe","status":"publish","type":"page","link":"https:\/\/vidahoteles.com\/en\/apartments-vida-mardelaxe\/","title":{"rendered":"Apartments VIDA Mar de Laxe ***"},"content":{"rendered":"<p><script type=\"text\/javascript\">\n\t$(document).ready(function(){ \n\t\t$.datepicker.regional[\"en\"] = {\n\t\t\tcloseText: \"Close\",\n\t\t\tprevText: \"Prev\",\n\t\t\tnextText: \"Next\",\n\t\t\tcurrentText: \"Today\",\n\t\t\tmonthNames: [ \"January\",\"February\",\"March\",\"April\",\"May\",\"June\",\n\t\t\t\"July\",\"August\",\"Setember\",\"October\",\"November\",\"December\" ],\n\t\t\tmonthNamesShort: [ \"jan\",\"feb\",\"mar\",\"apr\",\"may\",\"jun\",\n\t\t\t\"jul\",\"aug\",\"set\",\"oct\",\"nov\",\"dec\" ],\n\t\t\tdayNames: [ \"Sunday\",\"Monday\",\"Tuesday\",\"Wednesday\",\"Thursday\",\"Friday\",\"Saturday\" ],\n\t\t\tdayNamesShort: [ \"sun\",\"mon\",\"tue\",\"wed\",\"thu\",\"fri\",\"sat\" ],\n\t\t\tdayNamesMin: [ \"Su\",\"Mo\",\"Tu\",\"We\",\"Th\",\"Fr\",\"Sa\" ],\n\t\t\tweekHeader: \"Sm\",\n\t\t\tdateFormat: \"dd\/mm\/yy\",\n\t\t\tfirstDay: 0,\n\t\t\tisRTL: false,\n\t\t\tshowMonthAfterYear: false,\n\t\t\tyearSuffix: \"\" \n\t\t};\n$.datepicker.setDefaults( $.datepicker.regional[ \"en\" ] );\n\t});\n<\/script><\/p>\n<div style=\"background-color: #dddddd; padding: 2px; text-align: center;\">\n<form id=\"bookform\" action=\"https:\/\/www.vidahoteles.com\/en\/bookings\/\" method=\"get\"><input name=\"fullintegration\" type=\"hidden\" value=\"1\"><input name=\"fitparent\" type=\"hidden\" value=\"1\"><input name=\"vscroll\" type=\"hidden\" value=\"1\"><input id=\"skin\" name=\"skin\" type=\"hidden\" value=\"vidahot\"><input name=\"idiomaid\" type=\"hidden\" value=\"en\"><input id=\"channelkey\" name=\"channelkey\" type=\"hidden\" value=\"60B01B50-4CA0-47AD-E053-8226C60AF607\"><span style=\"font-size: 20px;\"><strong>BOOKING ONLINE (BEST PRICE GUARANTEED)<\/strong><\/span><br \/>\n<span style=\"font-size: 17px;\"><strong>Check-In:<\/strong><\/span><input id=\"desde\" style=\"background-color: #fff; color: #000;\" name=\"desde\" size=\"8\" type=\"text\" readonly=\"true\"><span style=\"font-size: 17px;\">&nbsp;&nbsp;&nbsp;<strong>Check-Out:<\/strong><\/span><input id=\"hasta\" style=\"background-color: #fff; color: #000;\" name=\"hasta\" size=\"8\" type=\"text\" readonly=\"true\"><span style=\"font-size: 17px;\"><strong>  N\u00ba Apartments: <\/strong><\/span><select id=\"numhab\" style=\"font-size: 15px;\" name=\"numhab\"><option selected=\"selected\" value=\"1\">1<\/option><option value=\"2\">2<\/option><option value=\"3\">3<\/option><\/select><input name=\"adultos\" type=\"hidden\"><input name=\"nenes\" type=\"hidden\"><input name=\"edadnenes\" type=\"hidden\"><\/p>\n<div id=\"habs\" style=\"display: table;\">\n<div id=\"hab1_hab\" style=\"display: table-row;\">\n<\/div>\n<div id=\"hab1_labels\" style=\"display: table-row;\">\n<div style=\"display: table-cell; font-size: 15px;\"><\/div>\n<div style=\"display: table-cell; font-size: 14px;\">Adults<\/div>\n<div style=\"display: table-cell; font-size: 14px;\">Children<\/div>\n<div id=\"edadnenes1_hab1_label\" style=\"display: table-cell; visibility: hidden; font-size: 14px;\">Child1<\/div>\n<div id=\"edadnenes2_hab1_label\" style=\"display: table-cell; visibility: hidden; font-size: 14px;\">Child2<\/div>\n<\/div>\n<div id=\"hab1_frm\" style=\"display: table-row;\">\n<div style=\"display: table-cell; font-size: 15px;\"><strong>Apartment 1:<\/strong><\/div>\n<div style=\"display: table-cell;\"><input id=\"adultos1\" style=\"background-color: #fff; color: #000; font-family:monospace; width:4em;\" max=\"8\" min=\"1\" size=\"2\" type=\"number\"><\/div>\n<div style=\"display: table-cell; padding: 2px;\"><input id=\"nenes1\" style=\"background-color: #fff; color: #000; font-family:monospace; width:4em;\" max=\"2\" min=\"0\" size=\"2\" type=\"number\"><\/div>\n<div id=\"edadnenes1_hab1_div\" style=\"display: table-cell; visibility: hidden; padding: 2px;\"><input id=\"edadnenes1_hab1\" style=\"background-color: #fff; color: #000; font-family:monospace; width:4em;\" max=\"16\" min=\"0\" size=\"2\" type=\"number\"><\/div>\n<div id=\"edadnenes2_hab1_div\" style=\"display: table-cell; visibility: hidden; padding: 2px;\"><input id=\"edadnenes2_hab1\" style=\"background-color: #fff; color: #000; font-family:monospace; width:4em;\" max=\"16\" min=\"0\" size=\"2\" type=\"number\"><\/div>\n<\/div>\n<div id=\"hab2_hab\" style=\"display: none;\">\n<\/div>\n<div id=\"hab2_labels\" style=\"display: none;\">\n<div style=\"display: table-cell; font-size: 15px;\"><\/div>\n<div style=\"display: table-cell; font-size: 14px;\">Adults<\/div>\n<div style=\"display: table-cell; font-size: 14px;\">Children<\/div>\n<div id=\"edadnenes1_hab2_label\" style=\"display: table-cell; visibility: hidden; font-size: 14px;\">Child1<\/div>\n<div id=\"edadnenes2_hab2_label\" style=\"display: table-cell; visibility: hidden; font-size: 14px;\">Child2<\/div>\n<\/div>\n<div id=\"hab2_frm\" style=\"display: none;\">\n<div style=\"display: table-cell; font-size: 15px;\"><strong>Apartment 2:<\/strong><\/div>\n<div style=\"display: table-cell;\"><input id=\"adultos2\" style=\"background-color: #fff; color: #000; font-family:monospace; width:4em;\" max=\"8\" min=\"1\" size=\"2\" type=\"number\"><\/div>\n<div style=\"display: table-cell; padding: 2px;\"><input id=\"nenes2\" style=\"background-color: #fff; color: #000; font-family:monospace; width:4em;\" max=\"2\" min=\"0\" size=\"2\" type=\"number\"><\/div>\n<div id=\"edadnenes1_hab2_div\" style=\"display: table-cell; visibility: hidden; padding: 2px;\"><input id=\"edadnenes1_hab2\" style=\"background-color: #fff; color: #000; font-family:monospace; width:4em;\" max=\"16\" min=\"0\" size=\"2\" type=\"number\"><\/div>\n<div id=\"edadnenes2_hab2_div\" style=\"display: table-cell; visibility: hidden; padding: 2px;\"><input id=\"edadnenes2_hab2\" style=\"background-color: #fff; color: #000; font-family:monospace; width:4em;\" max=\"16\" min=\"0\" size=\"2\" type=\"number\"><\/div>\n<\/div>\n<div id=\"hab3_hab\" style=\"display: none;\">\n<\/div>\n<div id=\"hab3_labels\" style=\"display: none;\">\n<div style=\"display: table-cell; font-size: 15px;\"><\/div>\n<div style=\"display: table-cell; font-size: 14px;\">Adults<\/div>\n<div style=\"display: table-cell; font-size: 14px;\">Children<\/div>\n<div id=\"edadnenes1_hab3_label\" style=\"display: table-cell; visibility: hidden; font-size: 14px;\">Child1<\/div>\n<div id=\"edadnenes2_hab3_label\" style=\"display: table-cell; visibility: hidden; font-size: 14px;\">Child2<\/div>\n<\/div>\n<div id=\"hab3_frm\" style=\"display: none;\">\n<div style=\"display: table-cell; font-size: 15px;\"><strong>Apartment 3:<\/strong><\/div>\n<div style=\"display: table-cell;\"><input id=\"adultos3\" style=\"background-color: #fff; color: #000; font-family:monospace; width:4em;\" max=\"8\" min=\"1\" size=\"2\" type=\"number\"><\/div>\n<div style=\"display: table-cell; padding: 2px;\"><input id=\"nenes3\" style=\"background-color: #fff; color: #000; font-family:monospace; width:4em;\" max=\"2\" min=\"0\" size=\"2\" type=\"number\"><\/div>\n<div id=\"edadnenes1_hab3_div\" style=\"display: table-cell; visibility: hidden; padding: 2px;\"><input id=\"edadnenes1_hab3\" style=\"background-color: #fff; color: #000; font-family:monospace; width:4em;\" max=\"16\" min=\"0\" size=\"2\" type=\"number\"><\/div>\n<div id=\"edadnenes2_hab3_div\" style=\"display: table-cell; visibility: hidden; padding: 2px;\"><input id=\"edadnenes2_hab3\" style=\"background-color: #fff; color: #000; font-family:monospace; width:4em;\" max=\"16\" min=\"0\" size=\"2\" type=\"number\"><\/div>\n<\/div>\n<\/div>\n<p><input style=\"margin-top: 10px; font-size: 24px;\" type=\"submit\" value=\"SEARCH\"><br \/>\n<\/form>\n<\/div>\n\n\n\n<p><strong>Apartments VIDA Mar de Laxe<\/strong>&nbsp;are located in the center of Laxe, one of the most picturesque towns on the Galician coast, 40 meters far from a beautiful 2 km beach and surrounded by all services (cafes, restaurants, supermarkets\u2026).<\/p>\n\n\n<p><center><iframe width=\"800\" height=\"450\" src=\"https:\/\/www.youtube.com\/embed\/eQwbP-hyzws\" title=\"YouTube video player\" frameborder=\"0\" allow=\"accelerometer; autoplay; clipboard-write; encrypted-media; gyroscope; picture-in-picture\" allowfullscreen=\"\"><\/iframe><\/center><\/p>\n\n\n\n<p>Laxe, located in the heart of one of the most beautiful places of this peninsula, is perfect to take it as a starting point to know the entire coast. Besides, Laxe is 45 minutes far from the city of A Coru\u00f1a (by motorway), and 70 minutes far from Santiago de Compostela.<\/p>\n\n\nngg_shortcode_0_placeholder\n\n\n\n<h4 class=\"wp-block-heading\"><strong>DESCRIPTION APARTMENTS VIDA&nbsp;MAR DE LAXE<\/strong><\/h4>\n\n\nngg_shortcode_1_placeholder\n\n\n\n<ul class=\"wp-block-list\">\n<li><strong>1 bedroom apartment<\/strong> (maximum capacity for 4 people), with 1 double room, kitchen-living room with double sofa-bed (135 cm) and bathroom.<\/li>\n\n\n\n<li><strong>1 bedroom apartment Seaview <\/strong>(maximum capacity for 4 people), with 1 double room, kitchen-living room with double sofa-bed (135 cm) and bathroom.<\/li>\n\n\n\n<li><strong>2 bedroom apartment<\/strong> (maximum capacity for 5 people), with 2 double rooms, kitchen-living room with sofa-bed and bathroom.<\/li>\n\n\n\n<li><strong>2 bedroom apartment<\/strong> <strong>Seaview<\/strong> (maximum capacity for 5 people), with 2 double rooms, kitchen-living room with sofa-bed and bathroom.<\/li>\n\n\n\n<li><strong>3 bedroom apartment<\/strong> (maximum capacity for 7 people), with 3 double rooms, living room with sofa bed, kitchen and 2 bathrooms.<\/li>\n\n\n\n<li><strong>3 bedroom apartment<\/strong> <strong>Seaview<\/strong> (maximum capacity for 7 people), with 3 double rooms, living room with sofa bed, kitchen and 2 bathrooms.<\/li>\n<\/ul>\n\n\nngg_shortcode_2_placeholder\n\n\n\n<p>All apartments are fully equipped with sheets, towels, cutlery, crockery, kitchenware, ceramic hob, oven, fridge, microwave, moka coffee maker, blender, electric juicer, toaster, washing machine, iron and ironing board, hair dryer , LCD TV (one TV in 1 bedroom apartment, and 2 TV in 2 and 3 bedroom apartments), air conditioning, heating, free WIFI and free cradle ( on request)<\/p>\n\n\nngg_shortcode_3_placeholder\n\n\n\n<h4 class=\"wp-block-heading\"><strong>FACILITIES APARTMENTS VIDA&nbsp;MAR DE LAXE<\/strong><\/h4>\n\n\nngg_shortcode_4_placeholder\n\n\n\n<p>The apartments have also a reception, social lounge, caf\u00e9, restaurant, chill-out lounge, Internet access, free WiFi, garage (payment at the hotel), tourist information of the area and cloakroom.<\/p>\n\n\nngg_shortcode_5_placeholder\n\n\n\n<h4 class=\"wp-block-heading\"><strong>LOCATION APARTMENTS VIDA&nbsp;MAR DE LAXE<\/strong><\/h4>\n\n\n\n<center><iframe style=\"border: 0;\" src=\"https:\/\/www.google.com\/maps\/embed?pb=!1m18!1m12!1m3!1d3321.503549940871!2d-9.00738868451631!3d43.21885997913866!2m3!1f0!2f0!3f0!3m2!1i1024!2i768!4f13.1!3m3!1m2!1s0xd2eba0ef18a8c69%3A0x5108d2b8b729f7bd!2sHotel+VIDA+Mar+de+Laxe!5e1!3m2!1ses!2ses!4v1511263418988\" allowfullscreen=\"allowfullscreen\" width=\"800\" height=\"600\" frameborder=\"0\"><\/iframe><\/center>\n\n\n\n<p class=\"has-text-align-center has-background\" style=\"background-color:#dddddd\"><strong>APARTMENTS VIDA MAR DE LAXE<br><\/strong>R\u00faa Rosal\u00eda de Castro, 64 &#8211;&nbsp;Laxe (A Coru\u00f1a)<br>Phone Reservations &amp; Commercial: 0034 881098207<br>@: <a href=\"mailto:reservas@vidahoteles.com\">reservas@vidahoteles.com<\/a><br>GPS coordinates: 43.218953 \/ -9.005204<\/p>\n\n\n\n<h4 class=\"wp-block-heading\"><strong>REVIEWS APARTMENTS VIDA&nbsp;MAR DE LAXE<\/strong> <\/h4>\n\n\n\n<div class=\"wp-block-columns is-layout-flex wp-container-core-columns-is-layout-1 wp-block-columns-is-layout-flex\">\n<div class=\"wp-block-column is-layout-flow wp-block-column-is-layout-flow\">\n<div class=\"wp-block-image\"><figure class=\"aligncenter size-medium\"><img decoding=\"async\" width=\"300\" height=\"55\" src=\"https:\/\/vidahoteles.com\/wp-content\/uploads\/2020\/05\/booking-1-300x55.jpg\" alt=\"\" class=\"wp-image-5055\" srcset=\"https:\/\/vidahoteles.com\/wp-content\/uploads\/2020\/05\/booking-1-300x55.jpg 300w, https:\/\/vidahoteles.com\/wp-content\/uploads\/2020\/05\/booking-1.jpg 731w\" sizes=\"(max-width: 300px) 100vw, 300px\" \/><\/figure><\/div>\n\n\n\n<p class=\"has-text-align-center has-text-color\" style=\"color:#1e427e;font-size:92px\">9.4<\/p>\n<\/div>\n\n\n\n<div class=\"wp-block-column is-layout-flow wp-block-column-is-layout-flow\">\n<div id=\"TA_selfserveprop992\" class=\"TA_selfserveprop\"><ul id=\"8dBGDX\" class=\"TA_links 20yXERJSVpxu\"><li id=\"MiRQoO6xlB\" class=\"difTRo2q4\"><a target=\"_blank\" href=\"https:\/\/www.tripadvisor.co.uk\/Hotel_Review-g1082745-d13431515-Reviews-Hotel_Apartments_VIDA_Mar_de_Laxe-Laxe_Province_of_A_Coruna_Galicia.html\" rel=\"noopener noreferrer\"><img decoding=\"async\" src=\"https:\/\/www.tripadvisor.co.uk\/img\/cdsi\/img2\/branding\/v2\/Tripadvisor_lockup_horizontal_secondary_registered-11900-2.svg\" alt=\"TripAdvisor\"><\/a><\/li><\/ul><\/div><script async=\"\" src=\"https:\/\/www.jscache.com\/wejs?wtype=selfserveprop&amp;uniq=992&amp;locationId=13431515&amp;lang=en_UK&amp;rating=true&amp;nreviews=5&amp;writereviewlink=true&amp;popIdx=true&amp;iswide=false&amp;border=true&amp;display_version=2\" data-loadtrk=\"\" onload=\"this.loadtrk=true\"><\/script>\n\n\n<\/div>\n<\/div>\n\n\n\n<h4 class=\"wp-block-heading\"><strong>IMAGES APARTMENTS VIDA&nbsp;MAR DE LAXE<\/strong> <\/h4>\n\n\n\nngg_shortcode_6_placeholder\n\n\n\n<h4 class=\"wp-block-heading\">THINGS TO DO IN LAXE<\/h4>\n\n\n<p><center><div class=\"pt-cv-wrapper\"><div class=\"pt-cv-view pt-cv-grid pt-cv-colsys\" id=\"pt-cv-view-8985e0btyj\"><div data-id=\"pt-cv-page-1\" class=\"pt-cv-page\" data-cvc=\"1\"><div class=\"col-md-12 col-sm-12 col-xs-12 pt-cv-content-item pt-cv-1-col\" ><div class='pt-cv-ifield'><a href=\"https:\/\/vidahoteles.com\/en\/laxe\/\" class=\"_self pt-cv-href-thumbnail pt-cv-thumb-default\" target=\"_self\" ><img fetchpriority=\"high\" decoding=\"async\" width=\"672\" height=\"372\" src=\"https:\/\/vidahoteles.com\/wp-content\/uploads\/ngg_featured\/Laxe-001-672x372.jpg\" class=\"pt-cv-thumbnail\" alt=\"\" srcset=\"https:\/\/vidahoteles.com\/wp-content\/uploads\/ngg_featured\/Laxe-001-672x372.jpg 672w, https:\/\/vidahoteles.com\/wp-content\/uploads\/ngg_featured\/Laxe-001-1038x576.jpg 1038w\" sizes=\"(max-width: 672px) 100vw, 672px\" \/><\/a>\n<div class=\"pt-cv-content\">Welcome to Laxe, one of the most beautiful coastal towns on the Galician coast. Laxe stands out due to its location, in the geographical centre of A Costa da Morte, due to its 2 km long beach in the town-centre surrounded by an inspiring seaside promenade, and because of its typical fishing port, with fishing boats going and coming throughout the day. All this makes Laxe an exceptional and charming place to spend your holiday. As in all our indications, the following information is based on our experience and the experience of our customers. SITUATION Laxe is located in the ...<br \/><div class=\"pt-cv-rmwrap\"><a href=\"https:\/\/vidahoteles.com\/en\/laxe\/\" class=\"_self pt-cv-readmore btn btn-success\" target=\"_self\">Leer M\u00e1s<\/a><\/div><\/div><\/div><\/div><\/div><\/div><\/div><\/center><\/p>\n<div class=\"gsp_post_data\" \r\n\t            data-post_type=\"page\" \r\n\t            data-cat=\"\" \r\n\t            data-modified=\"120\"\r\n\t            data-created=\"1445691616\"\r\n\t            data-title=\"Apartments VIDA Mar de Laxe ***\" \r\n\t            data-home=\"https:\/\/vidahoteles.com\/en\/\"><\/div>","protected":false},"excerpt":{"rendered":"<p>Apartments VIDA Mar de Laxe&nbsp;are located in the center of Laxe, one of the most picturesque towns on the Galician [&hellip;]<\/p>\n","protected":false},"author":1,"featured_media":3059,"parent":0,"menu_order":330,"comment_status":"closed","ping_status":"closed","template":"","meta":{"site-sidebar-layout":"default","site-content-layout":"","ast-site-content-layout":"default","site-content-style":"default","site-sidebar-style":"default","ast-global-header-display":"","ast-banner-title-visibility":"","ast-main-header-display":"","ast-hfb-above-header-display":"","ast-hfb-below-header-display":"","ast-hfb-mobile-header-display":"","site-post-title":"","ast-breadcrumbs-content":"","ast-featured-img":"","footer-sml-layout":"","ast-disable-related-posts":"","theme-transparent-header-meta":"","adv-header-id-meta":"","stick-header-meta":"","header-above-stick-meta":"","header-main-stick-meta":"","header-below-stick-meta":"","astra-migrate-meta-layouts":"default","ast-page-background-enabled":"default","ast-page-background-meta":{"desktop":{"background-color":"var(--ast-global-color-4)","background-image":"","background-repeat":"repeat","background-position":"center center","background-size":"auto","background-attachment":"scroll","background-type":"","background-media":"","overlay-type":"","overlay-color":"","overlay-opacity":"","overlay-gradient":""},"tablet":{"background-color":"","background-image":"","background-repeat":"repeat","background-position":"center center","background-size":"auto","background-attachment":"scroll","background-type":"","background-media":"","overlay-type":"","overlay-color":"","overlay-opacity":"","overlay-gradient":""},"mobile":{"background-color":"","background-image":"","background-repeat":"repeat","background-position":"center center","background-size":"auto","background-attachment":"scroll","background-type":"","background-media":"","overlay-type":"","overlay-color":"","overlay-opacity":"","overlay-gradient":""}},"ast-content-background-meta":{"desktop":{"background-color":"var(--ast-global-color-5)","background-image":"","background-repeat":"repeat","background-position":"center center","background-size":"auto","background-attachment":"scroll","background-type":"","background-media":"","overlay-type":"","overlay-color":"","overlay-opacity":"","overlay-gradient":""},"tablet":{"background-color":"var(--ast-global-color-5)","background-image":"","background-repeat":"repeat","background-position":"center center","background-size":"auto","background-attachment":"scroll","background-type":"","background-media":"","overlay-type":"","overlay-color":"","overlay-opacity":"","overlay-gradient":""},"mobile":{"background-color":"var(--ast-global-color-5)","background-image":"","background-repeat":"repeat","background-position":"center center","background-size":"auto","background-attachment":"scroll","background-type":"","background-media":"","overlay-type":"","overlay-color":"","overlay-opacity":"","overlay-gradient":""}},"ngg_post_thumbnail":0,"_jet_sm_ready_style":"","_jet_sm_style":"","_jet_sm_controls_values":"","_jet_sm_fonts_collection":"","_jet_sm_fonts_links":"","footnotes":""},"class_list":["post-3053","page","type-page","status-publish","has-post-thumbnail","hentry"],"yoast_head":"<!-- This site is optimized with the Yoast SEO plugin v24.8.1 - https:\/\/yoast.com\/wordpress\/plugins\/seo\/ -->\n<title>Apartments VIDA Mar de Laxe *** - Vida Hoteles &amp; Apartamentos<\/title>\n<meta name=\"robots\" content=\"index, follow, max-snippet:-1, max-image-preview:large, max-video-preview:-1\" \/>\n<link rel=\"canonical\" href=\"https:\/\/vidahoteles.com\/en\/apartments-vida-mardelaxe\/\" \/>\n<meta property=\"og:locale\" content=\"en_US\" \/>\n<meta property=\"og:type\" content=\"article\" \/>\n<meta property=\"og:title\" content=\"Apartments VIDA Mar de Laxe *** - Vida Hoteles &amp; Apartamentos\" \/>\n<meta property=\"og:description\" content=\"Apartments VIDA Mar de Laxe&nbsp;are located in the center of Laxe, one of the most picturesque towns on the Galician [&hellip;]\" \/>\n<meta property=\"og:url\" content=\"https:\/\/vidahoteles.com\/en\/apartments-vida-mardelaxe\/\" \/>\n<meta property=\"og:site_name\" content=\"Vida Hoteles &amp; Apartamentos\" \/>\n<meta property=\"article:modified_time\" content=\"2025-04-11T10:31:10+00:00\" \/>\n<meta property=\"og:image\" content=\"https:\/\/vidahoteles.com\/wp-content\/uploads\/ngg_featured\/Apartamentos-VIDA-Mar-de-Laxe-00.jpg\" \/>\n\t<meta property=\"og:image:width\" content=\"2400\" \/>\n\t<meta property=\"og:image:height\" content=\"1799\" \/>\n\t<meta property=\"og:image:type\" content=\"image\/jpeg\" \/>\n<meta name=\"twitter:label1\" content=\"Est. reading time\" \/>\n\t<meta name=\"twitter:data1\" content=\"5 minutes\" \/>\n<script type=\"application\/ld+json\" class=\"yoast-schema-graph\">{\"@context\":\"https:\/\/schema.org\",\"@graph\":[{\"@type\":\"WebPage\",\"@id\":\"https:\/\/vidahoteles.com\/en\/apartments-vida-mardelaxe\/\",\"url\":\"https:\/\/vidahoteles.com\/en\/apartments-vida-mardelaxe\/\",\"name\":\"Apartments VIDA Mar de Laxe *** - Vida Hoteles &amp; Apartamentos\",\"isPartOf\":{\"@id\":\"https:\/\/vidahoteles.com\/#website\"},\"primaryImageOfPage\":{\"@id\":\"https:\/\/vidahoteles.com\/en\/apartments-vida-mardelaxe\/#primaryimage\"},\"image\":{\"@id\":\"https:\/\/vidahoteles.com\/en\/apartments-vida-mardelaxe\/#primaryimage\"},\"thumbnailUrl\":\"https:\/\/vidahoteles.com\/wp-content\/uploads\/ngg_featured\/Apartamentos-VIDA-Mar-de-Laxe-00.jpg\",\"datePublished\":\"2015-10-24T13:00:16+00:00\",\"dateModified\":\"2025-04-11T10:31:10+00:00\",\"breadcrumb\":{\"@id\":\"https:\/\/vidahoteles.com\/en\/apartments-vida-mardelaxe\/#breadcrumb\"},\"inLanguage\":\"en-US\",\"potentialAction\":[{\"@type\":\"ReadAction\",\"target\":[\"https:\/\/vidahoteles.com\/en\/apartments-vida-mardelaxe\/\"]}]},{\"@type\":\"ImageObject\",\"inLanguage\":\"en-US\",\"@id\":\"https:\/\/vidahoteles.com\/en\/apartments-vida-mardelaxe\/#primaryimage\",\"url\":\"https:\/\/vidahoteles.com\/wp-content\/uploads\/ngg_featured\/Apartamentos-VIDA-Mar-de-Laxe-00.jpg\",\"contentUrl\":\"https:\/\/vidahoteles.com\/wp-content\/uploads\/ngg_featured\/Apartamentos-VIDA-Mar-de-Laxe-00.jpg\",\"width\":2400,\"height\":1799},{\"@type\":\"BreadcrumbList\",\"@id\":\"https:\/\/vidahoteles.com\/en\/apartments-vida-mardelaxe\/#breadcrumb\",\"itemListElement\":[{\"@type\":\"ListItem\",\"position\":1,\"name\":\"Portada\",\"item\":\"https:\/\/vidahoteles.com\/en\/\"},{\"@type\":\"ListItem\",\"position\":2,\"name\":\"Apartments VIDA Mar de Laxe ***\"}]},{\"@type\":\"WebSite\",\"@id\":\"https:\/\/vidahoteles.com\/#website\",\"url\":\"https:\/\/vidahoteles.com\/\",\"name\":\"Vida Hoteles &amp; Apartamentos\",\"description\":\"La cadena hotelera de A Costa da Morte (Galicia)\",\"potentialAction\":[{\"@type\":\"SearchAction\",\"target\":{\"@type\":\"EntryPoint\",\"urlTemplate\":\"https:\/\/vidahoteles.com\/?s={search_term_string}\"},\"query-input\":{\"@type\":\"PropertyValueSpecification\",\"valueRequired\":true,\"valueName\":\"search_term_string\"}}],\"inLanguage\":\"en-US\"}]}<\/script>\n<!-- \/ Yoast SEO plugin. -->","yoast_head_json":{"title":"Apartments VIDA Mar de Laxe *** - Vida Hoteles &amp; Apartamentos","robots":{"index":"index","follow":"follow","max-snippet":"max-snippet:-1","max-image-preview":"max-image-preview:large","max-video-preview":"max-video-preview:-1"},"canonical":"https:\/\/vidahoteles.com\/en\/apartments-vida-mardelaxe\/","og_locale":"en_US","og_type":"article","og_title":"Apartments VIDA Mar de Laxe *** - Vida Hoteles &amp; Apartamentos","og_description":"Apartments VIDA Mar de Laxe&nbsp;are located in the center of Laxe, one of the most picturesque towns on the Galician [&hellip;]","og_url":"https:\/\/vidahoteles.com\/en\/apartments-vida-mardelaxe\/","og_site_name":"Vida Hoteles &amp; Apartamentos","article_modified_time":"2025-04-11T10:31:10+00:00","og_image":[{"width":2400,"height":1799,"url":"https:\/\/vidahoteles.com\/wp-content\/uploads\/ngg_featured\/Apartamentos-VIDA-Mar-de-Laxe-00.jpg","type":"image\/jpeg"}],"twitter_misc":{"Est. reading time":"5 minutes"},"schema":{"@context":"https:\/\/schema.org","@graph":[{"@type":"WebPage","@id":"https:\/\/vidahoteles.com\/en\/apartments-vida-mardelaxe\/","url":"https:\/\/vidahoteles.com\/en\/apartments-vida-mardelaxe\/","name":"Apartments VIDA Mar de Laxe *** - Vida Hoteles &amp; Apartamentos","isPartOf":{"@id":"https:\/\/vidahoteles.com\/#website"},"primaryImageOfPage":{"@id":"https:\/\/vidahoteles.com\/en\/apartments-vida-mardelaxe\/#primaryimage"},"image":{"@id":"https:\/\/vidahoteles.com\/en\/apartments-vida-mardelaxe\/#primaryimage"},"thumbnailUrl":"https:\/\/vidahoteles.com\/wp-content\/uploads\/ngg_featured\/Apartamentos-VIDA-Mar-de-Laxe-00.jpg","datePublished":"2015-10-24T13:00:16+00:00","dateModified":"2025-04-11T10:31:10+00:00","breadcrumb":{"@id":"https:\/\/vidahoteles.com\/en\/apartments-vida-mardelaxe\/#breadcrumb"},"inLanguage":"en-US","potentialAction":[{"@type":"ReadAction","target":["https:\/\/vidahoteles.com\/en\/apartments-vida-mardelaxe\/"]}]},{"@type":"ImageObject","inLanguage":"en-US","@id":"https:\/\/vidahoteles.com\/en\/apartments-vida-mardelaxe\/#primaryimage","url":"https:\/\/vidahoteles.com\/wp-content\/uploads\/ngg_featured\/Apartamentos-VIDA-Mar-de-Laxe-00.jpg","contentUrl":"https:\/\/vidahoteles.com\/wp-content\/uploads\/ngg_featured\/Apartamentos-VIDA-Mar-de-Laxe-00.jpg","width":2400,"height":1799},{"@type":"BreadcrumbList","@id":"https:\/\/vidahoteles.com\/en\/apartments-vida-mardelaxe\/#breadcrumb","itemListElement":[{"@type":"ListItem","position":1,"name":"Portada","item":"https:\/\/vidahoteles.com\/en\/"},{"@type":"ListItem","position":2,"name":"Apartments VIDA Mar de Laxe ***"}]},{"@type":"WebSite","@id":"https:\/\/vidahoteles.com\/#website","url":"https:\/\/vidahoteles.com\/","name":"Vida Hoteles &amp; Apartamentos","description":"La cadena hotelera de A Costa da Morte (Galicia)","potentialAction":[{"@type":"SearchAction","target":{"@type":"EntryPoint","urlTemplate":"https:\/\/vidahoteles.com\/?s={search_term_string}"},"query-input":{"@type":"PropertyValueSpecification","valueRequired":true,"valueName":"search_term_string"}}],"inLanguage":"en-US"}]}},"_links":{"self":[{"href":"https:\/\/vidahoteles.com\/en\/wp-json\/wp\/v2\/pages\/3053","targetHints":{"allow":["GET"]}}],"collection":[{"href":"https:\/\/vidahoteles.com\/en\/wp-json\/wp\/v2\/pages"}],"about":[{"href":"https:\/\/vidahoteles.com\/en\/wp-json\/wp\/v2\/types\/page"}],"author":[{"embeddable":true,"href":"https:\/\/vidahoteles.com\/en\/wp-json\/wp\/v2\/users\/1"}],"replies":[{"embeddable":true,"href":"https:\/\/vidahoteles.com\/en\/wp-json\/wp\/v2\/comments?post=3053"}],"version-history":[{"count":34,"href":"https:\/\/vidahoteles.com\/en\/wp-json\/wp\/v2\/pages\/3053\/revisions"}],"predecessor-version":[{"id":12195,"href":"https:\/\/vidahoteles.com\/en\/wp-json\/wp\/v2\/pages\/3053\/revisions\/12195"}],"wp:featuredmedia":[{"embeddable":true,"href":"https:\/\/vidahoteles.com\/en\/wp-json\/wp\/v2\/media\/3059"}],"wp:attachment":[{"href":"https:\/\/vidahoteles.com\/en\/wp-json\/wp\/v2\/media?parent=3053"}],"curies":[{"name":"wp","href":"https:\/\/api.w.org\/{rel}","templated":true}]}}