{"id":1973,"date":"2015-10-24T05:00:22","date_gmt":"2015-10-24T05:00:22","guid":{"rendered":"https:\/\/vidahoteles.com\/fr\/apartamentos-vida-versus\/"},"modified":"2025-04-11T13:10:14","modified_gmt":"2025-04-11T13:10:14","slug":"appartements-vida-versus","status":"publish","type":"page","link":"https:\/\/vidahoteles.com\/fr\/appartements-vida-versus\/","title":{"rendered":"Appartements VIDA Versus"},"content":{"rendered":"<p><script type=\"text\/javascript\">\n\t$(document).ready(function(){ \n\t\t$.datepicker.regional[\"fr\"] = {\n\t\t\tcloseText: \"Fermer\",\n\t\t\tprevText: \"Pr\u00e9\",\n\t\t\tnextText: \"Next\",\n\t\t\tcurrentText: \"Aujourd'hui\",\n\t\t\tmonthNames: [ \"Janvier\",\"F\u00e9vrier\",\"Mars\",\"Avril\",\"Mai\",\"Juin\",\"Juillet\",\"Ao\u00fbt\",\"Septembre\",\"Octobre\",\"Novembre\",\"D\u00e9cembre\" ],\n\t\t\tmonthNamesShort: [ \"jan\",\"fev\",\"mar\",\"avr\",\"mai\",\"jun\",\"jul\",\"aou\",\"sep\",\"oct\",\"nov\",\"dec\" ],\n\t\t\tdayNames: [ \"dimanche\",\"lundi\",\"mardi\",\"mercredi\",\"jeudi\",\"vendredi\",\"samedi\" ],\n\t\t\tdayNamesShort: [ \"dim\",\"lun\",\"mar\",\"mer\",\"jeu\",\"ven\",\"sam\" ],\n\t\t\tdayNamesMin: [ \"D\",\"L\",\"M\",\"M\",\"J\",\"V\",\"S\" ],\n\t\t\tweekHeader: \"Sm\",\n\t\t\tdateFormat: \"dd\/mm\/yy\",\n\t\t\tfirstDay: 1,\n\t\t\tisRTL: false,\n\t\t\tshowMonthAfterYear: false,\n\t\t\tyearSuffix: \"\" \n\t\t};\n$.datepicker.setDefaults( $.datepicker.regional[ \"fr\" ] );\n\t});\n<\/script><\/p>\n<div style=\"background-color: #dddddd; padding: 2px; text-align: center;\">\n<form id=\"bookform\" action=\"https:\/\/vidahoteles.com\/fr\/reservations\/\" method=\"get\"><input name=\"fullintegration\" type=\"hidden\" value=\"1\"><input name=\"fitparent\" type=\"hidden\" value=\"1\"><input name=\"vscroll\" type=\"hidden\" value=\"1\"><input id=\"skin\" name=\"skin\" type=\"hidden\" value=\"vidahot\"><input name=\"idiomaid\" type=\"hidden\" value=\"fr\"><input id=\"channelkey\" name=\"channelkey\" type=\"hidden\" value=\"490DAE31-6185-1B0E-E053-202BC30ADDB1\"><span style=\"font-size: 20px;\"><strong>R\u00c9SERVATION EN LIGNE (MEILLEUR PRIX GARANTI)<\/strong><\/span><br \/>\n<span style=\"font-size: 17px;\"><strong>Check-In:<\/strong><\/span><input id=\"desde\" style=\"background-color: #fff; color: #000;\" name=\"desde\" size=\"8\" type=\"text\" readonly=\"true\"><span style=\"font-size: 17px;\">&nbsp;&nbsp;&nbsp;<strong>Check-Out:<\/strong><\/span><input id=\"hasta\" style=\"background-color: #fff; color: #000;\" name=\"hasta\" size=\"8\" type=\"text\" readonly=\"true\"><span style=\"font-size: 17px;\"><strong>  N\u00ba Appartements: <\/strong><\/span><select id=\"numhab\" style=\"font-size: 15px;\" name=\"numhab\"><option selected=\"selected\" value=\"1\">1<\/option><option value=\"2\">2<\/option><option value=\"3\">3<\/option><\/select><input name=\"adultos\" type=\"hidden\"><input name=\"nenes\" type=\"hidden\"><input name=\"edadnenes\" type=\"hidden\"><\/p>\n<div id=\"habs\" style=\"display: table;\">\n<div id=\"hab1_hab\" style=\"display: table-row;\">\n<\/div>\n<div id=\"hab1_labels\" style=\"display: table-row;\">\n<div style=\"display: table-cell; font-size: 15px;\"><\/div>\n<div style=\"display: table-cell; font-size: 14px;\">Adultes<\/div>\n<div style=\"display: table-cell; font-size: 14px;\">Enfants<\/div>\n<div id=\"edadnenes1_hab1_label\" style=\"display: table-cell; visibility: hidden; font-size: 14px;\">Enf 1<\/div>\n<div id=\"edadnenes2_hab1_label\" style=\"display: table-cell; visibility: hidden; font-size: 14px;\">Enf 2<\/div>\n<\/div>\n<div id=\"hab1_frm\" style=\"display: table-row;\">\n<div style=\"display: table-cell; font-size: 15px;\"><strong>Appartement 1:<\/strong><\/div>\n<div style=\"display: table-cell;\"><input id=\"adultos1\" style=\"background-color: #fff; color: #000; font-family:monospace; width:4em;\" max=\"5\" min=\"1\" size=\"2\" type=\"number\"><\/div>\n<div style=\"display: table-cell; padding: 2px;\"><input id=\"nenes1\" style=\"background-color: #fff; color: #000; font-family:monospace; width:4em;\" max=\"2\" min=\"0\" size=\"2\" type=\"number\"><\/div>\n<div id=\"edadnenes1_hab1_div\" style=\"display: table-cell; visibility: hidden; padding: 2px;\"><input id=\"edadnenes1_hab1\" style=\"background-color: #fff; color: #000; font-family:monospace; width:4em;\" max=\"12\" min=\"0\" size=\"2\" type=\"number\"><\/div>\n<div id=\"edadnenes2_hab1_div\" style=\"display: table-cell; visibility: hidden; padding: 2px;\"><input id=\"edadnenes2_hab1\" style=\"background-color: #fff; color: #000; font-family:monospace; width:4em;\" max=\"12\" min=\"0\" size=\"2\" type=\"number\"><\/div>\n<\/div>\n<div id=\"hab2_hab\" style=\"display: none;\">\n<\/div>\n<div id=\"hab2_labels\" style=\"display: none;\">\n<div style=\"display: table-cell; font-size: 15px;\"><\/div>\n<div style=\"display: table-cell; font-size: 14px;\">Adultes<\/div>\n<div style=\"display: table-cell; font-size: 14px;\">Enfants<\/div>\n<div id=\"edadnenes1_hab2_label\" style=\"display: table-cell; visibility: hidden; font-size: 14px;\">Enf 1<\/div>\n<div id=\"edadnenes2_hab2_label\" style=\"display: table-cell; visibility: hidden; font-size: 14px;\">Enf 2<\/div>\n<\/div>\n<div id=\"hab2_frm\" style=\"display: none;\">\n<div style=\"display: table-cell; font-size: 15px;\"><strong>Appartement 2:<\/strong><\/div>\n<div style=\"display: table-cell;\"><input id=\"adultos2\" style=\"background-color: #fff; color: #000; font-family:monospace; width:4em;\" max=\"5\" min=\"1\" size=\"2\" type=\"number\"><\/div>\n<div style=\"display: table-cell; padding: 2px;\"><input id=\"nenes2\" style=\"background-color: #fff; color: #000; font-family:monospace; width:4em;\" max=\"2\" min=\"0\" size=\"2\" type=\"number\"><\/div>\n<div id=\"edadnenes1_hab2_div\" style=\"display: table-cell; visibility: hidden; padding: 2px;\"><input id=\"edadnenes1_hab2\" style=\"background-color: #fff; color: #000; font-family:monospace; width:4em;\" max=\"12\" min=\"0\" size=\"2\" type=\"number\"><\/div>\n<div id=\"edadnenes2_hab2_div\" style=\"display: table-cell; visibility: hidden; padding: 2px;\"><input id=\"edadnenes2_hab2\" style=\"background-color: #fff; color: #000; font-family:monospace; width:4em;\" max=\"12\" min=\"0\" size=\"2\" type=\"number\"><\/div>\n<\/div>\n<div id=\"hab3_hab\" style=\"display: none;\">\n<\/div>\n<div id=\"hab3_labels\" style=\"display: none;\">\n<div style=\"display: table-cell; font-size: 15px;\"><\/div>\n<div style=\"display: table-cell; font-size: 14px;\">Adultes<\/div>\n<div style=\"display: table-cell; font-size: 14px;\">Enfants<\/div>\n<div id=\"edadnenes1_hab3_label\" style=\"display: table-cell; visibility: hidden; font-size: 14px;\">Enf 1<\/div>\n<div id=\"edadnenes2_hab3_label\" style=\"display: table-cell; visibility: hidden; font-size: 14px;\">Enf 2<\/div>\n<\/div>\n<div id=\"hab3_frm\" style=\"display: none;\">\n<div style=\"display: table-cell; font-size: 15px;\"><strong>Appartement 3:<\/strong><\/div>\n<div style=\"display: table-cell;\"><input id=\"adultos3\" style=\"background-color: #fff; color: #000; font-family:monospace; width:4em;\" max=\"5\" min=\"1\" size=\"2\" type=\"number\"><\/div>\n<div style=\"display: table-cell; padding: 2px;\"><input id=\"nenes3\" style=\"background-color: #fff; color: #000; font-family:monospace; width:4em;\" max=\"2\" min=\"0\" size=\"2\" type=\"number\"><\/div>\n<div id=\"edadnenes1_hab3_div\" style=\"display: table-cell; visibility: hidden; padding: 2px;\"><input id=\"edadnenes1_hab3\" style=\"background-color: #fff; color: #000; font-family:monospace; width:4em;\" max=\"12\" min=\"0\" size=\"2\" type=\"number\"><\/div>\n<div id=\"edadnenes2_hab3_div\" style=\"display: table-cell; visibility: hidden; padding: 2px;\"><input id=\"edadnenes2_hab3\" style=\"background-color: #fff; color: #000; font-family:monospace; width:4em;\" max=\"12\" min=\"0\" size=\"2\" type=\"number\"><\/div>\n<\/div>\n<\/div>\n<p><input style=\"margin-top: 10px; font-size: 24px;\" type=\"submit\" value=\"CHERCHER\"><br \/>\n<\/form>\n<\/div>\n\n\n\n<p>Appartements VIDA Versus sont situ\u00e9s au centre ville de Sanxenxo, \u00e0 300 m\u00e8tres de la c\u00e9l\u00e8bre plage de Silgar et entour\u00e9 par tous les services (caf\u00e9t\u00e9rias, restaurants, supermarch\u00e9s,&#8230;).<br>Id\u00e9al pour profiter des vacances en famille au centre de Sanxenxo, sans prendre la voiture, avec la libert\u00e9 que cela signifie dans une destination Sanxenxo.<\/p>\n\n\n\n<h4 class=\"wp-block-heading\"><strong>DESCRIPCI\u00d3N APPARTEMENTS VIDA VERSUS<\/strong><\/h4>\n\n\n\n<p>Appartements avec 2 chambres doubles (L&rsquo;une avec un lit double et l&rsquo;autre avec des lits jumeaux), salon-cuisine (avec canap\u00e9-lit quand on r\u00e9serve pour 5 personnes) et salle de bains.<\/p>\n\n\nngg_shortcode_0_placeholder\n\n\nngg_shortcode_1_placeholder\n\n\n\n<p>Enti\u00e8rement \u00e9quip\u00e9s avec des draps, serviettes, couverts, vaisselle, ustensiles de cuisine, plaques de cuisson, r\u00e9frig\u00e9rateur, micro-ondes, cafeti\u00e8re italienne, mixeur, presse-agrumes \u00e9lectrique, grille-pain, machine \u00e0 laver, fer et planche \u00e0 repasser, s\u00e8che-cheveux, etendoir exterieur, WIFI gratuit, TV plat et parking gratuit (1 place par appartement).<\/p>\n\n\nngg_shortcode_2_placeholder\n\n\nngg_shortcode_3_placeholder\n\n\nngg_shortcode_4_placeholder\n\n\n\n<h4 class=\"wp-block-heading\"><strong><strong>NOTE IMPORTANTE<\/strong><\/strong><\/h4>\n\n\n\n<p>Nos appartements \u00e0 Sanxenxo sont con\u00e7us pour le reste des familles. Les groupes de jeunes ou tout type de f\u00eates ne sont pas admis.<\/p>\n\n\n\n<h4 class=\"wp-block-heading\"><strong>SITUATION APPARTEMENTS VIDA VERSUS<\/strong><\/h4>\n\n\n\n<center><iframe style=\"border: 0;\" src=\"https:\/\/www.google.com\/maps\/embed?pb=!1m18!1m12!1m3!1d3328.5820415442927!2d-8.811693195857528!3d42.401366681799274!2m3!1f0!2f0!3f0!3m2!1i1024!2i768!4f13.1!3m3!1m2!1s0x0%3A0x0!2zNDLCsDI0JzA1LjgiTiA4wrA0OCcyNC40Ilc!5e1!3m2!1ses!2ses!4v1487064534108\" width=\"800\" height=\"600\" frameborder=\"0\" allowfullscreen=\"allowfullscreen\"><\/iframe><\/center>\n\n\n\n<p class=\"has-text-align-center has-background\" style=\"background-color:#dddddd\"><strong><span id=\":fq.co\" class=\"tL8wMe EMoHub\" dir=\"ltr\">APPARTEMENTS VIDA VERSUS<\/span><br><\/strong><span id=\":fq.co\" class=\"tL8wMe EMoHub\" dir=\"ltr\">Progreso, 60<br>Sanxenxo (Pontevedra)<br>T: 0034-881098207<br>@: <a href=\"mailto:reservas@vidahoteles.com\">reservas@vidahoteles.com<\/a><\/span><br><span id=\":fq.co\" class=\"tL8wMe EMoHub\" dir=\"ltr\">Coordonn\u00e9es GPS: 42.401618 \/ -8.806766<\/span><\/p>\n\n\n\n<h4 class=\"wp-block-heading\"><strong>AVIS APPARTEMENTS VIDA VERSUS<\/strong><\/h4>\n\n\n\n<div class=\"wp-block-columns is-layout-flex wp-container-core-columns-is-layout-1 wp-block-columns-is-layout-flex\">\n<div class=\"wp-block-column is-layout-flow wp-block-column-is-layout-flow\">\n<div class=\"wp-block-image\"><figure class=\"aligncenter size-medium\"><img decoding=\"async\" width=\"300\" height=\"55\" src=\"https:\/\/vidahoteles.com\/wp-content\/uploads\/2020\/05\/booking-1-300x55.jpg\" alt=\"\" class=\"wp-image-5055\" srcset=\"https:\/\/vidahoteles.com\/wp-content\/uploads\/2020\/05\/booking-1-300x55.jpg 300w, https:\/\/vidahoteles.com\/wp-content\/uploads\/2020\/05\/booking-1.jpg 731w\" sizes=\"(max-width: 300px) 100vw, 300px\" \/><\/figure><\/div>\n\n\n\n<p class=\"has-text-align-center has-text-color\" style=\"color:#1e427e;font-size:92px\">8.8<\/p>\n<\/div>\n\n\n\n<div class=\"wp-block-column is-layout-flow wp-block-column-is-layout-flow\">\n<div id=\"TA_selfserveprop741\" class=\"TA_selfserveprop\"><ul id=\"44MSLb0iVjk7\" class=\"TA_links YsUkiGv0twKj\"><li id=\"ZVZa3JeeXz9\" class=\"IRbpYF9JFk9h\"><a target=\"_blank\" href=\"https:\/\/www.tripadvisor.fr\/Hotel_Review-g652143-d12624555-Reviews-Apartments_VIDA_Versus-Sanxenxo_Province_of_Pontevedra_Galicia.html\" rel=\"noopener noreferrer\"><img decoding=\"async\" src=\"https:\/\/www.tripadvisor.fr\/img\/cdsi\/img2\/branding\/v2\/Tripadvisor_lockup_horizontal_secondary_registered-11900-2.svg\" alt=\"TripAdvisor\"><\/a><\/li><\/ul><\/div><script async=\"\" src=\"https:\/\/www.jscache.com\/wejs?wtype=selfserveprop&amp;uniq=741&amp;locationId=12624555&amp;lang=fr&amp;rating=true&amp;nreviews=5&amp;writereviewlink=true&amp;popIdx=true&amp;iswide=false&amp;border=true&amp;display_version=2\" data-loadtrk=\"\" onload=\"this.loadtrk=true\"><\/script>\n\n\n<\/div>\n<\/div>\n\n\n\n<h4 class=\"wp-block-heading\"><strong>IMAGES APPARTEMENTS VIDA VERSUS<\/strong><\/h4>\n\n\n\nngg_shortcode_5_placeholder\n\n\n\n<h4 class=\"wp-block-heading\">QUE FAIRE \u00c0 SANXENXO<\/h4>\n\n\n<p><center><div class=\"pt-cv-wrapper\"><div class=\"pt-cv-view pt-cv-grid pt-cv-colsys\" id=\"pt-cv-view-db46c461ik\"><div data-id=\"pt-cv-page-1\" class=\"pt-cv-page\" data-cvc=\"1\"><div class=\"col-md-12 col-sm-12 col-xs-12 pt-cv-content-item pt-cv-1-col\" ><div class='pt-cv-ifield'><a href=\"https:\/\/vidahoteles.com\/fr\/sanxenxo\/\" class=\"_self pt-cv-href-thumbnail pt-cv-thumb-default\" target=\"_self\" ><img fetchpriority=\"high\" decoding=\"async\" width=\"672\" height=\"372\" src=\"https:\/\/vidahoteles.com\/wp-content\/uploads\/ngg_featured\/Sanxenxo-001-672x372.jpg\" class=\"pt-cv-thumbnail\" alt=\"\" srcset=\"https:\/\/vidahoteles.com\/wp-content\/uploads\/ngg_featured\/Sanxenxo-001-672x372.jpg 672w, https:\/\/vidahoteles.com\/wp-content\/uploads\/ngg_featured\/Sanxenxo-001-1038x576.jpg 1038w\" sizes=\"(max-width: 672px) 100vw, 672px\" \/><\/a>\n<div class=\"pt-cv-content\">Bienvenue \u00e0 Sanxenxo, le coeur touristique de la r\u00e9gion de Saln\u00e9s, o\u00f9 tout est con\u00e7u pour les loisirs et le divertissement des touristes qui nous visitent. Toutes les indications que nous ferons dans cet article sont bas\u00e9es sur des exp\u00e9riences personnelles, que nous souvent fournissons \u00e0 nos clients \u00e0 leur arriv\u00e9e, et qui semblent utiles selon leurs commentaires. Dans les Rias Baixas, et sous l'influence d'un microclimat sp\u00e9cial, Sanxenxo est devenu progressivement la capitale touristique de la Galice (apr\u00e8s, logiquement, Santiago de Compostela). \u00c0 cause de son emplacement privil\u00e9gi\u00e9 au centre des Rias Baixas, Sanxenxo est une destination id\u00e9ale pour ...<br \/><div class=\"pt-cv-rmwrap\"><a href=\"https:\/\/vidahoteles.com\/fr\/sanxenxo\/\" class=\"_self pt-cv-readmore btn btn-success\" target=\"_self\">Leer M\u00e1s<\/a><\/div><\/div><\/div><\/div><\/div><\/div><\/div><\/center><\/p>\n<div class=\"gsp_post_data\" \r\n\t            data-post_type=\"page\" \r\n\t            data-cat=\"\" \r\n\t            data-modified=\"120\"\r\n\t            data-created=\"1445662822\"\r\n\t            data-title=\"Appartements VIDA Versus\" \r\n\t            data-home=\"https:\/\/vidahoteles.com\/fr\/\"><\/div>","protected":false},"excerpt":{"rendered":"<p>Appartements VIDA Versus sont situ\u00e9s au centre ville de Sanxenxo, \u00e0 300 m\u00e8tres de la c\u00e9l\u00e8bre plage de Silgar et [&hellip;]<\/p>\n","protected":false},"author":1,"featured_media":5953,"parent":0,"menu_order":240,"comment_status":"closed","ping_status":"closed","template":"","meta":{"site-sidebar-layout":"default","site-content-layout":"","ast-site-content-layout":"default","site-content-style":"default","site-sidebar-style":"default","ast-global-header-display":"","ast-banner-title-visibility":"","ast-main-header-display":"","ast-hfb-above-header-display":"","ast-hfb-below-header-display":"","ast-hfb-mobile-header-display":"","site-post-title":"","ast-breadcrumbs-content":"","ast-featured-img":"","footer-sml-layout":"","ast-disable-related-posts":"","theme-transparent-header-meta":"","adv-header-id-meta":"","stick-header-meta":"","header-above-stick-meta":"","header-main-stick-meta":"","header-below-stick-meta":"","astra-migrate-meta-layouts":"default","ast-page-background-enabled":"default","ast-page-background-meta":{"desktop":{"background-color":"var(--ast-global-color-4)","background-image":"","background-repeat":"repeat","background-position":"center center","background-size":"auto","background-attachment":"scroll","background-type":"","background-media":"","overlay-type":"","overlay-color":"","overlay-opacity":"","overlay-gradient":""},"tablet":{"background-color":"","background-image":"","background-repeat":"repeat","background-position":"center center","background-size":"auto","background-attachment":"scroll","background-type":"","background-media":"","overlay-type":"","overlay-color":"","overlay-opacity":"","overlay-gradient":""},"mobile":{"background-color":"","background-image":"","background-repeat":"repeat","background-position":"center center","background-size":"auto","background-attachment":"scroll","background-type":"","background-media":"","overlay-type":"","overlay-color":"","overlay-opacity":"","overlay-gradient":""}},"ast-content-background-meta":{"desktop":{"background-color":"var(--ast-global-color-5)","background-image":"","background-repeat":"repeat","background-position":"center center","background-size":"auto","background-attachment":"scroll","background-type":"","background-media":"","overlay-type":"","overlay-color":"","overlay-opacity":"","overlay-gradient":""},"tablet":{"background-color":"var(--ast-global-color-5)","background-image":"","background-repeat":"repeat","background-position":"center center","background-size":"auto","background-attachment":"scroll","background-type":"","background-media":"","overlay-type":"","overlay-color":"","overlay-opacity":"","overlay-gradient":""},"mobile":{"background-color":"var(--ast-global-color-5)","background-image":"","background-repeat":"repeat","background-position":"center center","background-size":"auto","background-attachment":"scroll","background-type":"","background-media":"","overlay-type":"","overlay-color":"","overlay-opacity":"","overlay-gradient":""}},"ngg_post_thumbnail":0,"_jet_sm_ready_style":"","_jet_sm_style":"","_jet_sm_controls_values":"","_jet_sm_fonts_collection":"","_jet_sm_fonts_links":"","footnotes":""},"class_list":["post-1973","page","type-page","status-publish","has-post-thumbnail","hentry"],"yoast_head":"<!-- This site is optimized with the Yoast SEO plugin v24.8.1 - https:\/\/yoast.com\/wordpress\/plugins\/seo\/ -->\n<title>Appartements VIDA Versus - Vida Hoteles &amp; Apartamentos<\/title>\n<meta name=\"robots\" content=\"index, follow, max-snippet:-1, max-image-preview:large, max-video-preview:-1\" \/>\n<link rel=\"canonical\" href=\"https:\/\/vidahoteles.com\/fr\/appartements-vida-versus\/\" \/>\n<meta property=\"og:locale\" content=\"fr_FR\" \/>\n<meta property=\"og:type\" content=\"article\" \/>\n<meta property=\"og:title\" content=\"Appartements VIDA Versus - Vida Hoteles &amp; Apartamentos\" \/>\n<meta property=\"og:description\" content=\"Appartements VIDA Versus sont situ\u00e9s au centre ville de Sanxenxo, \u00e0 300 m\u00e8tres de la c\u00e9l\u00e8bre plage de Silgar et [&hellip;]\" \/>\n<meta property=\"og:url\" content=\"https:\/\/vidahoteles.com\/fr\/appartements-vida-versus\/\" \/>\n<meta property=\"og:site_name\" content=\"Vida Hoteles &amp; Apartamentos\" \/>\n<meta property=\"article:modified_time\" content=\"2025-04-11T13:10:14+00:00\" \/>\n<meta property=\"og:image\" content=\"https:\/\/vidahoteles.com\/wp-content\/uploads\/2020\/06\/Apartamentos-VIDA-Versus-110.jpg\" \/>\n\t<meta property=\"og:image:width\" content=\"1457\" \/>\n\t<meta property=\"og:image:height\" content=\"777\" \/>\n\t<meta property=\"og:image:type\" content=\"image\/jpeg\" \/>\n<meta name=\"twitter:label1\" content=\"Dur\u00e9e de lecture estim\u00e9e\" \/>\n\t<meta name=\"twitter:data1\" content=\"3 minutes\" \/>\n<script type=\"application\/ld+json\" class=\"yoast-schema-graph\">{\"@context\":\"https:\/\/schema.org\",\"@graph\":[{\"@type\":\"WebPage\",\"@id\":\"https:\/\/vidahoteles.com\/fr\/appartements-vida-versus\/\",\"url\":\"https:\/\/vidahoteles.com\/fr\/appartements-vida-versus\/\",\"name\":\"Appartements VIDA Versus - Vida Hoteles &amp; Apartamentos\",\"isPartOf\":{\"@id\":\"https:\/\/vidahoteles.com\/#website\"},\"primaryImageOfPage\":{\"@id\":\"https:\/\/vidahoteles.com\/fr\/appartements-vida-versus\/#primaryimage\"},\"image\":{\"@id\":\"https:\/\/vidahoteles.com\/fr\/appartements-vida-versus\/#primaryimage\"},\"thumbnailUrl\":\"https:\/\/vidahoteles.com\/wp-content\/uploads\/2020\/06\/Apartamentos-VIDA-Versus-110.jpg\",\"datePublished\":\"2015-10-24T05:00:22+00:00\",\"dateModified\":\"2025-04-11T13:10:14+00:00\",\"breadcrumb\":{\"@id\":\"https:\/\/vidahoteles.com\/fr\/appartements-vida-versus\/#breadcrumb\"},\"inLanguage\":\"fr-FR\",\"potentialAction\":[{\"@type\":\"ReadAction\",\"target\":[\"https:\/\/vidahoteles.com\/fr\/appartements-vida-versus\/\"]}]},{\"@type\":\"ImageObject\",\"inLanguage\":\"fr-FR\",\"@id\":\"https:\/\/vidahoteles.com\/fr\/appartements-vida-versus\/#primaryimage\",\"url\":\"https:\/\/vidahoteles.com\/wp-content\/uploads\/2020\/06\/Apartamentos-VIDA-Versus-110.jpg\",\"contentUrl\":\"https:\/\/vidahoteles.com\/wp-content\/uploads\/2020\/06\/Apartamentos-VIDA-Versus-110.jpg\",\"width\":1457,\"height\":777},{\"@type\":\"BreadcrumbList\",\"@id\":\"https:\/\/vidahoteles.com\/fr\/appartements-vida-versus\/#breadcrumb\",\"itemListElement\":[{\"@type\":\"ListItem\",\"position\":1,\"name\":\"Portada\",\"item\":\"https:\/\/vidahoteles.com\/pt-pt\/\"},{\"@type\":\"ListItem\",\"position\":2,\"name\":\"Appartements VIDA Versus\"}]},{\"@type\":\"WebSite\",\"@id\":\"https:\/\/vidahoteles.com\/#website\",\"url\":\"https:\/\/vidahoteles.com\/\",\"name\":\"Vida Hoteles &amp; Apartamentos\",\"description\":\"La cadena hotelera de A Costa da Morte (Galicia)\",\"potentialAction\":[{\"@type\":\"SearchAction\",\"target\":{\"@type\":\"EntryPoint\",\"urlTemplate\":\"https:\/\/vidahoteles.com\/?s={search_term_string}\"},\"query-input\":{\"@type\":\"PropertyValueSpecification\",\"valueRequired\":true,\"valueName\":\"search_term_string\"}}],\"inLanguage\":\"fr-FR\"}]}<\/script>\n<!-- \/ Yoast SEO plugin. -->","yoast_head_json":{"title":"Appartements VIDA Versus - Vida Hoteles &amp; Apartamentos","robots":{"index":"index","follow":"follow","max-snippet":"max-snippet:-1","max-image-preview":"max-image-preview:large","max-video-preview":"max-video-preview:-1"},"canonical":"https:\/\/vidahoteles.com\/fr\/appartements-vida-versus\/","og_locale":"fr_FR","og_type":"article","og_title":"Appartements VIDA Versus - Vida Hoteles &amp; Apartamentos","og_description":"Appartements VIDA Versus sont situ\u00e9s au centre ville de Sanxenxo, \u00e0 300 m\u00e8tres de la c\u00e9l\u00e8bre plage de Silgar et [&hellip;]","og_url":"https:\/\/vidahoteles.com\/fr\/appartements-vida-versus\/","og_site_name":"Vida Hoteles &amp; Apartamentos","article_modified_time":"2025-04-11T13:10:14+00:00","og_image":[{"width":1457,"height":777,"url":"https:\/\/vidahoteles.com\/wp-content\/uploads\/2020\/06\/Apartamentos-VIDA-Versus-110.jpg","type":"image\/jpeg"}],"twitter_misc":{"Dur\u00e9e de lecture estim\u00e9e":"3 minutes"},"schema":{"@context":"https:\/\/schema.org","@graph":[{"@type":"WebPage","@id":"https:\/\/vidahoteles.com\/fr\/appartements-vida-versus\/","url":"https:\/\/vidahoteles.com\/fr\/appartements-vida-versus\/","name":"Appartements VIDA Versus - Vida Hoteles &amp; Apartamentos","isPartOf":{"@id":"https:\/\/vidahoteles.com\/#website"},"primaryImageOfPage":{"@id":"https:\/\/vidahoteles.com\/fr\/appartements-vida-versus\/#primaryimage"},"image":{"@id":"https:\/\/vidahoteles.com\/fr\/appartements-vida-versus\/#primaryimage"},"thumbnailUrl":"https:\/\/vidahoteles.com\/wp-content\/uploads\/2020\/06\/Apartamentos-VIDA-Versus-110.jpg","datePublished":"2015-10-24T05:00:22+00:00","dateModified":"2025-04-11T13:10:14+00:00","breadcrumb":{"@id":"https:\/\/vidahoteles.com\/fr\/appartements-vida-versus\/#breadcrumb"},"inLanguage":"fr-FR","potentialAction":[{"@type":"ReadAction","target":["https:\/\/vidahoteles.com\/fr\/appartements-vida-versus\/"]}]},{"@type":"ImageObject","inLanguage":"fr-FR","@id":"https:\/\/vidahoteles.com\/fr\/appartements-vida-versus\/#primaryimage","url":"https:\/\/vidahoteles.com\/wp-content\/uploads\/2020\/06\/Apartamentos-VIDA-Versus-110.jpg","contentUrl":"https:\/\/vidahoteles.com\/wp-content\/uploads\/2020\/06\/Apartamentos-VIDA-Versus-110.jpg","width":1457,"height":777},{"@type":"BreadcrumbList","@id":"https:\/\/vidahoteles.com\/fr\/appartements-vida-versus\/#breadcrumb","itemListElement":[{"@type":"ListItem","position":1,"name":"Portada","item":"https:\/\/vidahoteles.com\/pt-pt\/"},{"@type":"ListItem","position":2,"name":"Appartements VIDA Versus"}]},{"@type":"WebSite","@id":"https:\/\/vidahoteles.com\/#website","url":"https:\/\/vidahoteles.com\/","name":"Vida Hoteles &amp; Apartamentos","description":"La cadena hotelera de A Costa da Morte (Galicia)","potentialAction":[{"@type":"SearchAction","target":{"@type":"EntryPoint","urlTemplate":"https:\/\/vidahoteles.com\/?s={search_term_string}"},"query-input":{"@type":"PropertyValueSpecification","valueRequired":true,"valueName":"search_term_string"}}],"inLanguage":"fr-FR"}]}},"_links":{"self":[{"href":"https:\/\/vidahoteles.com\/fr\/wp-json\/wp\/v2\/pages\/1973","targetHints":{"allow":["GET"]}}],"collection":[{"href":"https:\/\/vidahoteles.com\/fr\/wp-json\/wp\/v2\/pages"}],"about":[{"href":"https:\/\/vidahoteles.com\/fr\/wp-json\/wp\/v2\/types\/page"}],"author":[{"embeddable":true,"href":"https:\/\/vidahoteles.com\/fr\/wp-json\/wp\/v2\/users\/1"}],"replies":[{"embeddable":true,"href":"https:\/\/vidahoteles.com\/fr\/wp-json\/wp\/v2\/comments?post=1973"}],"version-history":[{"count":24,"href":"https:\/\/vidahoteles.com\/fr\/wp-json\/wp\/v2\/pages\/1973\/revisions"}],"predecessor-version":[{"id":12206,"href":"https:\/\/vidahoteles.com\/fr\/wp-json\/wp\/v2\/pages\/1973\/revisions\/12206"}],"wp:featuredmedia":[{"embeddable":true,"href":"https:\/\/vidahoteles.com\/fr\/wp-json\/wp\/v2\/media\/5953"}],"wp:attachment":[{"href":"https:\/\/vidahoteles.com\/fr\/wp-json\/wp\/v2\/media?parent=1973"}],"curies":[{"name":"wp","href":"https:\/\/api.w.org\/{rel}","templated":true}]}}