{"id":3038,"date":"2015-10-24T11:00:55","date_gmt":"2015-10-24T11:00:55","guid":{"rendered":"https:\/\/vidahoteles.com\/fr\/hotel-vida-mardelaxe\/"},"modified":"2025-04-11T13:10:27","modified_gmt":"2025-04-11T13:10:27","slug":"hotel-vida-mardelaxe","status":"publish","type":"page","link":"https:\/\/vidahoteles.com\/fr\/hotel-vida-mardelaxe\/","title":{"rendered":"H\u00f4tel VIDA Mar de Laxe ***"},"content":{"rendered":"<p><script type=\"text\/javascript\"><br \/>\n\t$(document).ready(function(){<br \/>\n\t\t$.datepicker.regional[\"fr\"] = {<br \/>\n\t\t\tcloseText: \"Fermer\",<br \/>\n\t\t\tprevText: \"Pr\u00e9\",<br \/>\n\t\t\tnextText: \"Next\",<br \/>\n\t\t\tcurrentText: \"Aujourd'hui\",<br \/>\n\t\t\tmonthNames: [ \"Janvier\",\"F\u00e9vrier\",\"Mars\",\"Avril\",\"Mai\",\"Juin\",\"Juillet\",\"Ao\u00fbt\",\"Septembre\",\"Octobre\",\"Novembre\",\"D\u00e9cembre\" ],<br \/>\n\t\t\tmonthNamesShort: [ \"jan\",\"fev\",\"mar\",\"avr\",\"mai\",\"jun\",\"jul\",\"aou\",\"sep\",\"oct\",\"nov\",\"dec\" ],<br \/>\n\t\t\tdayNames: [ \"dimanche\",\"lundi\",\"mardi\",\"mercredi\",\"jeudi\",\"vendredi\",\"samedi\" ],<br \/>\n\t\t\tdayNamesShort: [ \"dim\",\"lun\",\"mar\",\"mer\",\"jeu\",\"ven\",\"sam\" ],<br \/>\n\t\t\tdayNamesMin: [ \"D\",\"L\",\"M\",\"M\",\"J\",\"V\",\"S\" ],<br \/>\n\t\t\tweekHeader: \"Sm\",<br \/>\n\t\t\tdateFormat: \"dd\/mm\/yy\",<br \/>\n\t\t\tfirstDay: 1,<br \/>\n\t\t\tisRTL: false,<br \/>\n\t\t\tshowMonthAfterYear: false,<br \/>\n\t\t\tyearSuffix: \"\"<br \/>\n\t\t};<br \/>\n$.datepicker.setDefaults( $.datepicker.regional[ \"fr\" ] );<br \/>\n\t});<br \/>\n<\/script><\/p>\n<div style=\"background-color: #dddddd; padding: 2px; text-align: center;\">\n<form id=\"bookform\" action=\"https:\/\/vidahoteles.com\/fr\/reservations\/\" method=\"get\"><input name=\"fullintegration\" type=\"hidden\" value=\"1\"><input name=\"fitparent\" type=\"hidden\" value=\"1\"><input name=\"vscroll\" type=\"hidden\" value=\"1\"><input id=\"skin\" name=\"skin\" type=\"hidden\" value=\"vidahotpax\"><input name=\"idiomaid\" type=\"hidden\" value=\"fr\"><input id=\"channelkey\" name=\"channelkey\" type=\"hidden\" value=\"60B01B50-4C9F-47AD-E053-8226C60AF607\"><span style=\"font-size: 20px;\"><strong>R\u00c9SERVATION EN LIGNE (MEILLEUR PRIX GARANTI)<\/strong><\/span><br \/>\n<span style=\"font-size: 17px;\"><strong>Check-In:<\/strong><\/span><input id=\"desde\" style=\"background-color: #fff; color: #000;\" name=\"desde\" size=\"8\" type=\"text\" readonly=\"true\"><span style=\"font-size: 17px;\">&nbsp;&nbsp;&nbsp;<strong>Check-Out:<\/strong><\/span><input id=\"hasta\" style=\"background-color: #fff; color: #000;\" name=\"hasta\" size=\"8\" type=\"text\" readonly=\"true\"><span style=\"font-size: 17px;\"><strong>  N\u00ba Chambres: <\/strong><\/span><select id=\"numhab\" style=\"font-size: 15px;\" name=\"numhab\"><option selected=\"selected\" value=\"1\">1<\/option><option value=\"2\">2<\/option><option value=\"3\">3<\/option><\/select><input name=\"adultos\" type=\"hidden\"><input name=\"nenes\" type=\"hidden\"><input name=\"edadnenes\" type=\"hidden\"><\/p>\n<div id=\"habs\" style=\"display: table;\">\n<div id=\"hab1_hab\" style=\"display: table-row;\"><\/div>\n<div id=\"hab1_labels\" style=\"display: table-row;\">\n<div style=\"display: table-cell; font-size: 15px;\"><\/div>\n<div style=\"display: table-cell; font-size: 14px;\">Adultes<\/div>\n<div style=\"display: table-cell; font-size: 14px;\">Enfants<\/div>\n<div id=\"edadnenes1_hab1_label\" style=\"display: table-cell; visibility: hidden; font-size: 14px;\">Enf 1<\/div>\n<div id=\"edadnenes2_hab1_label\" style=\"display: table-cell; visibility: hidden; font-size: 14px;\">Enf 2<\/div>\n<\/div>\n<div id=\"hab1_frm\" style=\"display: table-row;\">\n<div style=\"display: table-cell; font-size: 15px;\"><strong>Chambre 1:<\/strong><\/div>\n<div style=\"display: table-cell;\"><input id=\"adultos1\" style=\"background-color: #fff; color: #000; font-family:monospace; width:4em;\" max=\"4\" min=\"1\" size=\"2\" type=\"number\"><\/div>\n<div style=\"display: table-cell; padding: 2px;\"><input id=\"nenes1\" style=\"background-color: #fff; color: #000; font-family:monospace; width:4em;\" max=\"2\" min=\"0\" size=\"2\" type=\"number\"><\/div>\n<div id=\"edadnenes1_hab1_div\" style=\"display: table-cell; visibility: hidden; padding: 2px;\"><input id=\"edadnenes1_hab1\" style=\"background-color: #fff; color: #000; font-family:monospace; width:4em;\" max=\"16\" min=\"0\" size=\"2\" type=\"number\"><\/div>\n<div id=\"edadnenes2_hab1_div\" style=\"display: table-cell; visibility: hidden; padding: 2px;\"><input id=\"edadnenes2_hab1\" style=\"background-color: #fff; color: #000; font-family:monospace; width:4em;\" max=\"16\" min=\"0\" size=\"2\" type=\"number\"><\/div>\n<\/div>\n<div id=\"hab2_hab\" style=\"display: none;\"><\/div>\n<div id=\"hab2_labels\" style=\"display: none;\">\n<div style=\"display: table-cell; font-size: 15px;\"><\/div>\n<div style=\"display: table-cell; font-size: 14px;\">Adultes<\/div>\n<div style=\"display: table-cell; font-size: 14px;\">Enfants<\/div>\n<div id=\"edadnenes1_hab2_label\" style=\"display: table-cell; visibility: hidden; font-size: 14px;\">Enf 1<\/div>\n<div id=\"edadnenes2_hab2_label\" style=\"display: table-cell; visibility: hidden; font-size: 14px;\">Enf 2<\/div>\n<\/div>\n<div id=\"hab2_frm\" style=\"display: none;\">\n<div style=\"display: table-cell; font-size: 15px;\"><strong>Chambre 2:<\/strong><\/div>\n<div style=\"display: table-cell;\"><input id=\"adultos2\" style=\"background-color: #fff; color: #000; font-family:monospace; width:4em;\" max=\"4\" min=\"1\" size=\"2\" type=\"number\"><\/div>\n<div style=\"display: table-cell; padding: 2px;\"><input id=\"nenes2\" style=\"background-color: #fff; color: #000; font-family:monospace; width:4em;\" max=\"2\" min=\"0\" size=\"2\" type=\"number\"><\/div>\n<div id=\"edadnenes1_hab2_div\" style=\"display: table-cell; visibility: hidden; padding: 2px;\"><input id=\"edadnenes1_hab2\" style=\"background-color: #fff; color: #000; font-family:monospace; width:4em;\" max=\"16\" min=\"0\" size=\"2\" type=\"number\"><\/div>\n<div id=\"edadnenes2_hab2_div\" style=\"display: table-cell; visibility: hidden; padding: 2px;\"><input id=\"edadnenes2_hab2\" style=\"background-color: #fff; color: #000; font-family:monospace; width:4em;\" max=\"16\" min=\"0\" size=\"2\" type=\"number\"><\/div>\n<\/div>\n<div id=\"hab3_hab\" style=\"display: none;\"><\/div>\n<div id=\"hab3_labels\" style=\"display: none;\">\n<div style=\"display: table-cell; font-size: 15px;\"><\/div>\n<div style=\"display: table-cell; font-size: 14px;\">Adultes<\/div>\n<div style=\"display: table-cell; font-size: 14px;\">Enfants<\/div>\n<div id=\"edadnenes1_hab3_label\" style=\"display: table-cell; visibility: hidden; font-size: 14px;\">Enf 1<\/div>\n<div id=\"edadnenes2_hab3_label\" style=\"display: table-cell; visibility: hidden; font-size: 14px;\">Enf 2<\/div>\n<\/div>\n<div id=\"hab3_frm\" style=\"display: none;\">\n<div style=\"display: table-cell; font-size: 15px;\"><strong>Chambre 3:<\/strong><\/div>\n<div style=\"display: table-cell;\"><input id=\"adultos3\" style=\"background-color: #fff; color: #000; font-family:monospace; width:4em;\" max=\"4\" min=\"1\" size=\"2\" type=\"number\"><\/div>\n<div style=\"display: table-cell; padding: 2px;\"><input id=\"nenes3\" style=\"background-color: #fff; color: #000; font-family:monospace; width:4em;\" max=\"2\" min=\"0\" size=\"2\" type=\"number\"><\/div>\n<div id=\"edadnenes1_hab3_div\" style=\"display: table-cell; visibility: hidden; padding: 2px;\"><input id=\"edadnenes1_hab3\" style=\"background-color: #fff; color: #000; font-family:monospace; width:4em;\" max=\"16\" min=\"0\" size=\"2\" type=\"number\"><\/div>\n<div id=\"edadnenes2_hab3_div\" style=\"display: table-cell; visibility: hidden; padding: 2px;\"><input id=\"edadnenes2_hab3\" style=\"background-color: #fff; color: #000; font-family:monospace; width:4em;\" max=\"16\" min=\"0\" size=\"2\" type=\"number\"><\/div>\n<\/div>\n<\/div>\n<p><input style=\"margin-top: 10px; font-size: 24px;\" type=\"submit\" value=\"CHERCHER\"><br \/>\n<\/form>\n<\/div>\n\n\n\n<p><strong>H\u00f4tel VIDA Mar de Laxe<\/strong>&nbsp;est&nbsp;situ\u00e9 au centre-ville de Laxe, l&rsquo;un des villages le plus pittoresque de la c\u00f4te galicienne, \u00e0 40 m\u00e8tres d&rsquo;une belle plage de 2 km, et entour\u00e9 par tous les services (caf\u00e9s, restaurants, supermarch\u00e9s, &#8230;).<\/p>\n\n\n<p><center><iframe width=\"800\" height=\"450\" src=\"https:\/\/www.youtube.com\/embed\/eQwbP-hyzws\" title=\"YouTube video player\" frameborder=\"0\" allow=\"accelerometer; autoplay; clipboard-write; encrypted-media; gyroscope; picture-in-picture\" allowfullscreen=\"\"><\/iframe><\/center><\/p>\n\n\n\n<p>Laxe, situ\u00e9 dans un des lieux le plus jolis de la p\u00e9ninsule, est id\u00e9al comme point de d\u00e9part pour explorer la c\u00f4te, en plus d&rsquo;\u00eatre \u00e0 45 minutes de la ville de A Coru\u00f1a (par autoroute ), et \u00e0 70 minutes de Santiago de Compostela.<\/p>\n\n\nngg_shortcode_0_placeholder\n\n\n\n<h4 class=\"wp-block-heading\"><strong>DESCRIPTION CHAMBRES H\u00d4TEL VIDA&nbsp;MAR DE LAXE<\/strong><\/h4>\n\n\nngg_shortcode_1_placeholder\n\n\n\n<ul class=\"wp-block-list\">\n<li><strong>Chambre Double Vue Patio<\/strong> (avec 2 lits simples et capacit\u00e9 maximum de 2 personnes) avec salle de bain, TV LCD 32&Prime;, climatisation, chauffage, t\u00e9l\u00e9phone et WIFI gratuit. Cse types de chambres donnent sur une cour int\u00e9rieure entre 2 b\u00e2timents, mais avec de la clart\u00e9 totale et de la lumi\u00e8re naturelle.<\/li>\n\n\n\n<li><strong>Chambre standard<\/strong> (avec lit double ou deux lits. Capacit\u00e9 maximum de 2 personnes) avec salle de bain compl\u00e8te, TV LCD 32&Prime;, climatisation, chauffage, t\u00e9l\u00e9phone et WIFI gratuit. Ces types de chambres ont de la vue ext\u00e9rieure.<\/li>\n\n\n\n<li><strong>Chambre Familiale Vue Patio<\/strong> (maximum 3 adultes ou 2 adultes + 2 enfants), id\u00e9al pour des familles ou pour 3 adultes, car elles disposent de 2 chambres s\u00e9par\u00e9es (une chambre avec un lit double de 1,50 et l&rsquo;autre avec des lits jumeaux ). Toutes avec salle de bain, TV LCD 32&Prime;; dans chacune des chambres, climatisation, chauffage, t\u00e9l\u00e9phone et WIFI gratuit. Ces types de chambres donnent sur une cour int\u00e9rieure entre 2 b\u00e2timents, mais avec de la clart\u00e9 totale et de la lumi\u00e8re naturelle.<\/li>\n<\/ul>\n\n\nngg_shortcode_2_placeholder\n\n\n\n<h4 class=\"wp-block-heading\"><strong>SERVICES H\u00d4TEL VIDA&nbsp;MAR DE LAXE<\/strong><\/h4>\n\n\nngg_shortcode_3_placeholder\n\n\n\n<p>L&rsquo;h\u00f4tel dispose aussi de r\u00e9ception, salon social, caf\u00e9t\u00e9ria, restaurant, terrasse chill-out, acc\u00e8s Internet, wifi gratuit, garage (paiement sur place), des informations sur la r\u00e9gion et consigne bagage.<\/p>\n\n\nngg_shortcode_4_placeholder\n\n\n\n<h4 class=\"wp-block-heading\"><strong>SITUATION H\u00d4TEL VIDA&nbsp;MAR DE LAXE<\/strong><\/h4>\n\n\n\n<center><iframe style=\"border: 0;\" src=\"https:\/\/www.google.com\/maps\/embed?pb=!1m18!1m12!1m3!1d3321.503549940871!2d-9.00738868451631!3d43.21885997913866!2m3!1f0!2f0!3f0!3m2!1i1024!2i768!4f13.1!3m3!1m2!1s0xd2eba0ef18a8c69%3A0x5108d2b8b729f7bd!2sHotel+VIDA+Mar+de+Laxe!5e1!3m2!1ses!2ses!4v1511263418988\" allowfullscreen=\"allowfullscreen\" width=\"800\" height=\"600\" frameborder=\"0\"><\/iframe><\/center>\n\n\n\n<p class=\"has-text-align-center has-background\" style=\"background-color:#dddddd\"><strong>H\u00d4TEL VIDA MAR DE LAXE ***<br><\/strong>R\u00faa Rosal\u00eda de Castro, 64 &#8211;&nbsp;Laxe (A Coru\u00f1a)<br>T\u00e9l\u00e9phone&nbsp;R\u00e9servations &amp; Commercial: 0034 881098207<br>@: <a href=\"mailto:reservas@vidahoteles.com\">reservas@vidahoteles.com<\/a><br>Coordonn\u00e9es GPS: 43.218953 \/ -9.005204<\/p>\n\n\n\n<h4 class=\"wp-block-heading\"><strong>AVIS H\u00d4TEL VIDA&nbsp;MAR DE LAXE<\/strong> <\/h4>\n\n\n\n<div class=\"wp-block-columns is-layout-flex wp-container-core-columns-is-layout-1 wp-block-columns-is-layout-flex\">\n<div class=\"wp-block-column is-layout-flow wp-block-column-is-layout-flow\">\n<div class=\"wp-block-image\"><figure class=\"aligncenter size-medium\"><img decoding=\"async\" width=\"300\" height=\"55\" src=\"https:\/\/vidahoteles.com\/wp-content\/uploads\/2020\/05\/booking-1-300x55.jpg\" alt=\"\" class=\"wp-image-5055\" srcset=\"https:\/\/vidahoteles.com\/wp-content\/uploads\/2020\/05\/booking-1-300x55.jpg 300w, https:\/\/vidahoteles.com\/wp-content\/uploads\/2020\/05\/booking-1.jpg 731w\" sizes=\"(max-width: 300px) 100vw, 300px\" \/><\/figure><\/div>\n\n\n\n<p class=\"has-text-align-center has-text-color\" style=\"color:#1e427e;font-size:92px\">8.9<\/p>\n<\/div>\n\n\n\n<div class=\"wp-block-column is-layout-flow wp-block-column-is-layout-flow\">\n<div id=\"TA_selfserveprop487\" class=\"TA_selfserveprop\"><ul id=\"RH0SuA4pKED6\" class=\"TA_links 38GVogW6Mkno\"><li id=\"8smQKd\" class=\"ekGRMVHI\"><a target=\"_blank\" href=\"https:\/\/www.tripadvisor.fr\/Hotel_Review-g1082745-d13431515-Reviews-Hotel_Apartments_VIDA_Mar_de_Laxe-Laxe_Province_of_A_Coruna_Galicia.html\" rel=\"noopener noreferrer\"><img decoding=\"async\" src=\"https:\/\/www.tripadvisor.fr\/img\/cdsi\/img2\/branding\/v2\/Tripadvisor_lockup_horizontal_secondary_registered-11900-2.svg\" alt=\"TripAdvisor\"><\/a><\/li><\/ul><\/div><script async=\"\" src=\"https:\/\/www.jscache.com\/wejs?wtype=selfserveprop&amp;uniq=487&amp;locationId=13431515&amp;lang=fr&amp;rating=true&amp;nreviews=5&amp;writereviewlink=true&amp;popIdx=true&amp;iswide=false&amp;border=true&amp;display_version=2\" data-loadtrk=\"\" onload=\"this.loadtrk=true\"><\/script>\n\n\n<\/div>\n<\/div>\n\n\n\n<h4 class=\"wp-block-heading\"><strong>IMAGES H\u00d4TEL VIDA&nbsp;MAR DE LAXE<\/strong> <\/h4>\n\n\n\nngg_shortcode_5_placeholder\n\n\n\n<h4 class=\"wp-block-heading\">QUE FAIRE \u00c0 LAXE<\/h4>\n\n\n<p><center><div class=\"pt-cv-wrapper\"><div class=\"pt-cv-view pt-cv-grid pt-cv-colsys\" id=\"pt-cv-view-8985e0btyj\"><div data-id=\"pt-cv-page-1\" class=\"pt-cv-page\" data-cvc=\"1\"><div class=\"col-md-12 col-sm-12 col-xs-12 pt-cv-content-item pt-cv-1-col\" ><div class='pt-cv-ifield'><a href=\"https:\/\/vidahoteles.com\/fr\/laxe\/\" class=\"_self pt-cv-href-thumbnail pt-cv-thumb-default\" target=\"_self\" ><img fetchpriority=\"high\" decoding=\"async\" width=\"672\" height=\"372\" src=\"https:\/\/vidahoteles.com\/wp-content\/uploads\/ngg_featured\/Laxe-001-672x372.jpg\" class=\"pt-cv-thumbnail\" alt=\"\" srcset=\"https:\/\/vidahoteles.com\/wp-content\/uploads\/ngg_featured\/Laxe-001-672x372.jpg 672w, https:\/\/vidahoteles.com\/wp-content\/uploads\/ngg_featured\/Laxe-001-1038x576.jpg 1038w\" sizes=\"(max-width: 672px) 100vw, 672px\" \/><\/a>\n<div class=\"pt-cv-content\">Bienvenue \u00e0 Laxe, l'un des plus beaux villages c\u00f4ti\u00e8rs de la c\u00f4te galicienne. Laxe se distingue par son emplacement, au centre g\u00e9ographique de la Costa da Morte, par sa plage de 2 km au centre ville entour\u00e9e d'une promenade, et par son port de p\u00eache typique, avec des bateaux de p\u00eache c\u00f4ti\u00e8re qui vont et viennent \u00e0 toute heure. Tout cela fait de Laxe un endroit exceptionnel pour passer des vacances charmantes difficile d'oublier. Comme dans toutes nos indications, les informations et les conseils suivantes sont faits sur la base de notre exp\u00e9rience et de l'exp\u00e9rience de nos clients. SITUATION ...<br \/><div class=\"pt-cv-rmwrap\"><a href=\"https:\/\/vidahoteles.com\/fr\/laxe\/\" class=\"_self pt-cv-readmore btn btn-success\" target=\"_self\">Leer M\u00e1s<\/a><\/div><\/div><\/div><\/div><\/div><\/div><\/div><\/center><\/p>\n<div class=\"gsp_post_data\" \r\n\t            data-post_type=\"page\" \r\n\t            data-cat=\"\" \r\n\t            data-modified=\"120\"\r\n\t            data-created=\"1445684455\"\r\n\t            data-title=\"H\u00f4tel VIDA Mar de Laxe ***\" \r\n\t            data-home=\"https:\/\/vidahoteles.com\/fr\/\"><\/div>","protected":false},"excerpt":{"rendered":"<p>H\u00f4tel VIDA Mar de Laxe&nbsp;est&nbsp;situ\u00e9 au centre-ville de Laxe, l&rsquo;un des villages le plus pittoresque de la c\u00f4te galicienne, \u00e0 [&hellip;]<\/p>\n","protected":false},"author":1,"featured_media":3774,"parent":0,"menu_order":310,"comment_status":"closed","ping_status":"closed","template":"","meta":{"site-sidebar-layout":"default","site-content-layout":"","ast-site-content-layout":"default","site-content-style":"default","site-sidebar-style":"default","ast-global-header-display":"","ast-banner-title-visibility":"","ast-main-header-display":"","ast-hfb-above-header-display":"","ast-hfb-below-header-display":"","ast-hfb-mobile-header-display":"","site-post-title":"","ast-breadcrumbs-content":"","ast-featured-img":"","footer-sml-layout":"","ast-disable-related-posts":"","theme-transparent-header-meta":"","adv-header-id-meta":"","stick-header-meta":"","header-above-stick-meta":"","header-main-stick-meta":"","header-below-stick-meta":"","astra-migrate-meta-layouts":"default","ast-page-background-enabled":"default","ast-page-background-meta":{"desktop":{"background-color":"var(--ast-global-color-4)","background-image":"","background-repeat":"repeat","background-position":"center center","background-size":"auto","background-attachment":"scroll","background-type":"","background-media":"","overlay-type":"","overlay-color":"","overlay-opacity":"","overlay-gradient":""},"tablet":{"background-color":"","background-image":"","background-repeat":"repeat","background-position":"center center","background-size":"auto","background-attachment":"scroll","background-type":"","background-media":"","overlay-type":"","overlay-color":"","overlay-opacity":"","overlay-gradient":""},"mobile":{"background-color":"","background-image":"","background-repeat":"repeat","background-position":"center center","background-size":"auto","background-attachment":"scroll","background-type":"","background-media":"","overlay-type":"","overlay-color":"","overlay-opacity":"","overlay-gradient":""}},"ast-content-background-meta":{"desktop":{"background-color":"var(--ast-global-color-5)","background-image":"","background-repeat":"repeat","background-position":"center center","background-size":"auto","background-attachment":"scroll","background-type":"","background-media":"","overlay-type":"","overlay-color":"","overlay-opacity":"","overlay-gradient":""},"tablet":{"background-color":"var(--ast-global-color-5)","background-image":"","background-repeat":"repeat","background-position":"center center","background-size":"auto","background-attachment":"scroll","background-type":"","background-media":"","overlay-type":"","overlay-color":"","overlay-opacity":"","overlay-gradient":""},"mobile":{"background-color":"var(--ast-global-color-5)","background-image":"","background-repeat":"repeat","background-position":"center center","background-size":"auto","background-attachment":"scroll","background-type":"","background-media":"","overlay-type":"","overlay-color":"","overlay-opacity":"","overlay-gradient":""}},"ngg_post_thumbnail":0,"_jet_sm_ready_style":"","_jet_sm_style":"","_jet_sm_controls_values":"","_jet_sm_fonts_collection":"","_jet_sm_fonts_links":"","footnotes":""},"class_list":["post-3038","page","type-page","status-publish","has-post-thumbnail","hentry"],"yoast_head":"<!-- This site is optimized with the Yoast SEO plugin v24.8.1 - https:\/\/yoast.com\/wordpress\/plugins\/seo\/ -->\n<title>H\u00f4tel VIDA Mar de Laxe *** - Vida Hoteles &amp; Apartamentos<\/title>\n<meta name=\"robots\" content=\"index, follow, max-snippet:-1, max-image-preview:large, max-video-preview:-1\" \/>\n<link rel=\"canonical\" href=\"https:\/\/vidahoteles.com\/fr\/hotel-vida-mardelaxe\/\" \/>\n<meta property=\"og:locale\" content=\"fr_FR\" \/>\n<meta property=\"og:type\" content=\"article\" \/>\n<meta property=\"og:title\" content=\"H\u00f4tel VIDA Mar de Laxe *** - Vida Hoteles &amp; Apartamentos\" \/>\n<meta property=\"og:description\" content=\"H\u00f4tel VIDA Mar de Laxe&nbsp;est&nbsp;situ\u00e9 au centre-ville de Laxe, l&rsquo;un des villages le plus pittoresque de la c\u00f4te galicienne, \u00e0 [&hellip;]\" \/>\n<meta property=\"og:url\" content=\"https:\/\/vidahoteles.com\/fr\/hotel-vida-mardelaxe\/\" \/>\n<meta property=\"og:site_name\" content=\"Vida Hoteles &amp; Apartamentos\" \/>\n<meta property=\"article:modified_time\" content=\"2025-04-11T13:10:27+00:00\" \/>\n<meta property=\"og:image\" content=\"https:\/\/vidahoteles.com\/wp-content\/uploads\/2017\/11\/Hotel-VIDA-Mar-de-Laxe-1.jpg\" \/>\n\t<meta property=\"og:image:width\" content=\"1920\" \/>\n\t<meta property=\"og:image:height\" content=\"929\" \/>\n\t<meta property=\"og:image:type\" content=\"image\/jpeg\" \/>\n<meta name=\"twitter:label1\" content=\"Dur\u00e9e de lecture estim\u00e9e\" \/>\n\t<meta name=\"twitter:data1\" content=\"5 minutes\" \/>\n<script type=\"application\/ld+json\" class=\"yoast-schema-graph\">{\"@context\":\"https:\/\/schema.org\",\"@graph\":[{\"@type\":\"WebPage\",\"@id\":\"https:\/\/vidahoteles.com\/fr\/hotel-vida-mardelaxe\/\",\"url\":\"https:\/\/vidahoteles.com\/fr\/hotel-vida-mardelaxe\/\",\"name\":\"H\u00f4tel VIDA Mar de Laxe *** - Vida Hoteles &amp; Apartamentos\",\"isPartOf\":{\"@id\":\"https:\/\/vidahoteles.com\/#website\"},\"primaryImageOfPage\":{\"@id\":\"https:\/\/vidahoteles.com\/fr\/hotel-vida-mardelaxe\/#primaryimage\"},\"image\":{\"@id\":\"https:\/\/vidahoteles.com\/fr\/hotel-vida-mardelaxe\/#primaryimage\"},\"thumbnailUrl\":\"https:\/\/vidahoteles.com\/wp-content\/uploads\/2017\/11\/Hotel-VIDA-Mar-de-Laxe-1.jpg\",\"datePublished\":\"2015-10-24T11:00:55+00:00\",\"dateModified\":\"2025-04-11T13:10:27+00:00\",\"breadcrumb\":{\"@id\":\"https:\/\/vidahoteles.com\/fr\/hotel-vida-mardelaxe\/#breadcrumb\"},\"inLanguage\":\"fr-FR\",\"potentialAction\":[{\"@type\":\"ReadAction\",\"target\":[\"https:\/\/vidahoteles.com\/fr\/hotel-vida-mardelaxe\/\"]}]},{\"@type\":\"ImageObject\",\"inLanguage\":\"fr-FR\",\"@id\":\"https:\/\/vidahoteles.com\/fr\/hotel-vida-mardelaxe\/#primaryimage\",\"url\":\"https:\/\/vidahoteles.com\/wp-content\/uploads\/2017\/11\/Hotel-VIDA-Mar-de-Laxe-1.jpg\",\"contentUrl\":\"https:\/\/vidahoteles.com\/wp-content\/uploads\/2017\/11\/Hotel-VIDA-Mar-de-Laxe-1.jpg\",\"width\":1920,\"height\":929},{\"@type\":\"BreadcrumbList\",\"@id\":\"https:\/\/vidahoteles.com\/fr\/hotel-vida-mardelaxe\/#breadcrumb\",\"itemListElement\":[{\"@type\":\"ListItem\",\"position\":1,\"name\":\"Portada\",\"item\":\"https:\/\/vidahoteles.com\/pt-pt\/\"},{\"@type\":\"ListItem\",\"position\":2,\"name\":\"H\u00f4tel VIDA Mar de Laxe ***\"}]},{\"@type\":\"WebSite\",\"@id\":\"https:\/\/vidahoteles.com\/#website\",\"url\":\"https:\/\/vidahoteles.com\/\",\"name\":\"Vida Hoteles &amp; Apartamentos\",\"description\":\"La cadena hotelera de A Costa da Morte (Galicia)\",\"potentialAction\":[{\"@type\":\"SearchAction\",\"target\":{\"@type\":\"EntryPoint\",\"urlTemplate\":\"https:\/\/vidahoteles.com\/?s={search_term_string}\"},\"query-input\":{\"@type\":\"PropertyValueSpecification\",\"valueRequired\":true,\"valueName\":\"search_term_string\"}}],\"inLanguage\":\"fr-FR\"}]}<\/script>\n<!-- \/ Yoast SEO plugin. -->","yoast_head_json":{"title":"H\u00f4tel VIDA Mar de Laxe *** - Vida Hoteles &amp; Apartamentos","robots":{"index":"index","follow":"follow","max-snippet":"max-snippet:-1","max-image-preview":"max-image-preview:large","max-video-preview":"max-video-preview:-1"},"canonical":"https:\/\/vidahoteles.com\/fr\/hotel-vida-mardelaxe\/","og_locale":"fr_FR","og_type":"article","og_title":"H\u00f4tel VIDA Mar de Laxe *** - Vida Hoteles &amp; Apartamentos","og_description":"H\u00f4tel VIDA Mar de Laxe&nbsp;est&nbsp;situ\u00e9 au centre-ville de Laxe, l&rsquo;un des villages le plus pittoresque de la c\u00f4te galicienne, \u00e0 [&hellip;]","og_url":"https:\/\/vidahoteles.com\/fr\/hotel-vida-mardelaxe\/","og_site_name":"Vida Hoteles &amp; Apartamentos","article_modified_time":"2025-04-11T13:10:27+00:00","og_image":[{"width":1920,"height":929,"url":"https:\/\/vidahoteles.com\/wp-content\/uploads\/2017\/11\/Hotel-VIDA-Mar-de-Laxe-1.jpg","type":"image\/jpeg"}],"twitter_misc":{"Dur\u00e9e de lecture estim\u00e9e":"5 minutes"},"schema":{"@context":"https:\/\/schema.org","@graph":[{"@type":"WebPage","@id":"https:\/\/vidahoteles.com\/fr\/hotel-vida-mardelaxe\/","url":"https:\/\/vidahoteles.com\/fr\/hotel-vida-mardelaxe\/","name":"H\u00f4tel VIDA Mar de Laxe *** - Vida Hoteles &amp; Apartamentos","isPartOf":{"@id":"https:\/\/vidahoteles.com\/#website"},"primaryImageOfPage":{"@id":"https:\/\/vidahoteles.com\/fr\/hotel-vida-mardelaxe\/#primaryimage"},"image":{"@id":"https:\/\/vidahoteles.com\/fr\/hotel-vida-mardelaxe\/#primaryimage"},"thumbnailUrl":"https:\/\/vidahoteles.com\/wp-content\/uploads\/2017\/11\/Hotel-VIDA-Mar-de-Laxe-1.jpg","datePublished":"2015-10-24T11:00:55+00:00","dateModified":"2025-04-11T13:10:27+00:00","breadcrumb":{"@id":"https:\/\/vidahoteles.com\/fr\/hotel-vida-mardelaxe\/#breadcrumb"},"inLanguage":"fr-FR","potentialAction":[{"@type":"ReadAction","target":["https:\/\/vidahoteles.com\/fr\/hotel-vida-mardelaxe\/"]}]},{"@type":"ImageObject","inLanguage":"fr-FR","@id":"https:\/\/vidahoteles.com\/fr\/hotel-vida-mardelaxe\/#primaryimage","url":"https:\/\/vidahoteles.com\/wp-content\/uploads\/2017\/11\/Hotel-VIDA-Mar-de-Laxe-1.jpg","contentUrl":"https:\/\/vidahoteles.com\/wp-content\/uploads\/2017\/11\/Hotel-VIDA-Mar-de-Laxe-1.jpg","width":1920,"height":929},{"@type":"BreadcrumbList","@id":"https:\/\/vidahoteles.com\/fr\/hotel-vida-mardelaxe\/#breadcrumb","itemListElement":[{"@type":"ListItem","position":1,"name":"Portada","item":"https:\/\/vidahoteles.com\/pt-pt\/"},{"@type":"ListItem","position":2,"name":"H\u00f4tel VIDA Mar de Laxe ***"}]},{"@type":"WebSite","@id":"https:\/\/vidahoteles.com\/#website","url":"https:\/\/vidahoteles.com\/","name":"Vida Hoteles &amp; Apartamentos","description":"La cadena hotelera de A Costa da Morte (Galicia)","potentialAction":[{"@type":"SearchAction","target":{"@type":"EntryPoint","urlTemplate":"https:\/\/vidahoteles.com\/?s={search_term_string}"},"query-input":{"@type":"PropertyValueSpecification","valueRequired":true,"valueName":"search_term_string"}}],"inLanguage":"fr-FR"}]}},"_links":{"self":[{"href":"https:\/\/vidahoteles.com\/fr\/wp-json\/wp\/v2\/pages\/3038","targetHints":{"allow":["GET"]}}],"collection":[{"href":"https:\/\/vidahoteles.com\/fr\/wp-json\/wp\/v2\/pages"}],"about":[{"href":"https:\/\/vidahoteles.com\/fr\/wp-json\/wp\/v2\/types\/page"}],"author":[{"embeddable":true,"href":"https:\/\/vidahoteles.com\/fr\/wp-json\/wp\/v2\/users\/1"}],"replies":[{"embeddable":true,"href":"https:\/\/vidahoteles.com\/fr\/wp-json\/wp\/v2\/comments?post=3038"}],"version-history":[{"count":31,"href":"https:\/\/vidahoteles.com\/fr\/wp-json\/wp\/v2\/pages\/3038\/revisions"}],"predecessor-version":[{"id":12207,"href":"https:\/\/vidahoteles.com\/fr\/wp-json\/wp\/v2\/pages\/3038\/revisions\/12207"}],"wp:featuredmedia":[{"embeddable":true,"href":"https:\/\/vidahoteles.com\/fr\/wp-json\/wp\/v2\/media\/3774"}],"wp:attachment":[{"href":"https:\/\/vidahoteles.com\/fr\/wp-json\/wp\/v2\/media?parent=3038"}],"curies":[{"name":"wp","href":"https:\/\/api.w.org\/{rel}","templated":true}]}}