{"id":3126,"date":"2018-01-24T10:08:38","date_gmt":"2018-01-24T10:08:38","guid":{"rendered":"https:\/\/vidahoteles.com\/fr\/?page_id=3126"},"modified":"2025-04-08T17:40:50","modified_gmt":"2025-04-08T17:40:50","slug":"reservations-en-ligne","status":"publish","type":"page","link":"https:\/\/vidahoteles.com\/fr\/reservations-en-ligne\/","title":{"rendered":"R\u00e9servations en ligne"},"content":{"rendered":"\n<center><p>Faites votre r\u00e9servation directement et vous le ferez le plus rapidement, en toute s\u00e9curit\u00e9 et au meilleur prix garanti.<\/p> <p>Pour consulter le moindre doute, nous serons heureux de vous aider au t\u00e9l\u00e9phone 0034 881098207.<\/p><\/center>\n\n\n<p><script type=\"text\/javascript\">\n\t$(document).ready(function(){ \n\t\t$.datepicker.regional[\"fr\"] = {\n\t\t\tcloseText: \"Fermer\",\n\t\t\tprevText: \"Pr\u00e9\",\n\t\t\tnextText: \"Next\",\n\t\t\tcurrentText: \"Aujourd'hui\",\n\t\t\tmonthNames: [ \"Janvier\",\"F\u00e9vrier\",\"Mars\",\"Avril\",\"Mai\",\"Juin\",\"Juillet\",\"Ao\u00fbt\",\"Septembre\",\"Octobre\",\"Novembre\",\"D\u00e9cembre\" ],\n\t\t\tmonthNamesShort: [ \"jan\",\"fev\",\"mar\",\"avr\",\"mai\",\"jun\",\"jul\",\"aou\",\"sep\",\"oct\",\"nov\",\"dec\" ],\n\t\t\tdayNames: [ \"dimanche\",\"lundi\",\"mardi\",\"mercredi\",\"jeudi\",\"vendredi\",\"samedi\" ],\n\t\t\tdayNamesShort: [ \"dim\",\"lun\",\"mar\",\"mer\",\"jeu\",\"ven\",\"sam\" ],\n\t\t\tdayNamesMin: [ \"D\",\"L\",\"M\",\"M\",\"J\",\"V\",\"S\" ],\n\t\t\tweekHeader: \"Sm\",\n\t\t\tdateFormat: \"dd\/mm\/yy\",\n\t\t\tfirstDay: 1,\n\t\t\tisRTL: false,\n\t\t\tshowMonthAfterYear: false,\n\t\t\tyearSuffix: \"\" \n\t\t};\n$.datepicker.setDefaults( $.datepicker.regional[ \"fr\" ] );\n\t});\n<\/script><\/p>\n<div style=\"background-color: #dddddd; padding: 2px; text-align: center;\">\n<form id=\"bookform\" action=\"https:\/\/vidahoteles.com\/reservas\/\" method=\"get\"><input name=\"fullintegration\" type=\"hidden\" value=\"1\"><input name=\"fitparent\" type=\"hidden\" value=\"1\"><input name=\"vscroll\" type=\"hidden\" value=\"1\"><input id=\"skin\" name=\"skin\" type=\"hidden\" value=\"vidahot\"><input name=\"idiomaid\" type=\"hidden\" value=\"fr\"><strong>R\u00c9SERVATION EN LIGNE (MEILLEUR PRIX GARANTI)<\/strong><\/span><br \/>\n<select id=\"channelkey\" style=\"font-size: 17px;\" name=\"channelkey\" required><option value=\"\">&#8212; S\u00e9lectionnez l&rsquo;h\u00e9bergement &#8212; <\/option><option value=\"2B597C31-3FF5-277D-E050-790A30191CDB\">H\u00f4tel VIDA Playa Paxari\u00f1as<\/option><option value=\"A068B582-A0ED-1E1A-E053-0100007F8AD4\">H\u00f4tel VIDA Ostra Marina<\/option><option value=\"60B01B50-4C9F-47AD-E053-8226C60AF607\">H\u00f4tel VIDA Mar de Laxe<\/option><option value=\"B93DFE0A-3296-1ECB-E053-0100007FBE55\">H\u00f4tel VIDA Finisterre Centro<\/option><option value=\"2B597C31-3FF4-277D-E050-790A30191CDB\">Appartements VIDA Sanxenxo<\/option><option value=\"490DAE31-6185-1B0E-E053-202BC30ADDB1\">Appartements VIDA Versus<\/option><option value=\"60B01B50-4CA0-47AD-E053-8226C60AF607\">Appartements VIDA Mar de Laxe<\/option><option value=\"2B597C31-3FF3-277D-E050-790A30191CDB\">Appartements VIDA Finisterre<\/option><option value=\"2B597C31-3FF1-277D-E050-790A30191CDB\">Appartements VIDA Corcubi\u00f3n<\/option><\/select><br \/>\n<span style=\"font-size: 17px;\"><strong>Check-In:<\/strong><\/span><input id=\"desde\" style=\"background-color: #fff; color: #000;\" name=\"desde\" size=\"8\" type=\"text\" readonly=\"true\"><span style=\"font-size: 17px;\">&nbsp;&nbsp;&nbsp;<strong>Check-Out:<\/strong><\/span><input id=\"hasta\" style=\"background-color: #fff; color: #000;\" name=\"hasta\" size=\"8\" type=\"text\" readonly=\"true\"><span style=\"font-size: 17px;\"><strong>  N\u00ba Chamb\/Appart: <\/strong><\/span><select id=\"numhab\" style=\"font-size: 15px;\" name=\"numhab\"><option selected=\"selected\" value=\"1\">1<\/option><option value=\"2\">2<\/option><option value=\"3\">3<\/option><\/select><input name=\"adultos\" type=\"hidden\"><input name=\"nenes\" type=\"hidden\"><input name=\"edadnenes\" type=\"hidden\"><\/p>\n<div id=\"habs\" style=\"display: table;\">\n<div id=\"hab1_hab\" style=\"display: table-row;\">\n<\/div>\n<div id=\"hab1_labels\" style=\"display: table-row;\">\n<div style=\"display: table-cell; font-size: 15px;\"><\/div>\n<div style=\"display: table-cell; font-size: 14px;\">Adultes<\/div>\n<div style=\"display: table-cell; font-size: 14px;\">Enfants<\/div>\n<div id=\"edadnenes1_hab1_label\" style=\"display: table-cell; visibility: hidden; font-size: 14px;\">Enf 1<\/div>\n<div id=\"edadnenes2_hab1_label\" style=\"display: table-cell; visibility: hidden; font-size: 14px;\">Enf 2<\/div>\n<\/div>\n<div id=\"hab1_frm\" style=\"display: table-row;\">\n<div style=\"display: table-cell; font-size: 15px;\"><strong>Chamb\/Appart 1:<\/strong><\/div>\n<div style=\"display: table-cell;\"><input id=\"adultos1\" style=\"background-color: #fff; color: #000; font-family:monospace; width:4em;\" max=\"7\" min=\"1\" size=\"2\" type=\"number\"><\/div>\n<div style=\"display: table-cell; padding: 2px;\"><input id=\"nenes1\" style=\"background-color: #fff; color: #000; font-family:monospace; width:4em;\" max=\"2\" min=\"0\" size=\"2\" type=\"number\"><\/div>\n<div id=\"edadnenes1_hab1_div\" style=\"display: table-cell; visibility: hidden; padding: 2px;\"><input id=\"edadnenes1_hab1\" style=\"background-color: #fff; color: #000; font-family:monospace; width:4em;\" max=\"16\" min=\"0\" size=\"2\" type=\"number\"><\/div>\n<div id=\"edadnenes2_hab1_div\" style=\"display: table-cell; visibility: hidden; padding: 2px;\"><input id=\"edadnenes2_hab1\" style=\"background-color: #fff; color: #000; font-family:monospace; width:4em;\" max=\"16\" min=\"0\" size=\"2\" type=\"number\"><\/div>\n<\/div>\n<div id=\"hab2_hab\" style=\"display: none;\">\n<\/div>\n<div id=\"hab2_labels\" style=\"display: none;\">\n<div style=\"display: table-cell; font-size: 15px;\"><\/div>\n<div style=\"display: table-cell; font-size: 14px;\">Adultes<\/div>\n<div style=\"display: table-cell; font-size: 14px;\">Enfants<\/div>\n<div id=\"edadnenes1_hab2_label\" style=\"display: table-cell; visibility: hidden; font-size: 14px;\">Enf 1<\/div>\n<div id=\"edadnenes2_hab2_label\" style=\"display: table-cell; visibility: hidden; font-size: 14px;\">Enf 2<\/div>\n<\/div>\n<div id=\"hab2_frm\" style=\"display: none;\">\n<div style=\"display: table-cell; font-size: 15px;\"><strong>Chamb\/Appart 2:<\/strong><\/div>\n<div style=\"display: table-cell;\"><input id=\"adultos2\" style=\"background-color: #fff; color: #000; font-family:monospace; width:4em;\" max=\"7\" min=\"1\" size=\"2\" type=\"number\"><\/div>\n<div style=\"display: table-cell; padding: 2px;\"><input id=\"nenes2\" style=\"background-color: #fff; color: #000; font-family:monospace; width:4em;\" max=\"2\" min=\"0\" size=\"2\" type=\"number\"><\/div>\n<div id=\"edadnenes1_hab2_div\" style=\"display: table-cell; visibility: hidden; padding: 2px;\"><input id=\"edadnenes1_hab2\" style=\"background-color: #fff; color: #000; font-family:monospace; width:4em;\" max=\"16\" min=\"0\" size=\"2\" type=\"number\"><\/div>\n<div id=\"edadnenes2_hab2_div\" style=\"display: table-cell; visibility: hidden; padding: 2px;\"><input id=\"edadnenes2_hab2\" style=\"background-color: #fff; color: #000; font-family:monospace; width:4em;\" max=\"16\" min=\"0\" size=\"2\" type=\"number\"><\/div>\n<\/div>\n<div id=\"hab3_hab\" style=\"display: none;\">\n<\/div>\n<div id=\"hab3_labels\" style=\"display: none;\">\n<div style=\"display: table-cell; font-size: 15px;\"><\/div>\n<div style=\"display: table-cell; font-size: 14px;\">Adultes<\/div>\n<div style=\"display: table-cell; font-size: 14px;\">Enfants<\/div>\n<div id=\"edadnenes1_hab3_label\" style=\"display: table-cell; visibility: hidden; font-size: 14px;\">Enf 1<\/div>\n<div id=\"edadnenes2_hab3_label\" style=\"display: table-cell; visibility: hidden; font-size: 14px;\">Enf 2<\/div>\n<\/div>\n<div id=\"hab3_frm\" style=\"display: none;\">\n<div style=\"display: table-cell; font-size: 15px;\"><strong>Chamb\/Appart 3:<\/strong><\/div>\n<div style=\"display: table-cell;\"><input id=\"adultos3\" style=\"background-color: #fff; color: #000; font-family:monospace; width:4em;\" max=\"7\" min=\"1\" size=\"2\" type=\"number\"><\/div>\n<div style=\"display: table-cell; padding: 2px;\"><input id=\"nenes3\" style=\"background-color: #fff; color: #000; font-family:monospace; width:4em;\" max=\"2\" min=\"0\" size=\"2\" type=\"number\"><\/div>\n<div id=\"edadnenes1_hab3_div\" style=\"display: table-cell; visibility: hidden; padding: 2px;\"><input id=\"edadnenes1_hab3\" style=\"background-color: #fff; color: #000; font-family:monospace; width:4em;\" max=\"16\" min=\"0\" size=\"2\" type=\"number\"><\/div>\n<div id=\"edadnenes2_hab3_div\" style=\"display: table-cell; visibility: hidden; padding: 2px;\"><input id=\"edadnenes2_hab3\" style=\"background-color: #fff; color: #000; font-family:monospace; width:4em;\" max=\"16\" min=\"0\" size=\"2\" type=\"number\"><\/div>\n<\/div>\n<\/div>\n<p><input style=\"margin-top: 10px; font-size: 24px;\" type=\"submit\" value=\"CHERCHER\"><br \/>\n<\/form>\n<\/div>\n\n\n\n<div class=\"wp-block-uagb-separator uagb-block-634b5a11\"><div class=\"wp-block-uagb-separator__inner\" style=\"--my-background-image:\"><\/div><\/div>\n<div class=\"gsp_post_data\" \r\n\t            data-post_type=\"page\" \r\n\t            data-cat=\"\" \r\n\t            data-modified=\"120\"\r\n\t            data-created=\"1516788518\"\r\n\t            data-title=\"R\u00e9servations en ligne\" \r\n\t            data-home=\"https:\/\/vidahoteles.com\/fr\/\"><\/div>","protected":false},"excerpt":{"rendered":"<p>Faites votre r\u00e9servation directement et vous le ferez le plus rapidement, en toute s\u00e9curit\u00e9 et au meilleur prix garanti. Pour [&hellip;]<\/p>\n","protected":false},"author":1,"featured_media":0,"parent":0,"menu_order":560,"comment_status":"closed","ping_status":"closed","template":"","meta":{"site-sidebar-layout":"default","site-content-layout":"","ast-site-content-layout":"default","site-content-style":"default","site-sidebar-style":"default","ast-global-header-display":"","ast-banner-title-visibility":"","ast-main-header-display":"","ast-hfb-above-header-display":"","ast-hfb-below-header-display":"","ast-hfb-mobile-header-display":"","site-post-title":"","ast-breadcrumbs-content":"","ast-featured-img":"","footer-sml-layout":"","ast-disable-related-posts":"","theme-transparent-header-meta":"","adv-header-id-meta":"","stick-header-meta":"","header-above-stick-meta":"","header-main-stick-meta":"","header-below-stick-meta":"","astra-migrate-meta-layouts":"default","ast-page-background-enabled":"default","ast-page-background-meta":{"desktop":{"background-color":"var(--ast-global-color-4)","background-image":"","background-repeat":"repeat","background-position":"center center","background-size":"auto","background-attachment":"scroll","background-type":"","background-media":"","overlay-type":"","overlay-color":"","overlay-opacity":"","overlay-gradient":""},"tablet":{"background-color":"","background-image":"","background-repeat":"repeat","background-position":"center center","background-size":"auto","background-attachment":"scroll","background-type":"","background-media":"","overlay-type":"","overlay-color":"","overlay-opacity":"","overlay-gradient":""},"mobile":{"background-color":"","background-image":"","background-repeat":"repeat","background-position":"center center","background-size":"auto","background-attachment":"scroll","background-type":"","background-media":"","overlay-type":"","overlay-color":"","overlay-opacity":"","overlay-gradient":""}},"ast-content-background-meta":{"desktop":{"background-color":"var(--ast-global-color-5)","background-image":"","background-repeat":"repeat","background-position":"center center","background-size":"auto","background-attachment":"scroll","background-type":"","background-media":"","overlay-type":"","overlay-color":"","overlay-opacity":"","overlay-gradient":""},"tablet":{"background-color":"var(--ast-global-color-5)","background-image":"","background-repeat":"repeat","background-position":"center center","background-size":"auto","background-attachment":"scroll","background-type":"","background-media":"","overlay-type":"","overlay-color":"","overlay-opacity":"","overlay-gradient":""},"mobile":{"background-color":"var(--ast-global-color-5)","background-image":"","background-repeat":"repeat","background-position":"center center","background-size":"auto","background-attachment":"scroll","background-type":"","background-media":"","overlay-type":"","overlay-color":"","overlay-opacity":"","overlay-gradient":""}},"ngg_post_thumbnail":0,"_jet_sm_ready_style":"","_jet_sm_style":"","_jet_sm_controls_values":"","_jet_sm_fonts_collection":"","_jet_sm_fonts_links":"","footnotes":""},"class_list":["post-3126","page","type-page","status-publish","hentry"],"yoast_head":"<!-- This site is optimized with the Yoast SEO plugin v24.8.1 - https:\/\/yoast.com\/wordpress\/plugins\/seo\/ -->\n<title>R\u00e9servations en ligne - Vida Hoteles &amp; Apartamentos<\/title>\n<meta name=\"robots\" content=\"index, follow, max-snippet:-1, max-image-preview:large, max-video-preview:-1\" \/>\n<link rel=\"canonical\" href=\"https:\/\/vidahoteles.com\/fr\/reservations-en-ligne\/\" \/>\n<meta property=\"og:locale\" content=\"fr_FR\" \/>\n<meta property=\"og:type\" content=\"article\" \/>\n<meta property=\"og:title\" content=\"R\u00e9servations en ligne - Vida Hoteles &amp; Apartamentos\" \/>\n<meta property=\"og:description\" content=\"Faites votre r\u00e9servation directement et vous le ferez le plus rapidement, en toute s\u00e9curit\u00e9 et au meilleur prix garanti. Pour [&hellip;]\" \/>\n<meta property=\"og:url\" content=\"https:\/\/vidahoteles.com\/fr\/reservations-en-ligne\/\" \/>\n<meta property=\"og:site_name\" content=\"Vida Hoteles &amp; Apartamentos\" \/>\n<meta property=\"article:modified_time\" content=\"2025-04-08T17:40:50+00:00\" \/>\n<meta name=\"twitter:label1\" content=\"Dur\u00e9e de lecture estim\u00e9e\" \/>\n\t<meta name=\"twitter:data1\" content=\"1 minute\" \/>\n<script type=\"application\/ld+json\" class=\"yoast-schema-graph\">{\"@context\":\"https:\/\/schema.org\",\"@graph\":[{\"@type\":\"WebPage\",\"@id\":\"https:\/\/vidahoteles.com\/fr\/reservations-en-ligne\/\",\"url\":\"https:\/\/vidahoteles.com\/fr\/reservations-en-ligne\/\",\"name\":\"R\u00e9servations en ligne - Vida Hoteles &amp; Apartamentos\",\"isPartOf\":{\"@id\":\"https:\/\/vidahoteles.com\/#website\"},\"datePublished\":\"2018-01-24T10:08:38+00:00\",\"dateModified\":\"2025-04-08T17:40:50+00:00\",\"breadcrumb\":{\"@id\":\"https:\/\/vidahoteles.com\/fr\/reservations-en-ligne\/#breadcrumb\"},\"inLanguage\":\"fr-FR\",\"potentialAction\":[{\"@type\":\"ReadAction\",\"target\":[\"https:\/\/vidahoteles.com\/fr\/reservations-en-ligne\/\"]}]},{\"@type\":\"BreadcrumbList\",\"@id\":\"https:\/\/vidahoteles.com\/fr\/reservations-en-ligne\/#breadcrumb\",\"itemListElement\":[{\"@type\":\"ListItem\",\"position\":1,\"name\":\"Portada\",\"item\":\"https:\/\/vidahoteles.com\/pt-pt\/\"},{\"@type\":\"ListItem\",\"position\":2,\"name\":\"R\u00e9servations en ligne\"}]},{\"@type\":\"WebSite\",\"@id\":\"https:\/\/vidahoteles.com\/#website\",\"url\":\"https:\/\/vidahoteles.com\/\",\"name\":\"Vida Hoteles &amp; Apartamentos\",\"description\":\"La cadena hotelera de A Costa da Morte (Galicia)\",\"potentialAction\":[{\"@type\":\"SearchAction\",\"target\":{\"@type\":\"EntryPoint\",\"urlTemplate\":\"https:\/\/vidahoteles.com\/?s={search_term_string}\"},\"query-input\":{\"@type\":\"PropertyValueSpecification\",\"valueRequired\":true,\"valueName\":\"search_term_string\"}}],\"inLanguage\":\"fr-FR\"}]}<\/script>\n<!-- \/ Yoast SEO plugin. -->","yoast_head_json":{"title":"R\u00e9servations en ligne - Vida Hoteles &amp; Apartamentos","robots":{"index":"index","follow":"follow","max-snippet":"max-snippet:-1","max-image-preview":"max-image-preview:large","max-video-preview":"max-video-preview:-1"},"canonical":"https:\/\/vidahoteles.com\/fr\/reservations-en-ligne\/","og_locale":"fr_FR","og_type":"article","og_title":"R\u00e9servations en ligne - Vida Hoteles &amp; Apartamentos","og_description":"Faites votre r\u00e9servation directement et vous le ferez le plus rapidement, en toute s\u00e9curit\u00e9 et au meilleur prix garanti. Pour [&hellip;]","og_url":"https:\/\/vidahoteles.com\/fr\/reservations-en-ligne\/","og_site_name":"Vida Hoteles &amp; Apartamentos","article_modified_time":"2025-04-08T17:40:50+00:00","twitter_misc":{"Dur\u00e9e de lecture estim\u00e9e":"1 minute"},"schema":{"@context":"https:\/\/schema.org","@graph":[{"@type":"WebPage","@id":"https:\/\/vidahoteles.com\/fr\/reservations-en-ligne\/","url":"https:\/\/vidahoteles.com\/fr\/reservations-en-ligne\/","name":"R\u00e9servations en ligne - Vida Hoteles &amp; Apartamentos","isPartOf":{"@id":"https:\/\/vidahoteles.com\/#website"},"datePublished":"2018-01-24T10:08:38+00:00","dateModified":"2025-04-08T17:40:50+00:00","breadcrumb":{"@id":"https:\/\/vidahoteles.com\/fr\/reservations-en-ligne\/#breadcrumb"},"inLanguage":"fr-FR","potentialAction":[{"@type":"ReadAction","target":["https:\/\/vidahoteles.com\/fr\/reservations-en-ligne\/"]}]},{"@type":"BreadcrumbList","@id":"https:\/\/vidahoteles.com\/fr\/reservations-en-ligne\/#breadcrumb","itemListElement":[{"@type":"ListItem","position":1,"name":"Portada","item":"https:\/\/vidahoteles.com\/pt-pt\/"},{"@type":"ListItem","position":2,"name":"R\u00e9servations en ligne"}]},{"@type":"WebSite","@id":"https:\/\/vidahoteles.com\/#website","url":"https:\/\/vidahoteles.com\/","name":"Vida Hoteles &amp; Apartamentos","description":"La cadena hotelera de A Costa da Morte (Galicia)","potentialAction":[{"@type":"SearchAction","target":{"@type":"EntryPoint","urlTemplate":"https:\/\/vidahoteles.com\/?s={search_term_string}"},"query-input":{"@type":"PropertyValueSpecification","valueRequired":true,"valueName":"search_term_string"}}],"inLanguage":"fr-FR"}]}},"_links":{"self":[{"href":"https:\/\/vidahoteles.com\/fr\/wp-json\/wp\/v2\/pages\/3126","targetHints":{"allow":["GET"]}}],"collection":[{"href":"https:\/\/vidahoteles.com\/fr\/wp-json\/wp\/v2\/pages"}],"about":[{"href":"https:\/\/vidahoteles.com\/fr\/wp-json\/wp\/v2\/types\/page"}],"author":[{"embeddable":true,"href":"https:\/\/vidahoteles.com\/fr\/wp-json\/wp\/v2\/users\/1"}],"replies":[{"embeddable":true,"href":"https:\/\/vidahoteles.com\/fr\/wp-json\/wp\/v2\/comments?post=3126"}],"version-history":[{"count":15,"href":"https:\/\/vidahoteles.com\/fr\/wp-json\/wp\/v2\/pages\/3126\/revisions"}],"predecessor-version":[{"id":12054,"href":"https:\/\/vidahoteles.com\/fr\/wp-json\/wp\/v2\/pages\/3126\/revisions\/12054"}],"wp:attachment":[{"href":"https:\/\/vidahoteles.com\/fr\/wp-json\/wp\/v2\/media?parent=3126"}],"curies":[{"name":"wp","href":"https:\/\/api.w.org\/{rel}","templated":true}]}}