{"id":7069,"date":"2015-10-24T02:00:00","date_gmt":"2015-10-24T02:00:00","guid":{"rendered":"https:\/\/vidahoteles.com\/?page_id=7069"},"modified":"2025-04-11T13:09:49","modified_gmt":"2025-04-11T13:09:49","slug":"hotel-vida-ostra-marina","status":"publish","type":"page","link":"https:\/\/vidahoteles.com\/fr\/hotel-vida-ostra-marina\/","title":{"rendered":"H\u00f4tel VIDA Ostra Marina **"},"content":{"rendered":"<p><script type=\"text\/javascript\">\n\t$(document).ready(function(){ \n\t\t$.datepicker.regional[\"fr\"] = {\n\t\t\tcloseText: \"Fermer\",\n\t\t\tprevText: \"Pr\u00e9\",\n\t\t\tnextText: \"Next\",\n\t\t\tcurrentText: \"Aujourd'hui\",\n\t\t\tmonthNames: [ \"Janvier\",\"F\u00e9vrier\",\"Mars\",\"Avril\",\"Mai\",\"Juin\",\"Juillet\",\"Ao\u00fbt\",\"Septembre\",\"Octobre\",\"Novembre\",\"D\u00e9cembre\" ],\n\t\t\tmonthNamesShort: [ \"jan\",\"fev\",\"mar\",\"avr\",\"mai\",\"jun\",\"jul\",\"aou\",\"sep\",\"oct\",\"nov\",\"dec\" ],\n\t\t\tdayNames: [ \"dimanche\",\"lundi\",\"mardi\",\"mercredi\",\"jeudi\",\"vendredi\",\"samedi\" ],\n\t\t\tdayNamesShort: [ \"dim\",\"lun\",\"mar\",\"mer\",\"jeu\",\"ven\",\"sam\" ],\n\t\t\tdayNamesMin: [ \"D\",\"L\",\"M\",\"M\",\"J\",\"V\",\"S\" ],\n\t\t\tweekHeader: \"Sm\",\n\t\t\tdateFormat: \"dd\/mm\/yy\",\n\t\t\tfirstDay: 1,\n\t\t\tisRTL: false,\n\t\t\tshowMonthAfterYear: false,\n\t\t\tyearSuffix: \"\" \n\t\t};\n$.datepicker.setDefaults( $.datepicker.regional[ \"fr\" ] );\n\t});\n<\/script><\/p>\n<div style=\"background-color: #dddddd; padding: 2px; text-align: center;\">\n<form id=\"bookform\" action=\"https:\/\/vidahoteles.com\/fr\/reservations\/\" method=\"get\"><input name=\"fullintegration\" type=\"hidden\" value=\"1\"><input name=\"fitparent\" type=\"hidden\" value=\"1\"><input name=\"vscroll\" type=\"hidden\" value=\"1\"><input id=\"skin\" name=\"skin\" type=\"hidden\" value=\"vidahotpax\"><input name=\"idiomaid\" type=\"hidden\" value=\"fr\"><input id=\"channelkey\" name=\"channelkey\" type=\"hidden\" value=\"A068B582-A0ED-1E1A-E053-0100007F8AD4\"><span style=\"font-size: 20px;\"><strong>R\u00c9SERVATION EN LIGNE (MEILLEUR PRIX GARANTI)<\/strong><\/span><br \/>\n<span style=\"font-size: 17px;\"><strong>Check-In:<\/strong><\/span><input id=\"desde\" style=\"background-color: #fff; color: #000;\" name=\"desde\" readonly=\"readonly\" size=\"8\" type=\"text\"><span style=\"font-size: 17px;\">&nbsp;&nbsp;&nbsp;<strong>Check-Out:<\/strong><\/span><input id=\"hasta\" style=\"background-color: #fff; color: #000;\" name=\"hasta\" readonly=\"readonly\" size=\"8\" type=\"text\"><span style=\"font-size: 17px;\"><strong> N\u00ba Chambres: <\/strong><\/span><select id=\"numhab\" style=\"font-size: 15px;\" name=\"numhab\"><option selected=\"selected\" value=\"1\">1<\/option><option value=\"2\">2<\/option><option value=\"3\">3<\/option><\/select><input name=\"adultos\" type=\"hidden\"><input name=\"nenes\" type=\"hidden\"><input name=\"edadnenes\" type=\"hidden\"><\/p>\n<div id=\"habs\" style=\"display: table;\">\n<div id=\"hab1_hab\" style=\"display: table-row;\">&nbsp;<\/div>\n<div id=\"hab1_labels\" style=\"display: table-row;\">\n<div style=\"display: table-cell; font-size: 15px;\">&nbsp;<\/div>\n<div style=\"display: table-cell; font-size: 14px;\">Adultes<\/div>\n<div style=\"display: table-cell; font-size: 14px;\">Enfants<\/div>\n<div id=\"edadnenes1_hab1_label\" style=\"display: table-cell; visibility: hidden; font-size: 14px;\">Enf 1<\/div>\n<div id=\"edadnenes2_hab1_label\" style=\"display: table-cell; visibility: hidden; font-size: 14px;\">Enf 2<\/div>\n<\/div>\n<div id=\"hab1_frm\" style=\"display: table-row;\">\n<div style=\"display: table-cell; font-size: 15px;\"><strong>Chambre 1:<\/strong><\/div>\n<div style=\"display: table-cell;\"><input id=\"adultos1\" style=\"background-color: #fff; color: #000; font-family: monospace; width: 4em;\" max=\"3\" min=\"1\" size=\"2\" type=\"number\"><\/div>\n<div style=\"display: table-cell; padding: 2px;\"><input id=\"nenes1\" style=\"background-color: #fff; color: #000; font-family: monospace; width: 4em;\" max=\"1\" min=\"0\" size=\"2\" type=\"number\"><\/div>\n<div id=\"edadnenes1_hab1_div\" style=\"display: table-cell; visibility: hidden; padding: 2px;\"><input id=\"edadnenes1_hab1\" style=\"background-color: #fff; color: #000; font-family: monospace; width: 4em;\" max=\"8\" min=\"0\" size=\"2\" type=\"number\"><\/div>\n<div id=\"edadnenes2_hab1_div\" style=\"display: table-cell; visibility: hidden; padding: 2px;\"><input id=\"edadnenes2_hab1\" style=\"background-color: #fff; color: #000; font-family: monospace; width: 4em;\" max=\"8\" min=\"0\" size=\"2\" type=\"number\"><\/div>\n<\/div>\n<div id=\"hab2_hab\" style=\"display: none;\">&nbsp;<\/div>\n<div id=\"hab2_labels\" style=\"display: none;\">\n<div style=\"display: table-cell; font-size: 15px;\">&nbsp;<\/div>\n<div style=\"display: table-cell; font-size: 14px;\">Adultes<\/div>\n<div style=\"display: table-cell; font-size: 14px;\">Enfants<\/div>\n<div id=\"edadnenes1_hab2_label\" style=\"display: table-cell; visibility: hidden; font-size: 14px;\">Enf 1<\/div>\n<div id=\"edadnenes2_hab2_label\" style=\"display: table-cell; visibility: hidden; font-size: 14px;\">Enf 2<\/div>\n<\/div>\n<div id=\"hab2_frm\" style=\"display: none;\">\n<div style=\"display: table-cell; font-size: 15px;\"><strong>Chambre 2:<\/strong><\/div>\n<div style=\"display: table-cell;\"><input id=\"adultos2\" style=\"background-color: #fff; color: #000; font-family: monospace; width: 4em;\" max=\"3\" min=\"1\" size=\"2\" type=\"number\"><\/div>\n<div style=\"display: table-cell; padding: 2px;\"><input id=\"nenes2\" style=\"background-color: #fff; color: #000; font-family: monospace; width: 4em;\" max=\"1\" min=\"0\" size=\"2\" type=\"number\"><\/div>\n<div id=\"edadnenes1_hab2_div\" style=\"display: table-cell; visibility: hidden; padding: 2px;\"><input id=\"edadnenes1_hab2\" style=\"background-color: #fff; color: #000; font-family: monospace; width: 4em;\" max=\"8\" min=\"0\" size=\"2\" type=\"number\"><\/div>\n<div id=\"edadnenes2_hab2_div\" style=\"display: table-cell; visibility: hidden; padding: 2px;\"><input id=\"edadnenes2_hab2\" style=\"background-color: #fff; color: #000; font-family: monospace; width: 4em;\" max=\"8\" min=\"0\" size=\"2\" type=\"number\"><\/div>\n<\/div>\n<div id=\"hab3_hab\" style=\"display: none;\">&nbsp;<\/div>\n<div id=\"hab3_labels\" style=\"display: none;\">\n<div style=\"display: table-cell; font-size: 15px;\">&nbsp;<\/div>\n<div style=\"display: table-cell; font-size: 14px;\">Adultes<\/div>\n<div style=\"display: table-cell; font-size: 14px;\">Enfants<\/div>\n<div id=\"edadnenes1_hab3_label\" style=\"display: table-cell; visibility: hidden; font-size: 14px;\">Enf 1<\/div>\n<div id=\"edadnenes2_hab3_label\" style=\"display: table-cell; visibility: hidden; font-size: 14px;\">Enf 2<\/div>\n<\/div>\n<div id=\"hab3_frm\" style=\"display: none;\">\n<div style=\"display: table-cell; font-size: 15px;\"><strong>Chambre 3:<\/strong><\/div>\n<div style=\"display: table-cell;\"><input id=\"adultos3\" style=\"background-color: #fff; color: #000; font-family: monospace; width: 4em;\" max=\"3\" min=\"1\" size=\"2\" type=\"number\"><\/div>\n<div style=\"display: table-cell; padding: 2px;\"><input id=\"nenes3\" style=\"background-color: #fff; color: #000; font-family: monospace; width: 4em;\" max=\"1\" min=\"0\" size=\"2\" type=\"number\"><\/div>\n<div id=\"edadnenes1_hab3_div\" style=\"display: table-cell; visibility: hidden; padding: 2px;\"><input id=\"edadnenes1_hab3\" style=\"background-color: #fff; color: #000; font-family: monospace; width: 4em;\" max=\"8\" min=\"0\" size=\"2\" type=\"number\"><\/div>\n<div id=\"edadnenes2_hab3_div\" style=\"display: table-cell; visibility: hidden; padding: 2px;\"><input id=\"edadnenes2_hab3\" style=\"background-color: #fff; color: #000; font-family: monospace; width: 4em;\" max=\"8\" min=\"0\" size=\"2\" type=\"number\"><\/div>\n<\/div>\n<\/div>\n<p><input style=\"margin-top: 10px; font-size: 24px;\" type=\"submit\" value=\"CHERCHER\"><\/p>\n<\/form>\n<\/div>\n\n\n\n<hr class=\"wp-block-separator has-css-opacity\"\/>\n\n\n\n<p>Hotel VIDA Ostra Marina est situ\u00e9 \u00e0 250 m\u00e8tres de la c\u00e9l\u00e8bre Plage de La Lanzada, l\u2019une des plus grandes plages de la c\u00f4te galicienne, id\u00e9ale pour les adultes et les enfants.<\/p>\n\n\n\n<p>Le centre de Sanxenxo est \u00e0 7 minutes en voiture, O Grove \u00e9galement \u00e0 8 minutes et Cambados \u00e0 20 minutes.<\/p>\n\n\n\n<p>La c\u00e9l\u00e8bre plage de La Lanzada, est \u00e0 2 minutes \u00e0 pied, ayant d\u2019autres plages \u00e0 une courte distance plus tard.<\/p>\n\n\n\n<h4 class=\"wp-block-heading\">DESCRIPTION H\u00d4TEL VIDA OSTRA MARINA<\/h4>\n\n\n\n<p><strong>Chambres Basic<\/strong> (toutes avec lit double et une capacit\u00e9 de 2 personnes) avec salle de bain compl\u00e8te, TV LCD, Wi-Fi gratuit et chauffage. Ces types de chambres sont les plus petites de l&rsquo;h\u00f4tel.<\/p>\n\n\nngg_shortcode_0_placeholder\n\n\n\n<p><strong>Chambres Standard<\/strong> (toutes avec lit double et capacit\u00e9 2 personnes) avec salle de bain compl\u00e8te, TV LCD, Wi-Fi gratuit et chauffage.<\/p>\n\n\n\n<p><strong>Chambres Triple Standard<\/strong> (toutes avec 3 lits simples et capacit\u00e9 de 3 personnes), avec salle de bain compl\u00e8te, TV LCD, Wi-Fi gratuit et chauffage.<\/p>\n\n\n\n<h4 class=\"wp-block-heading\">INSTALLATIONS H\u00d4TEL VIDA OSTRA MARINA<\/h4>\n\n\n\n<p>Compl\u00e9te ses installations avec salle de petit d\u00e9jeuner, caf\u00e9t\u00e9ria, r\u00e9ception et Wi-Fi gratuit dans tout l&rsquo;h\u00f4tel.<\/p>\n\n\nngg_shortcode_1_placeholder\n\n\nngg_shortcode_2_placeholder\n\n\n\n<p>Les berceaux sont gratuitis sur demande (il est necessaire de r\u00e9server en avance). Il n\u2019est pas posible de mettre un berceaux dans la chambre BASIC et chambre TRIPLE STANDARD.<\/p>\n\n\nngg_shortcode_3_placeholder\n\n\n\n<p>Heures d&rsquo;arriv\u00e9e: de 14h00 \u00e0 22h00 (plus tard, il est n\u00e9cessaire de pr\u00e9venir le jour de l&rsquo;arriv\u00e9e \u00e0 l&rsquo;avance).<\/p>\n\n\n\n<h4 class=\"wp-block-heading\">SITUATION H\u00d4TEL VIDA OSTRA MARINA<\/h4>\n\n\n\n<center><iframe style=\"border: 0;\" src=\"https:\/\/www.google.com\/maps\/embed?pb=!1m14!1m8!1m3!1d10336.43802379801!2d-8.87872195140381!3d42.43827867771543!3m2!1i1024!2i768!4f13.1!3m3!1m2!1s0x0%3A0x77a62c77b4cf4a2a!2sHotel%20Ostra%20Marina!5e1!3m2!1ses!2ses!4v1583841554821!5m2!1ses!2ses\" allowfullscreen=\"allowfullscreen\" width=\"800\" height=\"600\" frameborder=\"0\"><\/iframe><\/center>\n\n\n\n<p class=\"has-text-align-center has-background\" style=\"background-color:#dddddd\"><strong><strong>HOTEL VIDA OSTRA MARINA **<br><\/strong><\/strong>Lugar O Telleiro, 157 \u2013 A Lanzada<br>Sanxenxo (Pontevedra)<br>T: +34 881098207 (Reservas)<br>@: <a href=\"mailto:reservas@vidahoteles.com\">reservas@vidahoteles.com<\/a><br>Coordenadas GPS: 42.436348 \/ -8.868301<\/p>\n\n\n\n<h4 class=\"wp-block-heading rich-text block-editor-rich-text__editable\"><strong>AVIS H\u00d4TEL VIDA OSTRA MARINA<\/strong><\/h4>\n\n\n\n<div class=\"wp-block-columns is-layout-flex wp-container-core-columns-is-layout-1 wp-block-columns-is-layout-flex\">\n<div class=\"wp-block-column is-layout-flow wp-block-column-is-layout-flow\">\n<div class=\"wp-block-image\"><figure class=\"aligncenter size-medium\"><a href=\"https:\/\/vidahoteles.com\/wp-content\/uploads\/2020\/05\/booking-1.jpg\"><img decoding=\"async\" width=\"300\" height=\"55\" src=\"https:\/\/vidahoteles.com\/wp-content\/uploads\/2020\/05\/booking-1-300x55.jpg\" alt=\"\" class=\"wp-image-5055\" srcset=\"https:\/\/vidahoteles.com\/wp-content\/uploads\/2020\/05\/booking-1-300x55.jpg 300w, https:\/\/vidahoteles.com\/wp-content\/uploads\/2020\/05\/booking-1.jpg 731w\" sizes=\"(max-width: 300px) 100vw, 300px\" \/><\/a><\/figure><\/div>\n\n\n\n<p class=\"has-text-align-center has-text-color\" style=\"color:#1e427e;font-size:92px\">8.4<\/p>\n<\/div>\n\n\n\n<div class=\"wp-block-column is-layout-flow wp-block-column-is-layout-flow\">\n<div id=\"TA_selfserveprop890\" class=\"TA_selfserveprop\"><ul id=\"pW84Kdc6uY\" class=\"TA_links jiNELYfI7\"><li id=\"qvvKl9\" class=\"wzOc8xKfxx9O\"><a target=\"_blank\" href=\"https:\/\/www.tripadvisor.es\/Hotel_Review-g652143-d948260-Reviews-Hotel_VIDA_Ostra_Marina-Sanxenxo_Province_of_Pontevedra_Galicia.html\" rel=\"noopener noreferrer\"><img decoding=\"async\" src=\"https:\/\/www.tripadvisor.es\/img\/cdsi\/img2\/branding\/v2\/Tripadvisor_lockup_horizontal_secondary_registered-11900-2.svg\" alt=\"TripAdvisor\"><\/a><\/li><\/ul><\/div><script async=\"\" src=\"https:\/\/www.jscache.com\/wejs?wtype=selfserveprop&amp;uniq=890&amp;locationId=948260&amp;lang=es&amp;rating=true&amp;nreviews=5&amp;writereviewlink=true&amp;popIdx=true&amp;iswide=false&amp;border=true&amp;display_version=2\" data-loadtrk=\"\" onload=\"this.loadtrk=true\"><\/script>\n\n\n<\/div>\n<\/div>\n\n\n\n<h4 class=\"wp-block-heading rich-text block-editor-rich-text__editable\"><strong>IMAGES H\u00d4TEL VIDA OSTRA MARINA<\/strong><\/h4>\n\n\n\nngg_shortcode_4_placeholder\n\n\n\n<h4 class=\"wp-block-heading\">QUE FAIRE \u00c0 SANXENXO<\/h4>\n\n\n<p><center><div class=\"pt-cv-wrapper\"><div class=\"pt-cv-view pt-cv-grid pt-cv-colsys\" id=\"pt-cv-view-db46c461ik\"><div data-id=\"pt-cv-page-1\" class=\"pt-cv-page\" data-cvc=\"1\"><div class=\"col-md-12 col-sm-12 col-xs-12 pt-cv-content-item pt-cv-1-col\" ><div class='pt-cv-ifield'><a href=\"https:\/\/vidahoteles.com\/fr\/sanxenxo\/\" class=\"_self pt-cv-href-thumbnail pt-cv-thumb-default\" target=\"_self\" ><img fetchpriority=\"high\" decoding=\"async\" width=\"672\" height=\"372\" src=\"https:\/\/vidahoteles.com\/wp-content\/uploads\/ngg_featured\/Sanxenxo-001-672x372.jpg\" class=\"pt-cv-thumbnail\" alt=\"\" srcset=\"https:\/\/vidahoteles.com\/wp-content\/uploads\/ngg_featured\/Sanxenxo-001-672x372.jpg 672w, https:\/\/vidahoteles.com\/wp-content\/uploads\/ngg_featured\/Sanxenxo-001-1038x576.jpg 1038w\" sizes=\"(max-width: 672px) 100vw, 672px\" \/><\/a>\n<div class=\"pt-cv-content\">Bienvenue \u00e0 Sanxenxo, le coeur touristique de la r\u00e9gion de Saln\u00e9s, o\u00f9 tout est con\u00e7u pour les loisirs et le divertissement des touristes qui nous visitent. Toutes les indications que nous ferons dans cet article sont bas\u00e9es sur des exp\u00e9riences personnelles, que nous souvent fournissons \u00e0 nos clients \u00e0 leur arriv\u00e9e, et qui semblent utiles selon leurs commentaires. Dans les Rias Baixas, et sous l'influence d'un microclimat sp\u00e9cial, Sanxenxo est devenu progressivement la capitale touristique de la Galice (apr\u00e8s, logiquement, Santiago de Compostela). \u00c0 cause de son emplacement privil\u00e9gi\u00e9 au centre des Rias Baixas, Sanxenxo est une destination id\u00e9ale pour ...<br \/><div class=\"pt-cv-rmwrap\"><a href=\"https:\/\/vidahoteles.com\/fr\/sanxenxo\/\" class=\"_self pt-cv-readmore btn btn-success\" target=\"_self\">Leer M\u00e1s<\/a><\/div><\/div><\/div><\/div><\/div><\/div><\/div><\/center><\/p>\n<div class=\"gsp_post_data\" \r\n\t            data-post_type=\"page\" \r\n\t            data-cat=\"\" \r\n\t            data-modified=\"120\"\r\n\t            data-created=\"1445652000\"\r\n\t            data-title=\"H\u00f4tel VIDA Ostra Marina **\" \r\n\t            data-home=\"https:\/\/vidahoteles.com\/fr\/\"><\/div>","protected":false},"excerpt":{"rendered":"<p>Hotel VIDA Ostra Marina est situ\u00e9 \u00e0 250 m\u00e8tres de la c\u00e9l\u00e8bre Plage de La Lanzada, l\u2019une des plus grandes [&hellip;]<\/p>\n","protected":false},"author":2,"featured_media":7080,"parent":0,"menu_order":220,"comment_status":"closed","ping_status":"closed","template":"","meta":{"site-sidebar-layout":"default","site-content-layout":"","ast-site-content-layout":"default","site-content-style":"default","site-sidebar-style":"default","ast-global-header-display":"","ast-banner-title-visibility":"","ast-main-header-display":"","ast-hfb-above-header-display":"","ast-hfb-below-header-display":"","ast-hfb-mobile-header-display":"","site-post-title":"","ast-breadcrumbs-content":"","ast-featured-img":"","footer-sml-layout":"","ast-disable-related-posts":"","theme-transparent-header-meta":"","adv-header-id-meta":"","stick-header-meta":"","header-above-stick-meta":"","header-main-stick-meta":"","header-below-stick-meta":"","astra-migrate-meta-layouts":"default","ast-page-background-enabled":"default","ast-page-background-meta":{"desktop":{"background-color":"var(--ast-global-color-4)","background-image":"","background-repeat":"repeat","background-position":"center center","background-size":"auto","background-attachment":"scroll","background-type":"","background-media":"","overlay-type":"","overlay-color":"","overlay-opacity":"","overlay-gradient":""},"tablet":{"background-color":"","background-image":"","background-repeat":"repeat","background-position":"center center","background-size":"auto","background-attachment":"scroll","background-type":"","background-media":"","overlay-type":"","overlay-color":"","overlay-opacity":"","overlay-gradient":""},"mobile":{"background-color":"","background-image":"","background-repeat":"repeat","background-position":"center center","background-size":"auto","background-attachment":"scroll","background-type":"","background-media":"","overlay-type":"","overlay-color":"","overlay-opacity":"","overlay-gradient":""}},"ast-content-background-meta":{"desktop":{"background-color":"var(--ast-global-color-5)","background-image":"","background-repeat":"repeat","background-position":"center center","background-size":"auto","background-attachment":"scroll","background-type":"","background-media":"","overlay-type":"","overlay-color":"","overlay-opacity":"","overlay-gradient":""},"tablet":{"background-color":"var(--ast-global-color-5)","background-image":"","background-repeat":"repeat","background-position":"center center","background-size":"auto","background-attachment":"scroll","background-type":"","background-media":"","overlay-type":"","overlay-color":"","overlay-opacity":"","overlay-gradient":""},"mobile":{"background-color":"var(--ast-global-color-5)","background-image":"","background-repeat":"repeat","background-position":"center center","background-size":"auto","background-attachment":"scroll","background-type":"","background-media":"","overlay-type":"","overlay-color":"","overlay-opacity":"","overlay-gradient":""}},"ngg_post_thumbnail":0,"_jet_sm_ready_style":"","_jet_sm_style":"","_jet_sm_controls_values":"","_jet_sm_fonts_collection":"","_jet_sm_fonts_links":"","footnotes":""},"class_list":["post-7069","page","type-page","status-publish","has-post-thumbnail","hentry"],"yoast_head":"<!-- This site is optimized with the Yoast SEO plugin v24.8.1 - https:\/\/yoast.com\/wordpress\/plugins\/seo\/ -->\n<title>H\u00f4tel VIDA Ostra Marina ** - Vida Hoteles &amp; Apartamentos<\/title>\n<meta name=\"robots\" content=\"index, follow, max-snippet:-1, max-image-preview:large, max-video-preview:-1\" \/>\n<link rel=\"canonical\" href=\"https:\/\/vidahoteles.com\/fr\/hotel-vida-ostra-marina\/\" \/>\n<meta property=\"og:locale\" content=\"fr_FR\" \/>\n<meta property=\"og:type\" content=\"article\" \/>\n<meta property=\"og:title\" content=\"H\u00f4tel VIDA Ostra Marina ** - Vida Hoteles &amp; Apartamentos\" \/>\n<meta property=\"og:description\" content=\"Hotel VIDA Ostra Marina est situ\u00e9 \u00e0 250 m\u00e8tres de la c\u00e9l\u00e8bre Plage de La Lanzada, l\u2019une des plus grandes [&hellip;]\" \/>\n<meta property=\"og:url\" content=\"https:\/\/vidahoteles.com\/fr\/hotel-vida-ostra-marina\/\" \/>\n<meta property=\"og:site_name\" content=\"Vida Hoteles &amp; Apartamentos\" \/>\n<meta property=\"article:modified_time\" content=\"2025-04-11T13:09:49+00:00\" \/>\n<meta property=\"og:image\" content=\"https:\/\/vidahoteles.com\/wp-content\/uploads\/2020\/06\/Hotel-VIDA-Ostra-Marina-110.jpg\" \/>\n\t<meta property=\"og:image:width\" content=\"1600\" \/>\n\t<meta property=\"og:image:height\" content=\"1066\" \/>\n\t<meta property=\"og:image:type\" content=\"image\/jpeg\" \/>\n<meta name=\"twitter:label1\" content=\"Dur\u00e9e de lecture estim\u00e9e\" \/>\n\t<meta name=\"twitter:data1\" content=\"3 minutes\" \/>\n<script type=\"application\/ld+json\" class=\"yoast-schema-graph\">{\"@context\":\"https:\/\/schema.org\",\"@graph\":[{\"@type\":\"WebPage\",\"@id\":\"https:\/\/vidahoteles.com\/fr\/hotel-vida-ostra-marina\/\",\"url\":\"https:\/\/vidahoteles.com\/fr\/hotel-vida-ostra-marina\/\",\"name\":\"H\u00f4tel VIDA Ostra Marina ** - Vida Hoteles &amp; Apartamentos\",\"isPartOf\":{\"@id\":\"https:\/\/vidahoteles.com\/#website\"},\"primaryImageOfPage\":{\"@id\":\"https:\/\/vidahoteles.com\/fr\/hotel-vida-ostra-marina\/#primaryimage\"},\"image\":{\"@id\":\"https:\/\/vidahoteles.com\/fr\/hotel-vida-ostra-marina\/#primaryimage\"},\"thumbnailUrl\":\"https:\/\/vidahoteles.com\/wp-content\/uploads\/2020\/06\/Hotel-VIDA-Ostra-Marina-110.jpg\",\"datePublished\":\"2015-10-24T02:00:00+00:00\",\"dateModified\":\"2025-04-11T13:09:49+00:00\",\"breadcrumb\":{\"@id\":\"https:\/\/vidahoteles.com\/fr\/hotel-vida-ostra-marina\/#breadcrumb\"},\"inLanguage\":\"fr-FR\",\"potentialAction\":[{\"@type\":\"ReadAction\",\"target\":[\"https:\/\/vidahoteles.com\/fr\/hotel-vida-ostra-marina\/\"]}]},{\"@type\":\"ImageObject\",\"inLanguage\":\"fr-FR\",\"@id\":\"https:\/\/vidahoteles.com\/fr\/hotel-vida-ostra-marina\/#primaryimage\",\"url\":\"https:\/\/vidahoteles.com\/wp-content\/uploads\/2020\/06\/Hotel-VIDA-Ostra-Marina-110.jpg\",\"contentUrl\":\"https:\/\/vidahoteles.com\/wp-content\/uploads\/2020\/06\/Hotel-VIDA-Ostra-Marina-110.jpg\",\"width\":1600,\"height\":1066},{\"@type\":\"BreadcrumbList\",\"@id\":\"https:\/\/vidahoteles.com\/fr\/hotel-vida-ostra-marina\/#breadcrumb\",\"itemListElement\":[{\"@type\":\"ListItem\",\"position\":1,\"name\":\"Portada\",\"item\":\"https:\/\/vidahoteles.com\/pt-pt\/\"},{\"@type\":\"ListItem\",\"position\":2,\"name\":\"H\u00f4tel VIDA Ostra Marina **\"}]},{\"@type\":\"WebSite\",\"@id\":\"https:\/\/vidahoteles.com\/#website\",\"url\":\"https:\/\/vidahoteles.com\/\",\"name\":\"Vida Hoteles &amp; Apartamentos\",\"description\":\"La cadena hotelera de A Costa da Morte (Galicia)\",\"potentialAction\":[{\"@type\":\"SearchAction\",\"target\":{\"@type\":\"EntryPoint\",\"urlTemplate\":\"https:\/\/vidahoteles.com\/?s={search_term_string}\"},\"query-input\":{\"@type\":\"PropertyValueSpecification\",\"valueRequired\":true,\"valueName\":\"search_term_string\"}}],\"inLanguage\":\"fr-FR\"}]}<\/script>\n<!-- \/ Yoast SEO plugin. -->","yoast_head_json":{"title":"H\u00f4tel VIDA Ostra Marina ** - Vida Hoteles &amp; Apartamentos","robots":{"index":"index","follow":"follow","max-snippet":"max-snippet:-1","max-image-preview":"max-image-preview:large","max-video-preview":"max-video-preview:-1"},"canonical":"https:\/\/vidahoteles.com\/fr\/hotel-vida-ostra-marina\/","og_locale":"fr_FR","og_type":"article","og_title":"H\u00f4tel VIDA Ostra Marina ** - Vida Hoteles &amp; Apartamentos","og_description":"Hotel VIDA Ostra Marina est situ\u00e9 \u00e0 250 m\u00e8tres de la c\u00e9l\u00e8bre Plage de La Lanzada, l\u2019une des plus grandes [&hellip;]","og_url":"https:\/\/vidahoteles.com\/fr\/hotel-vida-ostra-marina\/","og_site_name":"Vida Hoteles &amp; Apartamentos","article_modified_time":"2025-04-11T13:09:49+00:00","og_image":[{"width":1600,"height":1066,"url":"https:\/\/vidahoteles.com\/wp-content\/uploads\/2020\/06\/Hotel-VIDA-Ostra-Marina-110.jpg","type":"image\/jpeg"}],"twitter_misc":{"Dur\u00e9e de lecture estim\u00e9e":"3 minutes"},"schema":{"@context":"https:\/\/schema.org","@graph":[{"@type":"WebPage","@id":"https:\/\/vidahoteles.com\/fr\/hotel-vida-ostra-marina\/","url":"https:\/\/vidahoteles.com\/fr\/hotel-vida-ostra-marina\/","name":"H\u00f4tel VIDA Ostra Marina ** - Vida Hoteles &amp; Apartamentos","isPartOf":{"@id":"https:\/\/vidahoteles.com\/#website"},"primaryImageOfPage":{"@id":"https:\/\/vidahoteles.com\/fr\/hotel-vida-ostra-marina\/#primaryimage"},"image":{"@id":"https:\/\/vidahoteles.com\/fr\/hotel-vida-ostra-marina\/#primaryimage"},"thumbnailUrl":"https:\/\/vidahoteles.com\/wp-content\/uploads\/2020\/06\/Hotel-VIDA-Ostra-Marina-110.jpg","datePublished":"2015-10-24T02:00:00+00:00","dateModified":"2025-04-11T13:09:49+00:00","breadcrumb":{"@id":"https:\/\/vidahoteles.com\/fr\/hotel-vida-ostra-marina\/#breadcrumb"},"inLanguage":"fr-FR","potentialAction":[{"@type":"ReadAction","target":["https:\/\/vidahoteles.com\/fr\/hotel-vida-ostra-marina\/"]}]},{"@type":"ImageObject","inLanguage":"fr-FR","@id":"https:\/\/vidahoteles.com\/fr\/hotel-vida-ostra-marina\/#primaryimage","url":"https:\/\/vidahoteles.com\/wp-content\/uploads\/2020\/06\/Hotel-VIDA-Ostra-Marina-110.jpg","contentUrl":"https:\/\/vidahoteles.com\/wp-content\/uploads\/2020\/06\/Hotel-VIDA-Ostra-Marina-110.jpg","width":1600,"height":1066},{"@type":"BreadcrumbList","@id":"https:\/\/vidahoteles.com\/fr\/hotel-vida-ostra-marina\/#breadcrumb","itemListElement":[{"@type":"ListItem","position":1,"name":"Portada","item":"https:\/\/vidahoteles.com\/pt-pt\/"},{"@type":"ListItem","position":2,"name":"H\u00f4tel VIDA Ostra Marina **"}]},{"@type":"WebSite","@id":"https:\/\/vidahoteles.com\/#website","url":"https:\/\/vidahoteles.com\/","name":"Vida Hoteles &amp; Apartamentos","description":"La cadena hotelera de A Costa da Morte (Galicia)","potentialAction":[{"@type":"SearchAction","target":{"@type":"EntryPoint","urlTemplate":"https:\/\/vidahoteles.com\/?s={search_term_string}"},"query-input":{"@type":"PropertyValueSpecification","valueRequired":true,"valueName":"search_term_string"}}],"inLanguage":"fr-FR"}]}},"_links":{"self":[{"href":"https:\/\/vidahoteles.com\/fr\/wp-json\/wp\/v2\/pages\/7069","targetHints":{"allow":["GET"]}}],"collection":[{"href":"https:\/\/vidahoteles.com\/fr\/wp-json\/wp\/v2\/pages"}],"about":[{"href":"https:\/\/vidahoteles.com\/fr\/wp-json\/wp\/v2\/types\/page"}],"author":[{"embeddable":true,"href":"https:\/\/vidahoteles.com\/fr\/wp-json\/wp\/v2\/users\/2"}],"replies":[{"embeddable":true,"href":"https:\/\/vidahoteles.com\/fr\/wp-json\/wp\/v2\/comments?post=7069"}],"version-history":[{"count":9,"href":"https:\/\/vidahoteles.com\/fr\/wp-json\/wp\/v2\/pages\/7069\/revisions"}],"predecessor-version":[{"id":12204,"href":"https:\/\/vidahoteles.com\/fr\/wp-json\/wp\/v2\/pages\/7069\/revisions\/12204"}],"wp:featuredmedia":[{"embeddable":true,"href":"https:\/\/vidahoteles.com\/fr\/wp-json\/wp\/v2\/media\/7080"}],"wp:attachment":[{"href":"https:\/\/vidahoteles.com\/fr\/wp-json\/wp\/v2\/media?parent=7069"}],"curies":[{"name":"wp","href":"https:\/\/api.w.org\/{rel}","templated":true}]}}