{"id":8965,"date":"2022-02-01T11:10:00","date_gmt":"2022-02-01T11:10:00","guid":{"rendered":"https:\/\/vidahoteles.com\/?page_id=8965"},"modified":"2025-04-24T09:48:01","modified_gmt":"2025-04-24T09:48:01","slug":"hotels-pour-groupes-en-costa-da-morte-chemin-des-phares","status":"publish","type":"page","link":"https:\/\/vidahoteles.com\/fr\/hotels-pour-groupes-en-costa-da-morte-chemin-des-phares\/","title":{"rendered":"H\u00f4tels pour Groupes en Costa da Morte \/ Chemin des Phares"},"content":{"rendered":"\t\t<div data-elementor-type=\"wp-page\" data-elementor-id=\"8965\" class=\"elementor elementor-8965 elementor-6908\" data-elementor-post-type=\"page\">\n\t\t\t\t<div class=\"elementor-element elementor-element-57d3fea e-flex e-con-boxed e-con e-parent\" data-id=\"57d3fea\" data-element_type=\"container\" data-e-type=\"container\">\n\t\t\t\t\t<div class=\"e-con-inner\">\n\t\t\t\t<div class=\"elementor-element elementor-element-86d2d20 elementor-widget elementor-widget-text-editor\" data-id=\"86d2d20\" data-element_type=\"widget\" data-e-type=\"widget\" data-widget_type=\"text-editor.default\">\n\t\t\t\t<div class=\"elementor-widget-container\">\n\t\t\t\t\t\t\t\t\t<p>La cha\u00eene VIDA Hotels &amp; Apartments dispose d\u2019un grand nombre de chambres d\u2019h\u00f4tel sur la Costa da Morte et de deux h\u00f4tels pr\u00eats \u00e0 recevoir des groupes avec les meilleures garanties de qualit\u00e9 dans les villes de Laxe et Finisterre.<\/p>\n<p>Les groupes sportifs, les associations de quartier ou de retrait\u00e9s, les clubs de randonn\u00e9e \u00e0 Chemin des Phares et bien d\u2019autres groupes profitent de plus en plus d\u2019une destination unique regorgeant de tr\u00e9sors naturels.<\/p>\t\t\t\t\t\t\t\t<\/div>\n\t\t\t\t<\/div>\n\t\t\t\t\t<\/div>\n\t\t\t\t<\/div>\n\t\t<div class=\"elementor-element elementor-element-6e71fbf e-flex e-con-boxed e-con e-parent\" data-id=\"6e71fbf\" data-element_type=\"container\" data-e-type=\"container\">\n\t\t\t\t\t<div class=\"e-con-inner\">\n\t\t\t\t<div class=\"elementor-element elementor-element-676f843 elementor-widget elementor-widget-heading\" data-id=\"676f843\" data-element_type=\"widget\" data-e-type=\"widget\" data-widget_type=\"heading.default\">\n\t\t\t\t<div class=\"elementor-widget-container\">\n\t\t\t\t\t<h4 class=\"elementor-heading-title elementor-size-default\">DEMANDER UN DEVIS<\/h4>\t\t\t\t<\/div>\n\t\t\t\t<\/div>\n\t\t\t\t\t<\/div>\n\t\t\t\t<\/div>\n\t\t<div class=\"elementor-element elementor-element-64f6dab e-flex e-con-boxed e-con e-parent\" data-id=\"64f6dab\" data-element_type=\"container\" data-e-type=\"container\">\n\t\t\t\t\t<div class=\"e-con-inner\">\n\t\t\t\t<div class=\"elementor-element elementor-element-f7dbff9 elementor-widget elementor-widget-text-editor\" data-id=\"f7dbff9\" data-element_type=\"widget\" data-e-type=\"widget\" data-widget_type=\"text-editor.default\">\n\t\t\t\t<div class=\"elementor-widget-container\">\n\t\t\t\t\t\t\t\t\t<p>Demandez-nous sans engagement un budget pour votre groupe. Si vous avez besoin de groupes de plus ou moins de nuits, il vous suffit de nous contacter et nous vous pr\u00e9parerons un programme en fonction de la dur\u00e9e de votre s\u00e9jour et du profil du groupe.<\/p>\t\t\t\t\t\t\t\t<\/div>\n\t\t\t\t<\/div>\n\t\t\t\t\t<\/div>\n\t\t\t\t<\/div>\n\t\t<div class=\"elementor-element elementor-element-4be2c18 e-flex e-con-boxed e-con e-parent\" data-id=\"4be2c18\" data-element_type=\"container\" data-e-type=\"container\">\n\t\t\t\t\t<div class=\"e-con-inner\">\n\t\t\t\t<div class=\"elementor-element elementor-element-690a94b elementor-widget elementor-widget-shortcode\" data-id=\"690a94b\" data-element_type=\"widget\" data-e-type=\"widget\" data-widget_type=\"shortcode.default\">\n\t\t\t\t<div class=\"elementor-widget-container\">\n\t\t\t\t\t\t\t<div class=\"elementor-shortcode\">\n<div class=\"wpcf7 no-js\" id=\"wpcf7-f8969-o1\" lang=\"es-ES\" dir=\"ltr\" data-wpcf7-id=\"8969\">\n<div class=\"screen-reader-response\"><p role=\"status\" aria-live=\"polite\" aria-atomic=\"true\"><\/p> <ul><\/ul><\/div>\n<form action=\"\/fr\/wp-json\/wp\/v2\/pages\/8965#wpcf7-f8969-o1\" method=\"post\" class=\"wpcf7-form init\" aria-label=\"Formulario de contacto\" novalidate=\"novalidate\" data-status=\"init\">\n<div style=\"display: none;\">\n<input type=\"hidden\" name=\"_wpcf7\" value=\"8969\" \/>\n<input type=\"hidden\" name=\"_wpcf7_version\" value=\"6.0.5\" \/>\n<input type=\"hidden\" name=\"_wpcf7_locale\" value=\"es_ES\" \/>\n<input type=\"hidden\" name=\"_wpcf7_unit_tag\" value=\"wpcf7-f8969-o1\" \/>\n<input type=\"hidden\" name=\"_wpcf7_container_post\" value=\"0\" \/>\n<input type=\"hidden\" name=\"_wpcf7_posted_data_hash\" value=\"\" \/>\n<input type=\"hidden\" name=\"_wpcf7_recaptcha_response\" value=\"\" \/>\n<\/div>\n<p><span id=\"wpcf7-69da5140dadee-wrapper\" class=\"wpcf7-form-control-wrap email2-wrap\" style=\"display:none !important; visibility:hidden !important;\"><label for=\"wpcf7-69da5140dadee-field\" class=\"hp-message\">Por favor, deja este campo vac\u00edo.<\/label><input id=\"wpcf7-69da5140dadee-field\"  class=\"wpcf7-form-control wpcf7-text\" type=\"text\" name=\"email2\" value=\"\" size=\"40\" tabindex=\"-1\" autocomplete=\"new-password\" \/><\/span><br \/>\n<label> Nom du groupe <span class=\"wpcf7-form-control-wrap\" data-name=\"nombre-grupo\"><input size=\"40\" maxlength=\"400\" class=\"wpcf7-form-control wpcf7-text wpcf7-validates-as-required\" aria-required=\"true\" aria-invalid=\"false\" value=\"\" type=\"text\" name=\"nombre-grupo\" \/><\/span> <\/label><br \/>\n<label> Personne responsable du groupe <span class=\"wpcf7-form-control-wrap\" data-name=\"responsable-grupo\"><input size=\"40\" maxlength=\"400\" class=\"wpcf7-form-control wpcf7-text wpcf7-validates-as-required\" aria-required=\"true\" aria-invalid=\"false\" value=\"\" type=\"text\" name=\"responsable-grupo\" \/><\/span> <\/label><br \/>\n<label> E-mail <span class=\"wpcf7-form-control-wrap\" data-name=\"your-email\"><input size=\"40\" maxlength=\"400\" class=\"wpcf7-form-control wpcf7-email wpcf7-validates-as-required wpcf7-text wpcf7-validates-as-email\" aria-required=\"true\" aria-invalid=\"false\" value=\"\" type=\"email\" name=\"your-email\" \/><\/span> <\/label><br \/>\n<label> T\u00e9l\u00e9phone <span class=\"wpcf7-form-control-wrap\" data-name=\"telefono\"><input size=\"40\" maxlength=\"400\" class=\"wpcf7-form-control wpcf7-text wpcf7-validates-as-required\" aria-required=\"true\" aria-invalid=\"false\" value=\"\" type=\"text\" name=\"telefono\" \/><\/span> <\/label><br \/>\n<label> Check-in <span class=\"wpcf7-form-control-wrap\" data-name=\"fecha-entrada\"><input class=\"wpcf7-form-control wpcf7-date wpcf7-validates-as-required wpcf7-validates-as-date\" aria-required=\"true\" aria-invalid=\"false\" value=\"\" type=\"date\" name=\"fecha-entrada\" \/><\/span> <\/label><br \/>\n<label> Check-out <span class=\"wpcf7-form-control-wrap\" data-name=\"fecha-salida\"><input class=\"wpcf7-form-control wpcf7-date wpcf7-validates-as-required wpcf7-validates-as-date\" aria-required=\"true\" aria-invalid=\"false\" value=\"\" type=\"date\" name=\"fecha-salida\" \/><\/span> <\/label><br \/>\n<label> Nombre de pax <span class=\"wpcf7-form-control-wrap\" data-name=\"numero-personas\"><input size=\"40\" maxlength=\"400\" class=\"wpcf7-form-control wpcf7-text wpcf7-validates-as-required\" aria-required=\"true\" aria-invalid=\"false\" value=\"\" type=\"text\" name=\"numero-personas\" \/><\/span> <\/label><br \/>\n<label> Nombre de chambres doubles <span class=\"wpcf7-form-control-wrap\" data-name=\"numero-habitaciones-dobles\"><input size=\"40\" maxlength=\"400\" class=\"wpcf7-form-control wpcf7-text\" aria-invalid=\"false\" value=\"\" type=\"text\" name=\"numero-habitaciones-dobles\" \/><\/span> <\/label><br \/>\n<label> Nombre de chambres individuelles <span class=\"wpcf7-form-control-wrap\" data-name=\"numero-habitaciones-individuales\"><input size=\"40\" maxlength=\"400\" class=\"wpcf7-form-control wpcf7-text\" aria-invalid=\"false\" value=\"\" type=\"text\" name=\"numero-habitaciones-individuales\" \/><\/span> <\/label><br \/>\n<label> H\u00f4tel choisi <span class=\"wpcf7-form-control-wrap\" data-name=\"hotel\"><select class=\"wpcf7-form-control wpcf7-select\" aria-invalid=\"false\" name=\"hotel\"><option value=\"\"><\/option><option value=\"Hotel VIDA Finisterre Centro **\">Hotel VIDA Finisterre Centro **<\/option><option value=\"Hotel VIDA Mar de Laxe ***\">Hotel VIDA Mar de Laxe ***<\/option><\/select><\/span> <\/label><br \/>\n<label> Pension: <span class=\"wpcf7-form-control-wrap\" data-name=\"regimen-alimenticio\"><select class=\"wpcf7-form-control wpcf7-select\" aria-invalid=\"false\" name=\"regimen-alimenticio\"><option value=\"\"><\/option><option value=\"S.L. - Seulement Logement\">S.L. - Seulement Logement<\/option><option value=\"L.PD. - Logement et Petit D\u00e9jeuner\">L.PD. - Logement et Petit D\u00e9jeuner<\/option><option value=\"D.P. - Demie Pension\">D.P. - Demie Pension<\/option><option value=\"P.C. - Pension Compl\u00e8te\">P.C. - Pension Compl\u00e8te<\/option><\/select><\/span> <\/label><br \/>\n<label> Autres options \/ Commentaires <span class=\"wpcf7-form-control-wrap\" data-name=\"observaciones\"><textarea cols=\"40\" rows=\"10\" maxlength=\"2000\" class=\"wpcf7-form-control wpcf7-textarea\" aria-invalid=\"false\" name=\"observaciones\"><\/textarea><\/span> <\/label><br \/>\n\t<center><input class=\"wpcf7-form-control wpcf7-submit has-spinner\" type=\"submit\" value=\"Envoyer\" \/>\n\t<\/center>\n<\/p><p style=\"display: none !important;\" class=\"akismet-fields-container\" data-prefix=\"_wpcf7_ak_\"><label>&#916;<textarea name=\"_wpcf7_ak_hp_textarea\" cols=\"45\" rows=\"8\" maxlength=\"100\"><\/textarea><\/label><input type=\"hidden\" id=\"ak_js_1\" name=\"_wpcf7_ak_js\" value=\"214\"\/><script>document.getElementById( \"ak_js_1\" ).setAttribute( \"value\", ( new Date() ).getTime() );<\/script><\/p><div class=\"wpcf7-response-output\" aria-hidden=\"true\"><\/div>\n<\/form>\n<\/div>\n<\/div>\n\t\t\t\t\t\t<\/div>\n\t\t\t\t<\/div>\n\t\t\t\t\t<\/div>\n\t\t\t\t<\/div>\n\t\t\t\t<\/div>\n\t\t<div class=\"gsp_post_data\" \r\n\t            data-post_type=\"page\" \r\n\t            data-cat=\"\" \r\n\t            data-modified=\"120\"\r\n\t            data-created=\"1643713800\"\r\n\t            data-title=\"H\u00f4tels pour Groupes en Costa da Morte \/ Chemin des Phares\" \r\n\t            data-home=\"https:\/\/vidahoteles.com\/fr\/\"><\/div>","protected":false},"excerpt":{"rendered":"<p>La cha\u00eene VIDA Hotels &amp; Apartments dispose d\u2019un grand nombre de chambres d\u2019h\u00f4tel sur la Costa da Morte et de [&hellip;]<\/p>\n","protected":false},"author":2,"featured_media":6925,"parent":0,"menu_order":420,"comment_status":"closed","ping_status":"closed","template":"","meta":{"site-sidebar-layout":"default","site-content-layout":"","ast-site-content-layout":"default","site-content-style":"default","site-sidebar-style":"default","ast-global-header-display":"","ast-banner-title-visibility":"","ast-main-header-display":"","ast-hfb-above-header-display":"","ast-hfb-below-header-display":"","ast-hfb-mobile-header-display":"","site-post-title":"","ast-breadcrumbs-content":"","ast-featured-img":"","footer-sml-layout":"","ast-disable-related-posts":"","theme-transparent-header-meta":"","adv-header-id-meta":"","stick-header-meta":"","header-above-stick-meta":"","header-main-stick-meta":"","header-below-stick-meta":"","astra-migrate-meta-layouts":"default","ast-page-background-enabled":"default","ast-page-background-meta":{"desktop":{"background-color":"var(--ast-global-color-4)","background-image":"","background-repeat":"repeat","background-position":"center center","background-size":"auto","background-attachment":"scroll","background-type":"","background-media":"","overlay-type":"","overlay-color":"","overlay-opacity":"","overlay-gradient":""},"tablet":{"background-color":"","background-image":"","background-repeat":"repeat","background-position":"center center","background-size":"auto","background-attachment":"scroll","background-type":"","background-media":"","overlay-type":"","overlay-color":"","overlay-opacity":"","overlay-gradient":""},"mobile":{"background-color":"","background-image":"","background-repeat":"repeat","background-position":"center center","background-size":"auto","background-attachment":"scroll","background-type":"","background-media":"","overlay-type":"","overlay-color":"","overlay-opacity":"","overlay-gradient":""}},"ast-content-background-meta":{"desktop":{"background-color":"var(--ast-global-color-5)","background-image":"","background-repeat":"repeat","background-position":"center center","background-size":"auto","background-attachment":"scroll","background-type":"","background-media":"","overlay-type":"","overlay-color":"","overlay-opacity":"","overlay-gradient":""},"tablet":{"background-color":"var(--ast-global-color-5)","background-image":"","background-repeat":"repeat","background-position":"center center","background-size":"auto","background-attachment":"scroll","background-type":"","background-media":"","overlay-type":"","overlay-color":"","overlay-opacity":"","overlay-gradient":""},"mobile":{"background-color":"var(--ast-global-color-5)","background-image":"","background-repeat":"repeat","background-position":"center center","background-size":"auto","background-attachment":"scroll","background-type":"","background-media":"","overlay-type":"","overlay-color":"","overlay-opacity":"","overlay-gradient":""}},"ngg_post_thumbnail":0,"_jet_sm_ready_style":"","_jet_sm_style":"","_jet_sm_controls_values":"","_jet_sm_fonts_collection":"","_jet_sm_fonts_links":"","footnotes":""},"class_list":["post-8965","page","type-page","status-publish","has-post-thumbnail","hentry"],"yoast_head":"<!-- This site is optimized with the Yoast SEO plugin v24.8.1 - https:\/\/yoast.com\/wordpress\/plugins\/seo\/ -->\n<title>H\u00f4tels pour Groupes en Costa da Morte \/ Chemin des Phares - Vida Hoteles &amp; Apartamentos<\/title>\n<meta name=\"robots\" content=\"index, follow, max-snippet:-1, max-image-preview:large, max-video-preview:-1\" \/>\n<link rel=\"canonical\" href=\"https:\/\/vidahoteles.com\/pt-pt\/hoteis-para-grupos-na-costa-da-morte-caminho-dos-farois\/\" \/>\n<meta property=\"og:locale\" content=\"fr_FR\" \/>\n<meta property=\"og:type\" content=\"article\" \/>\n<meta property=\"og:title\" content=\"H\u00f4tels pour Groupes en Costa da Morte \/ Chemin des Phares - Vida Hoteles &amp; Apartamentos\" \/>\n<meta property=\"og:description\" content=\"La cha\u00eene VIDA Hotels &amp; Apartments dispose d\u2019un grand nombre de chambres d\u2019h\u00f4tel sur la Costa da Morte et de [&hellip;]\" \/>\n<meta property=\"og:url\" content=\"https:\/\/vidahoteles.com\/pt-pt\/hoteis-para-grupos-na-costa-da-morte-caminho-dos-farois\/\" \/>\n<meta property=\"og:site_name\" content=\"Vida Hoteles &amp; Apartamentos\" \/>\n<meta property=\"article:modified_time\" content=\"2025-04-24T09:48:01+00:00\" \/>\n<meta property=\"og:image\" content=\"https:\/\/vidahoteles.com\/wp-content\/uploads\/2021\/03\/IMG_20160827_141854.jpg\" \/>\n\t<meta property=\"og:image:width\" content=\"1200\" \/>\n\t<meta property=\"og:image:height\" content=\"900\" \/>\n\t<meta property=\"og:image:type\" content=\"image\/jpeg\" \/>\n<meta name=\"twitter:label1\" content=\"Dur\u00e9e de lecture estim\u00e9e\" \/>\n\t<meta name=\"twitter:data1\" content=\"1 minute\" \/>\n<script type=\"application\/ld+json\" class=\"yoast-schema-graph\">{\"@context\":\"https:\/\/schema.org\",\"@graph\":[{\"@type\":\"WebPage\",\"@id\":\"https:\/\/vidahoteles.com\/pt-pt\/hoteis-para-grupos-na-costa-da-morte-caminho-dos-farois\/\",\"url\":\"https:\/\/vidahoteles.com\/pt-pt\/hoteis-para-grupos-na-costa-da-morte-caminho-dos-farois\/\",\"name\":\"H\u00f4tels pour Groupes en Costa da Morte \/ Chemin des Phares - Vida Hoteles &amp; Apartamentos\",\"isPartOf\":{\"@id\":\"https:\/\/vidahoteles.com\/#website\"},\"primaryImageOfPage\":{\"@id\":\"https:\/\/vidahoteles.com\/pt-pt\/hoteis-para-grupos-na-costa-da-morte-caminho-dos-farois\/#primaryimage\"},\"image\":{\"@id\":\"https:\/\/vidahoteles.com\/pt-pt\/hoteis-para-grupos-na-costa-da-morte-caminho-dos-farois\/#primaryimage\"},\"thumbnailUrl\":\"https:\/\/vidahoteles.com\/wp-content\/uploads\/2021\/03\/IMG_20160827_141854.jpg\",\"datePublished\":\"2022-02-01T11:10:00+00:00\",\"dateModified\":\"2025-04-24T09:48:01+00:00\",\"breadcrumb\":{\"@id\":\"https:\/\/vidahoteles.com\/pt-pt\/hoteis-para-grupos-na-costa-da-morte-caminho-dos-farois\/#breadcrumb\"},\"inLanguage\":\"fr-FR\",\"potentialAction\":[{\"@type\":\"ReadAction\",\"target\":[\"https:\/\/vidahoteles.com\/pt-pt\/hoteis-para-grupos-na-costa-da-morte-caminho-dos-farois\/\"]}]},{\"@type\":\"ImageObject\",\"inLanguage\":\"fr-FR\",\"@id\":\"https:\/\/vidahoteles.com\/pt-pt\/hoteis-para-grupos-na-costa-da-morte-caminho-dos-farois\/#primaryimage\",\"url\":\"https:\/\/vidahoteles.com\/wp-content\/uploads\/2021\/03\/IMG_20160827_141854.jpg\",\"contentUrl\":\"https:\/\/vidahoteles.com\/wp-content\/uploads\/2021\/03\/IMG_20160827_141854.jpg\",\"width\":1200,\"height\":900},{\"@type\":\"BreadcrumbList\",\"@id\":\"https:\/\/vidahoteles.com\/pt-pt\/hoteis-para-grupos-na-costa-da-morte-caminho-dos-farois\/#breadcrumb\",\"itemListElement\":[{\"@type\":\"ListItem\",\"position\":1,\"name\":\"Portada\",\"item\":\"https:\/\/vidahoteles.com\/pt-pt\/\"},{\"@type\":\"ListItem\",\"position\":2,\"name\":\"H\u00f4tels pour Groupes en Costa da Morte \/ Chemin des Phares\"}]},{\"@type\":\"WebSite\",\"@id\":\"https:\/\/vidahoteles.com\/#website\",\"url\":\"https:\/\/vidahoteles.com\/\",\"name\":\"Vida Hoteles &amp; Apartamentos\",\"description\":\"La cadena hotelera de A Costa da Morte (Galicia)\",\"potentialAction\":[{\"@type\":\"SearchAction\",\"target\":{\"@type\":\"EntryPoint\",\"urlTemplate\":\"https:\/\/vidahoteles.com\/?s={search_term_string}\"},\"query-input\":{\"@type\":\"PropertyValueSpecification\",\"valueRequired\":true,\"valueName\":\"search_term_string\"}}],\"inLanguage\":\"fr-FR\"}]}<\/script>\n<!-- \/ Yoast SEO plugin. -->","yoast_head_json":{"title":"H\u00f4tels pour Groupes en Costa da Morte \/ Chemin des Phares - Vida Hoteles &amp; Apartamentos","robots":{"index":"index","follow":"follow","max-snippet":"max-snippet:-1","max-image-preview":"max-image-preview:large","max-video-preview":"max-video-preview:-1"},"canonical":"https:\/\/vidahoteles.com\/pt-pt\/hoteis-para-grupos-na-costa-da-morte-caminho-dos-farois\/","og_locale":"fr_FR","og_type":"article","og_title":"H\u00f4tels pour Groupes en Costa da Morte \/ Chemin des Phares - Vida Hoteles &amp; Apartamentos","og_description":"La cha\u00eene VIDA Hotels &amp; Apartments dispose d\u2019un grand nombre de chambres d\u2019h\u00f4tel sur la Costa da Morte et de [&hellip;]","og_url":"https:\/\/vidahoteles.com\/pt-pt\/hoteis-para-grupos-na-costa-da-morte-caminho-dos-farois\/","og_site_name":"Vida Hoteles &amp; Apartamentos","article_modified_time":"2025-04-24T09:48:01+00:00","og_image":[{"width":1200,"height":900,"url":"https:\/\/vidahoteles.com\/wp-content\/uploads\/2021\/03\/IMG_20160827_141854.jpg","type":"image\/jpeg"}],"twitter_misc":{"Dur\u00e9e de lecture estim\u00e9e":"1 minute"},"schema":{"@context":"https:\/\/schema.org","@graph":[{"@type":"WebPage","@id":"https:\/\/vidahoteles.com\/pt-pt\/hoteis-para-grupos-na-costa-da-morte-caminho-dos-farois\/","url":"https:\/\/vidahoteles.com\/pt-pt\/hoteis-para-grupos-na-costa-da-morte-caminho-dos-farois\/","name":"H\u00f4tels pour Groupes en Costa da Morte \/ Chemin des Phares - Vida Hoteles &amp; Apartamentos","isPartOf":{"@id":"https:\/\/vidahoteles.com\/#website"},"primaryImageOfPage":{"@id":"https:\/\/vidahoteles.com\/pt-pt\/hoteis-para-grupos-na-costa-da-morte-caminho-dos-farois\/#primaryimage"},"image":{"@id":"https:\/\/vidahoteles.com\/pt-pt\/hoteis-para-grupos-na-costa-da-morte-caminho-dos-farois\/#primaryimage"},"thumbnailUrl":"https:\/\/vidahoteles.com\/wp-content\/uploads\/2021\/03\/IMG_20160827_141854.jpg","datePublished":"2022-02-01T11:10:00+00:00","dateModified":"2025-04-24T09:48:01+00:00","breadcrumb":{"@id":"https:\/\/vidahoteles.com\/pt-pt\/hoteis-para-grupos-na-costa-da-morte-caminho-dos-farois\/#breadcrumb"},"inLanguage":"fr-FR","potentialAction":[{"@type":"ReadAction","target":["https:\/\/vidahoteles.com\/pt-pt\/hoteis-para-grupos-na-costa-da-morte-caminho-dos-farois\/"]}]},{"@type":"ImageObject","inLanguage":"fr-FR","@id":"https:\/\/vidahoteles.com\/pt-pt\/hoteis-para-grupos-na-costa-da-morte-caminho-dos-farois\/#primaryimage","url":"https:\/\/vidahoteles.com\/wp-content\/uploads\/2021\/03\/IMG_20160827_141854.jpg","contentUrl":"https:\/\/vidahoteles.com\/wp-content\/uploads\/2021\/03\/IMG_20160827_141854.jpg","width":1200,"height":900},{"@type":"BreadcrumbList","@id":"https:\/\/vidahoteles.com\/pt-pt\/hoteis-para-grupos-na-costa-da-morte-caminho-dos-farois\/#breadcrumb","itemListElement":[{"@type":"ListItem","position":1,"name":"Portada","item":"https:\/\/vidahoteles.com\/pt-pt\/"},{"@type":"ListItem","position":2,"name":"H\u00f4tels pour Groupes en Costa da Morte \/ Chemin des Phares"}]},{"@type":"WebSite","@id":"https:\/\/vidahoteles.com\/#website","url":"https:\/\/vidahoteles.com\/","name":"Vida Hoteles &amp; Apartamentos","description":"La cadena hotelera de A Costa da Morte (Galicia)","potentialAction":[{"@type":"SearchAction","target":{"@type":"EntryPoint","urlTemplate":"https:\/\/vidahoteles.com\/?s={search_term_string}"},"query-input":{"@type":"PropertyValueSpecification","valueRequired":true,"valueName":"search_term_string"}}],"inLanguage":"fr-FR"}]}},"_links":{"self":[{"href":"https:\/\/vidahoteles.com\/fr\/wp-json\/wp\/v2\/pages\/8965","targetHints":{"allow":["GET"]}}],"collection":[{"href":"https:\/\/vidahoteles.com\/fr\/wp-json\/wp\/v2\/pages"}],"about":[{"href":"https:\/\/vidahoteles.com\/fr\/wp-json\/wp\/v2\/types\/page"}],"author":[{"embeddable":true,"href":"https:\/\/vidahoteles.com\/fr\/wp-json\/wp\/v2\/users\/2"}],"replies":[{"embeddable":true,"href":"https:\/\/vidahoteles.com\/fr\/wp-json\/wp\/v2\/comments?post=8965"}],"version-history":[{"count":12,"href":"https:\/\/vidahoteles.com\/fr\/wp-json\/wp\/v2\/pages\/8965\/revisions"}],"predecessor-version":[{"id":14647,"href":"https:\/\/vidahoteles.com\/fr\/wp-json\/wp\/v2\/pages\/8965\/revisions\/14647"}],"wp:featuredmedia":[{"embeddable":true,"href":"https:\/\/vidahoteles.com\/fr\/wp-json\/wp\/v2\/media\/6925"}],"wp:attachment":[{"href":"https:\/\/vidahoteles.com\/fr\/wp-json\/wp\/v2\/media?parent=8965"}],"curies":[{"name":"wp","href":"https:\/\/api.w.org\/{rel}","templated":true}]}}