{"id":3039,"date":"2015-10-24T11:00:55","date_gmt":"2015-10-24T11:00:55","guid":{"rendered":"https:\/\/vidahoteles.com\/pt-pt\/hotel-vida-mardelaxe\/"},"modified":"2025-04-11T13:19:13","modified_gmt":"2025-04-11T13:19:13","slug":"hotel-vida-mardelaxe","status":"publish","type":"page","link":"https:\/\/vidahoteles.com\/pt-pt\/hotel-vida-mardelaxe\/","title":{"rendered":"Hotel VIDA Mar de Laxe ***"},"content":{"rendered":"<p><script type=\"text\/javascript\">\n\t$(document).ready(function(){ \n\t\t$.datepicker.regional[\"pt\"] = {\n\t\t\tcloseText: \"Fechar\",\n\t\t\tprevText: \"&#x3C;Ant\",\n\t\t\tnextText: \"Prox&#x3E;\",\n\t\t\tcurrentText: \"Hoje\",\n\t\t\tmonthNames: [ \"Janeiro\",\"Fevereiro\",\"Marzo\",\"Abril\",\"Maio\",\"Junho\",\"Julho\",\"Agosto\",\"Setembro\",\"Outubro\",\"Novembro\",\"Dezembro\" ],\n\t\t\tmonthNamesShort: [ \"jan\",\"fev\",\"mar\",\"abr\",\"mai\",\"jun\",\"jul\",\"ago\",\"set\",\"out\",\"nov\",\"dez\" ],\n\t\t\tdayNames: [ \"domingo\",\"segunda\",\"ter\u00e7a\",\"quarta\",\"quinta\",\"sexta\",\"s&aacute;bado\" ],\n\t\t\tdayNamesShort: [ \"dom\",\"seg\",\"ter\",\"qua\",\"qui\",\"sex\",\"sap\" ],\n\t\t\tdayNamesMin: [ \"D\",\"2\u00aa\",\"3\u00aa\",\"4\u00aa\",\"5\u00aa\",\"6\u00aa\",\"S\" ],\n\t\t\tweekHeader: \"Sm\",\n\t\t\tdateFormat: \"dd\/mm\/yy\",\n\t\t\tfirstDay: 1,\n\t\t\tisRTL: false,\n\t\t\tshowMonthAfterYear: false,\n\t\t\tyearSuffix: \"\" \n\t\t};\n$.datepicker.setDefaults( $.datepicker.regional[ \"pt\" ] );\n\t});\n<\/script><\/p>\n<div style=\"background-color: #dddddd; padding: 2px; text-align: center;\">\n<form id=\"bookform\" action=\"https:\/\/www.vidahoteles.com\/pt-pt\/reservas\/\" method=\"get\"><input name=\"fullintegration\" type=\"hidden\" value=\"1\"><input name=\"fitparent\" type=\"hidden\" value=\"1\"><input name=\"vscroll\" type=\"hidden\" value=\"1\"><input id=\"skin\" name=\"skin\" type=\"hidden\" value=\"vidahotpax\"><input name=\"idiomaid\" type=\"hidden\" value=\"es\"><input id=\"channelkey\" name=\"channelkey\" type=\"hidden\" value=\"60B01B50-4C9F-47AD-E053-8226C60AF607\"><span style=\"font-size: 20px;\"><strong>RESERVAS ONLINE (MELHOR PRE\u00c7O GARANTIDO)<\/strong><\/span><br \/>\n<span style=\"font-size: 17px;\"><strong>Entrada: <\/strong><\/span><input id=\"desde\" style=\"background-color: #fff; color: #000;\" name=\"desde\" size=\"8\" type=\"text\" readonly=\"true\"><span style=\"font-size: 17px;\">&nbsp;&nbsp;&nbsp;<strong>Saida:<\/strong><\/span><input id=\"hasta\" style=\"background-color: #fff; color: #000;\" name=\"hasta\" size=\"8\" type=\"text\" readonly=\"true\"><span style=\"font-size: 17px;\"><strong>  N\u00ba Quartos: <\/strong><\/span><select id=\"numhab\" style=\"font-size: 15px;\" name=\"numhab\"><option selected=\"selected\" value=\"1\">1<\/option><option value=\"2\">2<\/option><option value=\"3\">3<\/option><\/select><input name=\"adultos\" type=\"hidden\"><input name=\"nenes\" type=\"hidden\"><input name=\"edadnenes\" type=\"hidden\"><\/p>\n<div id=\"habs\" style=\"display: table;\">\n<div id=\"hab1_hab\" style=\"display: table-row;\">\n<\/div>\n<div id=\"hab1_labels\" style=\"display: table-row;\">\n<div style=\"display: table-cell; font-size: 15px;\"><\/div>\n<div style=\"display: table-cell; font-size: 14px;\">Adultos<\/div>\n<div style=\"display: table-cell; font-size: 14px;\">Crian\u00e7as<\/div>\n<div id=\"edadnenes1_hab1_label\" style=\"display: table-cell; visibility: hidden; font-size: 14px;\">Cria1<\/div>\n<div id=\"edadnenes2_hab1_label\" style=\"display: table-cell; visibility: hidden; font-size: 14px;\">Cria2<\/div>\n<\/div>\n<div id=\"hab1_frm\" style=\"display: table-row;\">\n<div style=\"display: table-cell; font-size: 15px;\"><strong>Quarto 1:<\/strong><\/div>\n<div style=\"display: table-cell;\"><input id=\"adultos1\" style=\"background-color: #fff; color: #000; font-family:monospace; width:4em;\" max=\"4\" min=\"1\" size=\"2\" type=\"number\"><\/div>\n<div style=\"display: table-cell; padding: 2px;\"><input id=\"nenes1\" style=\"background-color: #fff; color: #000; font-family:monospace; width:4em;\" max=\"2\" min=\"0\" size=\"2\" type=\"number\"><\/div>\n<div id=\"edadnenes1_hab1_div\" style=\"display: table-cell; visibility: hidden; padding: 2px;\"><input id=\"edadnenes1_hab1\" style=\"background-color: #fff; color: #000; font-family:monospace; width:4em;\" max=\"16\" min=\"0\" size=\"2\" type=\"number\"><\/div>\n<div id=\"edadnenes2_hab1_div\" style=\"display: table-cell; visibility: hidden; padding: 2px;\"><input id=\"edadnenes2_hab1\" style=\"background-color: #fff; color: #000; font-family:monospace; width:4em;\" max=\"16\" min=\"0\" size=\"2\" type=\"number\"><\/div>\n<\/div>\n<div id=\"hab2_hab\" style=\"display: none;\">\n<\/div>\n<div id=\"hab2_labels\" style=\"display: none;\">\n<div style=\"display: table-cell; font-size: 15px;\"><\/div>\n<div style=\"display: table-cell; font-size: 14px;\">Adultos<\/div>\n<div style=\"display: table-cell; font-size: 14px;\">Crian\u00e7as<\/div>\n<div id=\"edadnenes1_hab2_label\" style=\"display: table-cell; visibility: hidden; font-size: 14px;\">Cria1<\/div>\n<div id=\"edadnenes2_hab2_label\" style=\"display: table-cell; visibility: hidden; font-size: 14px;\">Cria2<\/div>\n<\/div>\n<div id=\"hab2_frm\" style=\"display: none;\">\n<div style=\"display: table-cell; font-size: 15px;\"><strong>Quarto 2:<\/strong><\/div>\n<div style=\"display: table-cell;\"><input id=\"adultos2\" style=\"background-color: #fff; color: #000; font-family:monospace; width:4em;\" max=\"4\" min=\"1\" size=\"2\" type=\"number\"><\/div>\n<div style=\"display: table-cell; padding: 2px;\"><input id=\"nenes2\" style=\"background-color: #fff; color: #000; font-family:monospace; width:4em;\" max=\"2\" min=\"0\" size=\"2\" type=\"number\"><\/div>\n<div id=\"edadnenes1_hab2_div\" style=\"display: table-cell; visibility: hidden; padding: 2px;\"><input id=\"edadnenes1_hab2\" style=\"background-color: #fff; color: #000; font-family:monospace; width:4em;\" max=\"16\" min=\"0\" size=\"2\" type=\"number\"><\/div>\n<div id=\"edadnenes2_hab2_div\" style=\"display: table-cell; visibility: hidden; padding: 2px;\"><input id=\"edadnenes2_hab2\" style=\"background-color: #fff; color: #000; font-family:monospace; width:4em;\" max=\"16\" min=\"0\" size=\"2\" type=\"number\"><\/div>\n<\/div>\n<div id=\"hab3_hab\" style=\"display: none;\">\n<\/div>\n<div id=\"hab3_labels\" style=\"display: none;\">\n<div style=\"display: table-cell; font-size: 15px;\"><\/div>\n<div style=\"display: table-cell; font-size: 14px;\">Adultos<\/div>\n<div style=\"display: table-cell; font-size: 14px;\">Crian\u00e7as<\/div>\n<div id=\"edadnenes1_hab3_label\" style=\"display: table-cell; visibility: hidden; font-size: 14px;\">Cria1<\/div>\n<div id=\"edadnenes2_hab3_label\" style=\"display: table-cell; visibility: hidden; font-size: 14px;\">Cria2<\/div>\n<\/div>\n<div id=\"hab3_frm\" style=\"display: none;\">\n<div style=\"display: table-cell; font-size: 15px;\"><strong>Quarto 3:<\/strong><\/div>\n<div style=\"display: table-cell;\"><input id=\"adultos3\" style=\"background-color: #fff; color: #000; font-family:monospace; width:4em;\" max=\"4\" min=\"1\" size=\"2\" type=\"number\"><\/div>\n<div style=\"display: table-cell; padding: 2px;\"><input id=\"nenes3\" style=\"background-color: #fff; color: #000; font-family:monospace; width:4em;\" max=\"2\" min=\"0\" size=\"2\" type=\"number\"><\/div>\n<div id=\"edadnenes1_hab3_div\" style=\"display: table-cell; visibility: hidden; padding: 2px;\"><input id=\"edadnenes1_hab3\" style=\"background-color: #fff; color: #000; font-family:monospace; width:4em;\" max=\"16\" min=\"0\" size=\"2\" type=\"number\"><\/div>\n<div id=\"edadnenes2_hab3_div\" style=\"display: table-cell; visibility: hidden; padding: 2px;\"><input id=\"edadnenes2_hab3\" style=\"background-color: #fff; color: #000; font-family:monospace; width:4em;\" max=\"16\" min=\"0\" size=\"2\" type=\"number\"><\/div>\n<\/div>\n<\/div>\n<p><input style=\"margin-top: 10px; font-size: 24px;\" type=\"submit\" value=\"BUSCAR\"><br \/>\n<\/form>\n<\/div>\n\n\n\n<p>O&nbsp;<strong>Hotel VIDA Mar de Laxe <\/strong>est\u00e1 localizado no centro de Laxe, uma das vilas mais pitorescas da costa galega, a 40 metros de uma bela praia de 2 km e com todos os servi\u00e7os (caf\u00e9s, restaurantes, supermercados, &#8230;).<\/p>\n\n\n<p><center><iframe width=\"800\" height=\"450\" src=\"https:\/\/www.youtube.com\/embed\/eQwbP-hyzws\" title=\"YouTube video player\" frameborder=\"0\" allow=\"accelerometer; autoplay; clipboard-write; encrypted-media; gyroscope; picture-in-picture\" allowfullscreen=\"\"><\/iframe><\/center><\/p>\n\n\n\n<p>Laxe, localizado no cora\u00e7\u00e3o dum dos lugares mais belos da pen\u00ednsula, \u00e9 ideal para tomar como ponto de partida para conhecer toda a costa, al\u00e9m de estar a 45 minutos da cidade de A Coru\u00f1a (pela auto-estrada), e a 70 minutos de Santiago de Compostela.<\/p>\n\n\nngg_shortcode_0_placeholder\n\n\n\n<h4 class=\"wp-block-heading\"><strong>DESCRI\u00c7\u00c3O DO HOTEL VIDA&nbsp;MAR DE LAXE<\/strong><\/h4>\n\n\nngg_shortcode_1_placeholder\n\n\n\n<ul class=\"wp-block-list\">\n<li><strong>Quartos duplos Vista P\u00e1tio<\/strong> (com 2 camas individuais<br>e capacidade m\u00e1xima de 2 pessoas) com casa de banho, TV LCD 32&#8243;, ar condicionado, aquecimento, telefone e WIFI gratuito. Este tipo de quarto tem vista para um p\u00e1tio interior entre 2 pr\u00e9dios, embora com total clareza e luz natural.<\/li>\n\n\n\n<li><strong>Quartos Standard<\/strong> (com cama de casal ou duas camas e capacidade m\u00e1xima para 2 pessoas) com casa de banho, TV LCD 32&#8243;, ar condicionado, aquecimento, telefone e WIFI gr\u00e1tis. Estes tipos de quartos t\u00eam uma vista exterior.<\/li>\n\n\n\n<li><strong>Quartos Familiares Vista P\u00e1tio<\/strong> (capacidade m\u00e1xima de 3 adultos ou 2 adultos + 2 crian\u00e7as), ideal para fam\u00edlias ou para 3 adultos, pois t\u00eam 2 quartos duplos independentes (um com cama de casal de 1,50 e outro com duas camas single). Todos eles com casa de banho, TV LCD 32&#8243; em cada um dos quartos, ar condicionado, aquecimento, telefone e WIFI gratuito. Este tipo de quarto tem vista para um p\u00e1tio interior entre 2 pr\u00e9dios, embora com total clareza e luz natural.<\/li>\n<\/ul>\n\n\nngg_shortcode_2_placeholder\n\n\n\n<h4 class=\"wp-block-heading\"><strong>INSTALA\u00c7\u00d5ES DO HOTEL VIDA&nbsp;MAR DE LAXE<\/strong><\/h4>\n\n\nngg_shortcode_3_placeholder\n\n\n\n<p>Completa as suas instala\u00e7\u00f5es com recep\u00e7\u00e3o, sal\u00e3o social, cafeteria, restaurante, terra\u00e7o chill out, acesso \u00e0 internet, wifi gratuito, garagem (pagamento directo no hotel), informa\u00e7\u00f5es tur\u00edsticas da \u00e1rea e sala de bagagens.<\/p>\n\n\nngg_shortcode_4_placeholder\n\n\n\n<h4 class=\"wp-block-heading\"><strong>SITUA\u00c7\u00c3O DO HOTEL VIDA&nbsp;MAR DE LAXE<\/strong><\/h4>\n\n\n\n<center><iframe style=\"border: 0;\" src=\"https:\/\/www.google.com\/maps\/embed?pb=!1m18!1m12!1m3!1d3321.503549940871!2d-9.00738868451631!3d43.21885997913866!2m3!1f0!2f0!3f0!3m2!1i1024!2i768!4f13.1!3m3!1m2!1s0xd2eba0ef18a8c69%3A0x5108d2b8b729f7bd!2sHotel+VIDA+Mar+de+Laxe!5e1!3m2!1ses!2ses!4v1511263418988\" allowfullscreen=\"allowfullscreen\" width=\"800\" height=\"600\" frameborder=\"0\"><\/iframe><\/center>\n\n\n\n<p class=\"has-text-align-center has-background\" style=\"background-color:#dddddd\"><strong>HOTEL VIDA MAR DE LAXE ***<br><\/strong>R\u00faa Rosal\u00eda de Castro, 64 &#8211;&nbsp;Laxe (A Coru\u00f1a)<br>Telefone Reservas&nbsp;&amp; Comercial: 0034 881098207<br>@: <a href=\"mailto:reservas@vidahoteles.com\">reservas@vidahoteles.com<\/a><br>Coordenadas GPS: 43.218953 \/ -9.005204<\/p>\n\n\n\n<h4 class=\"wp-block-heading\"><strong><strong>OPINI\u00d5ES<\/strong><\/strong> <strong>DO HOTEL VIDA&nbsp;MAR DE LAXE<\/strong> <\/h4>\n\n\n\n<div class=\"wp-block-columns is-layout-flex wp-container-core-columns-is-layout-1 wp-block-columns-is-layout-flex\">\n<div class=\"wp-block-column is-layout-flow wp-block-column-is-layout-flow\">\n<div class=\"wp-block-image\"><figure class=\"aligncenter size-medium\"><img decoding=\"async\" width=\"300\" height=\"55\" src=\"https:\/\/vidahoteles.com\/wp-content\/uploads\/2020\/05\/booking-1-300x55.jpg\" alt=\"\" class=\"wp-image-5055\" srcset=\"https:\/\/vidahoteles.com\/wp-content\/uploads\/2020\/05\/booking-1-300x55.jpg 300w, https:\/\/vidahoteles.com\/wp-content\/uploads\/2020\/05\/booking-1.jpg 731w\" sizes=\"(max-width: 300px) 100vw, 300px\" \/><\/figure><\/div>\n\n\n\n<p class=\"has-text-align-center has-text-color\" style=\"color:#1e427e;font-size:92px\">8.9<\/p>\n<\/div>\n\n\n\n<div class=\"wp-block-column is-layout-flow wp-block-column-is-layout-flow\">\n<div id=\"TA_selfserveprop244\" class=\"TA_selfserveprop\"><ul id=\"cOyerC3U\" class=\"TA_links 3Q0VTnl\"><li id=\"qC5ed2zIvMVu\" class=\"YxL9locZ\"><a target=\"_blank\" href=\"https:\/\/www.tripadvisor.pt\/Hotel_Review-g1082745-d13431515-Reviews-Hotel_Apartments_VIDA_Mar_de_Laxe-Laxe_Province_of_A_Coruna_Galicia.html\" rel=\"noopener noreferrer\"><img decoding=\"async\" src=\"https:\/\/www.tripadvisor.pt\/img\/cdsi\/img2\/branding\/v2\/Tripadvisor_lockup_horizontal_secondary_registered-11900-2.svg\" alt=\"TripAdvisor\"><\/a><\/li><\/ul><\/div><script async=\"\" src=\"https:\/\/www.jscache.com\/wejs?wtype=selfserveprop&amp;uniq=244&amp;locationId=13431515&amp;lang=pt_PT&amp;rating=true&amp;nreviews=5&amp;writereviewlink=true&amp;popIdx=true&amp;iswide=false&amp;border=true&amp;display_version=2\" data-loadtrk=\"\" onload=\"this.loadtrk=true\"><\/script>\n\n\n<\/div>\n<\/div>\n\n\n\n<h4 class=\"wp-block-heading\"><strong>IMAGENS DO HOTEL VIDA&nbsp;MAR DE LAXE<\/strong> <\/h4>\n\n\n\nngg_shortcode_5_placeholder\n\n\n\n<h4 class=\"wp-block-heading\">O QUE FAZER EM LAXE<\/h4>\n\n\n<p><center><div class=\"pt-cv-wrapper\"><div class=\"pt-cv-view pt-cv-grid pt-cv-colsys\" id=\"pt-cv-view-8985e0btyj\"><div data-id=\"pt-cv-page-1\" class=\"pt-cv-page\" data-cvc=\"1\"><div class=\"col-md-12 col-sm-12 col-xs-12 pt-cv-content-item pt-cv-1-col\" ><div class='pt-cv-ifield'><a href=\"https:\/\/vidahoteles.com\/pt-pt\/laxe\/\" class=\"_self pt-cv-href-thumbnail pt-cv-thumb-default\" target=\"_self\" ><img fetchpriority=\"high\" decoding=\"async\" width=\"672\" height=\"372\" src=\"https:\/\/vidahoteles.com\/wp-content\/uploads\/ngg_featured\/Laxe-001-672x372.jpg\" class=\"pt-cv-thumbnail\" alt=\"\" srcset=\"https:\/\/vidahoteles.com\/wp-content\/uploads\/ngg_featured\/Laxe-001-672x372.jpg 672w, https:\/\/vidahoteles.com\/wp-content\/uploads\/ngg_featured\/Laxe-001-1038x576.jpg 1038w\" sizes=\"(max-width: 672px) 100vw, 672px\" \/><\/a>\n<div class=\"pt-cv-content\">Bem-vindos a Laxe, uma das vilas costeiras mais belas da costa galega. Laxe destaca pela sua localiza\u00e7\u00e3o, no centro geogr\u00e1fico da Costa da Morte, pela sua praia de 2 km no centro da cidade que faz os passeios especiais. Destaca tamb\u00e9m e o seu t\u00edpico porto de pesca, com barcos de pesca costeira indo e vindo a qualquer hora do dia. Tudo isso faz de Laxe um lugar excepcional para passar f\u00e9rias e para nunca esquecer o seu charme. Como em todas as nossas indica\u00e7\u00f5es, as seguintes informa\u00e7\u00f5es e conselhos se baseiam na nossa experi\u00eancia e na experi\u00eancia dos nossos ...<br \/><div class=\"pt-cv-rmwrap\"><a href=\"https:\/\/vidahoteles.com\/pt-pt\/laxe\/\" class=\"_self pt-cv-readmore btn btn-success\" target=\"_self\">Leer M\u00e1s<\/a><\/div><\/div><\/div><\/div><\/div><\/div><\/div><\/center><\/p>\n<div class=\"gsp_post_data\" \r\n\t            data-post_type=\"page\" \r\n\t            data-cat=\"\" \r\n\t            data-modified=\"120\"\r\n\t            data-created=\"1445684455\"\r\n\t            data-title=\"Hotel VIDA Mar de Laxe ***\" \r\n\t            data-home=\"https:\/\/vidahoteles.com\/pt-pt\/\"><\/div>","protected":false},"excerpt":{"rendered":"<p>O&nbsp;Hotel VIDA Mar de Laxe est\u00e1 localizado no centro de Laxe, uma das vilas mais pitorescas da costa galega, a [&hellip;]<\/p>\n","protected":false},"author":1,"featured_media":3774,"parent":0,"menu_order":310,"comment_status":"closed","ping_status":"closed","template":"","meta":{"site-sidebar-layout":"default","site-content-layout":"","ast-site-content-layout":"default","site-content-style":"default","site-sidebar-style":"default","ast-global-header-display":"","ast-banner-title-visibility":"","ast-main-header-display":"","ast-hfb-above-header-display":"","ast-hfb-below-header-display":"","ast-hfb-mobile-header-display":"","site-post-title":"","ast-breadcrumbs-content":"","ast-featured-img":"","footer-sml-layout":"","ast-disable-related-posts":"","theme-transparent-header-meta":"","adv-header-id-meta":"","stick-header-meta":"","header-above-stick-meta":"","header-main-stick-meta":"","header-below-stick-meta":"","astra-migrate-meta-layouts":"default","ast-page-background-enabled":"default","ast-page-background-meta":{"desktop":{"background-color":"var(--ast-global-color-4)","background-image":"","background-repeat":"repeat","background-position":"center center","background-size":"auto","background-attachment":"scroll","background-type":"","background-media":"","overlay-type":"","overlay-color":"","overlay-opacity":"","overlay-gradient":""},"tablet":{"background-color":"","background-image":"","background-repeat":"repeat","background-position":"center center","background-size":"auto","background-attachment":"scroll","background-type":"","background-media":"","overlay-type":"","overlay-color":"","overlay-opacity":"","overlay-gradient":""},"mobile":{"background-color":"","background-image":"","background-repeat":"repeat","background-position":"center center","background-size":"auto","background-attachment":"scroll","background-type":"","background-media":"","overlay-type":"","overlay-color":"","overlay-opacity":"","overlay-gradient":""}},"ast-content-background-meta":{"desktop":{"background-color":"var(--ast-global-color-5)","background-image":"","background-repeat":"repeat","background-position":"center center","background-size":"auto","background-attachment":"scroll","background-type":"","background-media":"","overlay-type":"","overlay-color":"","overlay-opacity":"","overlay-gradient":""},"tablet":{"background-color":"var(--ast-global-color-5)","background-image":"","background-repeat":"repeat","background-position":"center center","background-size":"auto","background-attachment":"scroll","background-type":"","background-media":"","overlay-type":"","overlay-color":"","overlay-opacity":"","overlay-gradient":""},"mobile":{"background-color":"var(--ast-global-color-5)","background-image":"","background-repeat":"repeat","background-position":"center center","background-size":"auto","background-attachment":"scroll","background-type":"","background-media":"","overlay-type":"","overlay-color":"","overlay-opacity":"","overlay-gradient":""}},"ngg_post_thumbnail":0,"_jet_sm_ready_style":"","_jet_sm_style":"","_jet_sm_controls_values":"","_jet_sm_fonts_collection":"","_jet_sm_fonts_links":"","footnotes":""},"class_list":["post-3039","page","type-page","status-publish","has-post-thumbnail","hentry"],"yoast_head":"<!-- This site is optimized with the Yoast SEO plugin v24.8.1 - https:\/\/yoast.com\/wordpress\/plugins\/seo\/ -->\n<title>Hotel VIDA Mar de Laxe *** - Vida Hoteles &amp; Apartamentos<\/title>\n<meta name=\"robots\" content=\"index, follow, max-snippet:-1, max-image-preview:large, max-video-preview:-1\" \/>\n<link rel=\"canonical\" href=\"https:\/\/vidahoteles.com\/pt-pt\/hotel-vida-mardelaxe\/\" \/>\n<meta property=\"og:locale\" content=\"pt_PT\" \/>\n<meta property=\"og:type\" content=\"article\" \/>\n<meta property=\"og:title\" content=\"Hotel VIDA Mar de Laxe *** - Vida Hoteles &amp; Apartamentos\" \/>\n<meta property=\"og:description\" content=\"O&nbsp;Hotel VIDA Mar de Laxe est\u00e1 localizado no centro de Laxe, uma das vilas mais pitorescas da costa galega, a [&hellip;]\" \/>\n<meta property=\"og:url\" content=\"https:\/\/vidahoteles.com\/pt-pt\/hotel-vida-mardelaxe\/\" \/>\n<meta property=\"og:site_name\" content=\"Vida Hoteles &amp; Apartamentos\" \/>\n<meta property=\"article:modified_time\" content=\"2025-04-11T13:19:13+00:00\" \/>\n<meta property=\"og:image\" content=\"https:\/\/vidahoteles.com\/wp-content\/uploads\/2017\/11\/Hotel-VIDA-Mar-de-Laxe-1.jpg\" \/>\n\t<meta property=\"og:image:width\" content=\"1920\" \/>\n\t<meta property=\"og:image:height\" content=\"929\" \/>\n\t<meta property=\"og:image:type\" content=\"image\/jpeg\" \/>\n<meta name=\"twitter:label1\" content=\"Tempo estimado de leitura\" \/>\n\t<meta name=\"twitter:data1\" content=\"5 minutos\" \/>\n<script type=\"application\/ld+json\" class=\"yoast-schema-graph\">{\"@context\":\"https:\/\/schema.org\",\"@graph\":[{\"@type\":\"WebPage\",\"@id\":\"https:\/\/vidahoteles.com\/pt-pt\/hotel-vida-mardelaxe\/\",\"url\":\"https:\/\/vidahoteles.com\/pt-pt\/hotel-vida-mardelaxe\/\",\"name\":\"Hotel VIDA Mar de Laxe *** - Vida Hoteles &amp; Apartamentos\",\"isPartOf\":{\"@id\":\"https:\/\/vidahoteles.com\/#website\"},\"primaryImageOfPage\":{\"@id\":\"https:\/\/vidahoteles.com\/pt-pt\/hotel-vida-mardelaxe\/#primaryimage\"},\"image\":{\"@id\":\"https:\/\/vidahoteles.com\/pt-pt\/hotel-vida-mardelaxe\/#primaryimage\"},\"thumbnailUrl\":\"https:\/\/vidahoteles.com\/wp-content\/uploads\/2017\/11\/Hotel-VIDA-Mar-de-Laxe-1.jpg\",\"datePublished\":\"2015-10-24T11:00:55+00:00\",\"dateModified\":\"2025-04-11T13:19:13+00:00\",\"breadcrumb\":{\"@id\":\"https:\/\/vidahoteles.com\/pt-pt\/hotel-vida-mardelaxe\/#breadcrumb\"},\"inLanguage\":\"pt-PT\",\"potentialAction\":[{\"@type\":\"ReadAction\",\"target\":[\"https:\/\/vidahoteles.com\/pt-pt\/hotel-vida-mardelaxe\/\"]}]},{\"@type\":\"ImageObject\",\"inLanguage\":\"pt-PT\",\"@id\":\"https:\/\/vidahoteles.com\/pt-pt\/hotel-vida-mardelaxe\/#primaryimage\",\"url\":\"https:\/\/vidahoteles.com\/wp-content\/uploads\/2017\/11\/Hotel-VIDA-Mar-de-Laxe-1.jpg\",\"contentUrl\":\"https:\/\/vidahoteles.com\/wp-content\/uploads\/2017\/11\/Hotel-VIDA-Mar-de-Laxe-1.jpg\",\"width\":1920,\"height\":929},{\"@type\":\"BreadcrumbList\",\"@id\":\"https:\/\/vidahoteles.com\/pt-pt\/hotel-vida-mardelaxe\/#breadcrumb\",\"itemListElement\":[{\"@type\":\"ListItem\",\"position\":1,\"name\":\"Portada\",\"item\":\"https:\/\/vidahoteles.com\/pt-pt\/\"},{\"@type\":\"ListItem\",\"position\":2,\"name\":\"Hotel VIDA Mar de Laxe ***\"}]},{\"@type\":\"WebSite\",\"@id\":\"https:\/\/vidahoteles.com\/#website\",\"url\":\"https:\/\/vidahoteles.com\/\",\"name\":\"Vida Hoteles &amp; Apartamentos\",\"description\":\"La cadena hotelera de A Costa da Morte (Galicia)\",\"potentialAction\":[{\"@type\":\"SearchAction\",\"target\":{\"@type\":\"EntryPoint\",\"urlTemplate\":\"https:\/\/vidahoteles.com\/?s={search_term_string}\"},\"query-input\":{\"@type\":\"PropertyValueSpecification\",\"valueRequired\":true,\"valueName\":\"search_term_string\"}}],\"inLanguage\":\"pt-PT\"}]}<\/script>\n<!-- \/ Yoast SEO plugin. -->","yoast_head_json":{"title":"Hotel VIDA Mar de Laxe *** - Vida Hoteles &amp; Apartamentos","robots":{"index":"index","follow":"follow","max-snippet":"max-snippet:-1","max-image-preview":"max-image-preview:large","max-video-preview":"max-video-preview:-1"},"canonical":"https:\/\/vidahoteles.com\/pt-pt\/hotel-vida-mardelaxe\/","og_locale":"pt_PT","og_type":"article","og_title":"Hotel VIDA Mar de Laxe *** - Vida Hoteles &amp; Apartamentos","og_description":"O&nbsp;Hotel VIDA Mar de Laxe est\u00e1 localizado no centro de Laxe, uma das vilas mais pitorescas da costa galega, a [&hellip;]","og_url":"https:\/\/vidahoteles.com\/pt-pt\/hotel-vida-mardelaxe\/","og_site_name":"Vida Hoteles &amp; Apartamentos","article_modified_time":"2025-04-11T13:19:13+00:00","og_image":[{"width":1920,"height":929,"url":"https:\/\/vidahoteles.com\/wp-content\/uploads\/2017\/11\/Hotel-VIDA-Mar-de-Laxe-1.jpg","type":"image\/jpeg"}],"twitter_misc":{"Tempo estimado de leitura":"5 minutos"},"schema":{"@context":"https:\/\/schema.org","@graph":[{"@type":"WebPage","@id":"https:\/\/vidahoteles.com\/pt-pt\/hotel-vida-mardelaxe\/","url":"https:\/\/vidahoteles.com\/pt-pt\/hotel-vida-mardelaxe\/","name":"Hotel VIDA Mar de Laxe *** - Vida Hoteles &amp; Apartamentos","isPartOf":{"@id":"https:\/\/vidahoteles.com\/#website"},"primaryImageOfPage":{"@id":"https:\/\/vidahoteles.com\/pt-pt\/hotel-vida-mardelaxe\/#primaryimage"},"image":{"@id":"https:\/\/vidahoteles.com\/pt-pt\/hotel-vida-mardelaxe\/#primaryimage"},"thumbnailUrl":"https:\/\/vidahoteles.com\/wp-content\/uploads\/2017\/11\/Hotel-VIDA-Mar-de-Laxe-1.jpg","datePublished":"2015-10-24T11:00:55+00:00","dateModified":"2025-04-11T13:19:13+00:00","breadcrumb":{"@id":"https:\/\/vidahoteles.com\/pt-pt\/hotel-vida-mardelaxe\/#breadcrumb"},"inLanguage":"pt-PT","potentialAction":[{"@type":"ReadAction","target":["https:\/\/vidahoteles.com\/pt-pt\/hotel-vida-mardelaxe\/"]}]},{"@type":"ImageObject","inLanguage":"pt-PT","@id":"https:\/\/vidahoteles.com\/pt-pt\/hotel-vida-mardelaxe\/#primaryimage","url":"https:\/\/vidahoteles.com\/wp-content\/uploads\/2017\/11\/Hotel-VIDA-Mar-de-Laxe-1.jpg","contentUrl":"https:\/\/vidahoteles.com\/wp-content\/uploads\/2017\/11\/Hotel-VIDA-Mar-de-Laxe-1.jpg","width":1920,"height":929},{"@type":"BreadcrumbList","@id":"https:\/\/vidahoteles.com\/pt-pt\/hotel-vida-mardelaxe\/#breadcrumb","itemListElement":[{"@type":"ListItem","position":1,"name":"Portada","item":"https:\/\/vidahoteles.com\/pt-pt\/"},{"@type":"ListItem","position":2,"name":"Hotel VIDA Mar de Laxe ***"}]},{"@type":"WebSite","@id":"https:\/\/vidahoteles.com\/#website","url":"https:\/\/vidahoteles.com\/","name":"Vida Hoteles &amp; Apartamentos","description":"La cadena hotelera de A Costa da Morte (Galicia)","potentialAction":[{"@type":"SearchAction","target":{"@type":"EntryPoint","urlTemplate":"https:\/\/vidahoteles.com\/?s={search_term_string}"},"query-input":{"@type":"PropertyValueSpecification","valueRequired":true,"valueName":"search_term_string"}}],"inLanguage":"pt-PT"}]}},"_links":{"self":[{"href":"https:\/\/vidahoteles.com\/pt-pt\/wp-json\/wp\/v2\/pages\/3039","targetHints":{"allow":["GET"]}}],"collection":[{"href":"https:\/\/vidahoteles.com\/pt-pt\/wp-json\/wp\/v2\/pages"}],"about":[{"href":"https:\/\/vidahoteles.com\/pt-pt\/wp-json\/wp\/v2\/types\/page"}],"author":[{"embeddable":true,"href":"https:\/\/vidahoteles.com\/pt-pt\/wp-json\/wp\/v2\/users\/1"}],"replies":[{"embeddable":true,"href":"https:\/\/vidahoteles.com\/pt-pt\/wp-json\/wp\/v2\/comments?post=3039"}],"version-history":[{"count":25,"href":"https:\/\/vidahoteles.com\/pt-pt\/wp-json\/wp\/v2\/pages\/3039\/revisions"}],"predecessor-version":[{"id":12220,"href":"https:\/\/vidahoteles.com\/pt-pt\/wp-json\/wp\/v2\/pages\/3039\/revisions\/12220"}],"wp:featuredmedia":[{"embeddable":true,"href":"https:\/\/vidahoteles.com\/pt-pt\/wp-json\/wp\/v2\/media\/3774"}],"wp:attachment":[{"href":"https:\/\/vidahoteles.com\/pt-pt\/wp-json\/wp\/v2\/media?parent=3039"}],"curies":[{"name":"wp","href":"https:\/\/api.w.org\/{rel}","templated":true}]}}