{"id":6860,"date":"2021-03-12T18:27:09","date_gmt":"2021-03-12T18:27:09","guid":{"rendered":"https:\/\/vidahoteles.com\/?page_id=6860"},"modified":"2021-05-31T16:54:02","modified_gmt":"2021-05-31T16:54:02","slug":"estadas-combinadas-na-galiza","status":"publish","type":"page","link":"https:\/\/vidahoteles.com\/pt-pt\/estadas-combinadas-na-galiza\/","title":{"rendered":"Estadias combinadas na Galiza"},"content":{"rendered":"<p><script type=\"text\/javascript\">\n\t$(document).ready(function(){ \n\t\t$.datepicker.regional[\"pt\"] = {\n\t\t\tcloseText: \"Fechar\",\n\t\t\tprevText: \"&#x3C;Ant\",\n\t\t\tnextText: \"Prox&#x3E;\",\n\t\t\tcurrentText: \"Hoje\",\n\t\t\tmonthNames: [ \"Janeiro\",\"Fevereiro\",\"Marzo\",\"Abril\",\"Maio\",\"Junho\",\"Julho\",\"Agosto\",\"Setembro\",\"Outubro\",\"Novembro\",\"Dezembro\" ],\n\t\t\tmonthNamesShort: [ \"jan\",\"fev\",\"mar\",\"abr\",\"mai\",\"jun\",\"jul\",\"ago\",\"set\",\"out\",\"nov\",\"dez\" ],\n\t\t\tdayNames: [ \"domingo\",\"segunda\",\"ter\u00e7a\",\"quarta\",\"quinta\",\"sexta\",\"s&aacute;bado\" ],\n\t\t\tdayNamesShort: [ \"dom\",\"seg\",\"ter\",\"qua\",\"qui\",\"sex\",\"sab\" ],\n\t\t\tdayNamesMin: [ \"D\",\"2\u00aa\",\"3\u00aa\",\"4\u00aa\",\"5\u00aa\",\"6\u00aa\",\"S\" ],\n\t\t\tweekHeader: \"Sm\",\n\t\t\tdateFormat: \"dd\/mm\/yy\",\n\t\t\tfirstDay: 1,\n\t\t\tisRTL: false,\n\t\t\tshowMonthAfterYear: false,\n\t\t\tyearSuffix: \"\" \n\t\t};\n$.datepicker.setDefaults( $.datepicker.regional[ \"pt\" ] );\n\t});\n<\/script><\/p>\n<div style=\"background-color: #dddddd; padding: 2px; text-align: center;\">\n<form id=\"bookform\" action=\"https:\/\/vidahoteles.com\/pt-pt\/reservas\/\" method=\"get\"><input name=\"fullintegration\" type=\"hidden\" value=\"1\"><input name=\"fitparent\" type=\"hidden\" value=\"1\"><input name=\"vscroll\" type=\"hidden\" value=\"1\"><input id=\"skin\" name=\"skin\" type=\"hidden\" value=\"vidahotpax\"><input name=\"idiomaid\" type=\"hidden\" value=\"es\"><input id=\"channelkey\" name=\"channelkey\" type=\"hidden\" value=\"BAFEEEF3-D0F0-2874-E053-0100007F4441\"><span style=\"font-size: 20px;\"><strong>RESERVAS ONLINE (MELHOR PRE\u00c7O GARANTIDO)<\/strong><\/span><br \/>\n<span style=\"font-size: 17px;\"><strong>Entrada: <\/strong><\/span><input id=\"desde\" style=\"background-color: #fff; color: #000;\" name=\"desde\" size=\"8\" type=\"text\" readonly=\"true\"><span style=\"font-size: 17px;\">&nbsp;&nbsp;&nbsp;<strong>Saida:<\/strong><\/span><input id=\"hasta\" style=\"background-color: #fff; color: #000;\" name=\"hasta\" size=\"8\" type=\"text\" readonly=\"true\"><span style=\"font-size: 17px;\"><strong>  N\u00ba Quartos: <\/strong><\/span><select id=\"numhab\" style=\"font-size: 15px;\" name=\"numhab\"><option selected=\"selected\" value=\"1\">1<\/option><option value=\"2\">2<\/option><option value=\"3\">3<\/option><\/select><input name=\"adultos\" type=\"hidden\"><input name=\"nenes\" type=\"hidden\"><input name=\"edadnenes\" type=\"hidden\"><\/p>\n<div id=\"habs\" style=\"display: table;\">\n<div id=\"hab1_hab\" style=\"display: table-row;\">\n<\/div>\n<div id=\"hab1_labels\" style=\"display: table-row;\">\n<div style=\"display: table-cell; font-size: 15px;\"><\/div>\n<div style=\"display: table-cell; font-size: 14px;\">Adultos<\/div>\n<div style=\"display: table-cell; font-size: 14px;\">Crian\u00e7as<\/div>\n<div id=\"edadnenes1_hab1_label\" style=\"display: table-cell; visibility: hidden; font-size: 14px;\">Cria1<\/div>\n<div id=\"edadnenes2_hab1_label\" style=\"display: table-cell; visibility: hidden; font-size: 14px;\">Cria2<\/div>\n<\/div>\n<div id=\"hab1_frm\" style=\"display: table-row;\">\n<div style=\"display: table-cell; font-size: 15px;\"><strong>Quarto 1:<\/strong><\/div>\n<div style=\"display: table-cell;\"><input id=\"adultos1\" style=\"background-color: #fff; color: #000; font-family:monospace; width:4em;\" max=\"3\" min=\"1\" size=\"2\" type=\"number\"><\/div>\n<div style=\"display: table-cell; padding: 2px;\"><input id=\"nenes1\" style=\"background-color: #fff; color: #000; font-family:monospace; width:4em;\" max=\"1\" min=\"0\" size=\"2\" type=\"number\"><\/div>\n<div id=\"edadnenes1_hab1_div\" style=\"display: table-cell; visibility: hidden; padding: 2px;\"><input id=\"edadnenes1_hab1\" style=\"background-color: #fff; color: #000; font-family:monospace; width:4em;\" max=\"16\" min=\"0\" size=\"2\" type=\"number\"><\/div>\n<div id=\"edadnenes2_hab1_div\" style=\"display: table-cell; visibility: hidden; padding: 2px;\"><input id=\"edadnenes2_hab1\" style=\"background-color: #fff; color: #000; font-family:monospace; width:4em;\" max=\"16\" min=\"0\" size=\"2\" type=\"number\"><\/div>\n<\/div>\n<div id=\"hab2_hab\" style=\"display: none;\">\n<\/div>\n<div id=\"hab2_labels\" style=\"display: none;\">\n<div style=\"display: table-cell; font-size: 15px;\"><\/div>\n<div style=\"display: table-cell; font-size: 14px;\">Adultos<\/div>\n<div style=\"display: table-cell; font-size: 14px;\">Crian\u00e7as<\/div>\n<div id=\"edadnenes1_hab2_label\" style=\"display: table-cell; visibility: hidden; font-size: 14px;\">Cria1<\/div>\n<div id=\"edadnenes2_hab2_label\" style=\"display: table-cell; visibility: hidden; font-size: 14px;\">Cria2<\/div>\n<\/div>\n<div id=\"hab2_frm\" style=\"display: none;\">\n<div style=\"display: table-cell; font-size: 15px;\"><strong>Quarto 2:<\/strong><\/div>\n<div style=\"display: table-cell;\"><input id=\"adultos2\" style=\"background-color: #fff; color: #000; font-family:monospace; width:4em;\" max=\"3\" min=\"1\" size=\"2\" type=\"number\"><\/div>\n<div style=\"display: table-cell; padding: 2px;\"><input id=\"nenes2\" style=\"background-color: #fff; color: #000; font-family:monospace; width:4em;\" max=\"1\" min=\"0\" size=\"2\" type=\"number\"><\/div>\n<div id=\"edadnenes1_hab2_div\" style=\"display: table-cell; visibility: hidden; padding: 2px;\"><input id=\"edadnenes1_hab2\" style=\"background-color: #fff; color: #000; font-family:monospace; width:4em;\" max=\"16\" min=\"0\" size=\"2\" type=\"number\"><\/div>\n<div id=\"edadnenes2_hab2_div\" style=\"display: table-cell; visibility: hidden; padding: 2px;\"><input id=\"edadnenes2_hab2\" style=\"background-color: #fff; color: #000; font-family:monospace; width:4em;\" max=\"16\" min=\"0\" size=\"2\" type=\"number\"><\/div>\n<\/div>\n<div id=\"hab3_hab\" style=\"display: none;\">\n<\/div>\n<div id=\"hab3_labels\" style=\"display: none;\">\n<div style=\"display: table-cell; font-size: 15px;\"><\/div>\n<div style=\"display: table-cell; font-size: 14px;\">Adultos<\/div>\n<div style=\"display: table-cell; font-size: 14px;\">Crian\u00e7as<\/div>\n<div id=\"edadnenes1_hab3_label\" style=\"display: table-cell; visibility: hidden; font-size: 14px;\">Cria1<\/div>\n<div id=\"edadnenes2_hab3_label\" style=\"display: table-cell; visibility: hidden; font-size: 14px;\">Cria2<\/div>\n<\/div>\n<div id=\"hab3_frm\" style=\"display: none;\">\n<div style=\"display: table-cell; font-size: 15px;\"><strong>Quarto 3:<\/strong><\/div>\n<div style=\"display: table-cell;\"><input id=\"adultos3\" style=\"background-color: #fff; color: #000; font-family:monospace; width:4em;\" max=\"3\" min=\"1\" size=\"2\" type=\"number\"><\/div>\n<div style=\"display: table-cell; padding: 2px;\"><input id=\"nenes3\" style=\"background-color: #fff; color: #000; font-family:monospace; width:4em;\" max=\"1\" min=\"0\" size=\"2\" type=\"number\"><\/div>\n<div id=\"edadnenes1_hab3_div\" style=\"display: table-cell; visibility: hidden; padding: 2px;\"><input id=\"edadnenes1_hab3\" style=\"background-color: #fff; color: #000; font-family:monospace; width:4em;\" max=\"16\" min=\"0\" size=\"2\" type=\"number\"><\/div>\n<div id=\"edadnenes2_hab3_div\" style=\"display: table-cell; visibility: hidden; padding: 2px;\"><input id=\"edadnenes2_hab3\" style=\"background-color: #fff; color: #000; font-family:monospace; width:4em;\" max=\"16\" min=\"0\" size=\"2\" type=\"number\"><\/div>\n<\/div>\n<\/div>\n<p><input style=\"margin-top: 10px; font-size: 24px;\" type=\"submit\" value=\"BUSCAR\"><br \/>\n<\/form>\n<\/div>\n\n\n\n<h2 class=\"wp-block-heading\">Passeio pela Galiza da forma mais c\u00f3moda<\/h2>\n\n\n\n<p>Com as Estadias Combinadas que lhe oferecemos, poder\u00e1 percorrer da melhor forma toda a costa da Galiza, alojando-se em dois estabelecimentos da nossa rede. Esque\u00e7a as viagens longas e curta suas f\u00e9rias com conforto.<\/p>\n\n\n\n<p>De um m\u00ednimo de 4 noites a um m\u00e1ximo de 14 noites, concebemos as melhores combina\u00e7\u00f5es nos nossos alojamentos na Costa da Morte e Sanxenxo.<\/p>\n\n\n\n<h2 class=\"has-text-align-center wp-block-heading\"><strong>Para fazer a reserva<\/strong><\/h2>\n\n\n\n<p class=\"has-text-align-left\">Insira as datas da sua estadia no formul\u00e1rio desta p\u00e1gina e voc\u00ea receber\u00e1 todos os pacotes combinados que atendem a essa estadia (o n\u00famero m\u00ednimo de noites \u00e9 4 e o m\u00e1ximo \u00e9 14).<\/p>\n\n\n\n<h2 class=\"wp-block-heading\">Estadias combinadas em Hot\u00e9is<\/h2>\n\n\n\n<div class=\"wp-block-columns is-layout-flex wp-container-core-columns-is-layout-1 wp-block-columns-is-layout-flex\">\n<div class=\"wp-block-column is-layout-flow wp-block-column-is-layout-flow\">\n<div class=\"wp-block-group has-light-gray-background-color has-background\"><div class=\"wp-block-group__inner-container is-layout-flow wp-block-group-is-layout-flow\">\n<h6 class=\"wp-block-heading\"><span style=\"background-color:#f5f5f5\" class=\"tadv-background-color\">HOTEL EM FINISTERRE + HOTEL EM SANXENXO<\/span><\/h6>\n\n\n\n<p class=\"has-text-align-center\"><a href=\"https:\/\/vidahoteles.com\/pt-pt\/hotel-vida-finisterre-centro\/\">Hotel VIDA Finisterre Centro<\/a> + <a href=\"https:\/\/vidahoteles.com\/pt-pt\/hotel-vida-ostra-marina\/\">Hotel VIDA Ostra Marina<\/a><\/p>\n\n\n\n<figure class=\"wp-block-image size-large\"><img fetchpriority=\"high\" decoding=\"async\" width=\"1024\" height=\"576\" src=\"https:\/\/vidahoteles.com\/wp-content\/uploads\/2021\/03\/Estancias-Combinadas-11-1024x576.jpg\" alt=\"\" class=\"wp-image-6636\" srcset=\"https:\/\/vidahoteles.com\/wp-content\/uploads\/2021\/03\/Estancias-Combinadas-11-1024x576.jpg 1024w, https:\/\/vidahoteles.com\/wp-content\/uploads\/2021\/03\/Estancias-Combinadas-11-300x169.jpg 300w, https:\/\/vidahoteles.com\/wp-content\/uploads\/2021\/03\/Estancias-Combinadas-11-768x432.jpg 768w, https:\/\/vidahoteles.com\/wp-content\/uploads\/2021\/03\/Estancias-Combinadas-11.jpg 1152w\" sizes=\"(max-width: 1024px) 100vw, 1024px\" \/><\/figure>\n<\/div><\/div>\n\n\n<\/div>\n\n\n\n<div class=\"wp-block-column is-layout-flow wp-block-column-is-layout-flow\">\n<div class=\"wp-block-group has-light-gray-background-color has-background\"><div class=\"wp-block-group__inner-container is-layout-flow wp-block-group-is-layout-flow\">\n<h6 class=\"wp-block-heading\">HOTEL EM LAXE + HOTEL EM SANXENXO<\/h6>\n\n\n\n<p class=\"has-text-align-center\"><a href=\"https:\/\/vidahoteles.com\/pt-pt\/hotel-vida-mardelaxe\/\">Hotel VIDA Mar de Laxe<\/a> + <a href=\"https:\/\/vidahoteles.com\/pt-pt\/hotel-vida-playa-paxarinas\/\">Hotel VIDA Paxari\u00f1as<\/a><\/p>\n\n\n\n<figure class=\"wp-block-image size-large\"><img decoding=\"async\" width=\"1024\" height=\"576\" src=\"https:\/\/vidahoteles.com\/wp-content\/uploads\/2021\/03\/Estancias-Combinadas-12-1024x576.jpg\" alt=\"\" class=\"wp-image-6640\" srcset=\"https:\/\/vidahoteles.com\/wp-content\/uploads\/2021\/03\/Estancias-Combinadas-12-1024x576.jpg 1024w, https:\/\/vidahoteles.com\/wp-content\/uploads\/2021\/03\/Estancias-Combinadas-12-300x169.jpg 300w, https:\/\/vidahoteles.com\/wp-content\/uploads\/2021\/03\/Estancias-Combinadas-12-768x432.jpg 768w, https:\/\/vidahoteles.com\/wp-content\/uploads\/2021\/03\/Estancias-Combinadas-12.jpg 1152w\" sizes=\"(max-width: 1024px) 100vw, 1024px\" \/><\/figure>\n<\/div><\/div>\n\n\n<\/div>\n<\/div>\n\n\n\n<h2 class=\"wp-block-heading\">Estadias combinadas em Apartamentos<\/h2>\n\n\n\n<div class=\"wp-block-columns is-layout-flex wp-container-core-columns-is-layout-2 wp-block-columns-is-layout-flex\">\n<div class=\"wp-block-column is-layout-flow wp-block-column-is-layout-flow\">\n<div class=\"wp-block-group has-light-gray-background-color has-background\"><div class=\"wp-block-group__inner-container is-layout-flow wp-block-group-is-layout-flow\">\n<h6 class=\"wp-block-heading\"><strong>APARTAMENTO EM CORCUBION + APARTAMENTO EM SANXENXO<\/strong><\/h6>\n\n\n\n<p class=\"has-text-align-center\"><a href=\"https:\/\/vidahoteles.com\/hotel-vida-mardelaxe\/\"><\/a><a href=\"https:\/\/vidahoteles.com\/pt-pt\/apartamentos-vida-corcubion\/\">Apartamentos VIDA Corcubi\u00f3n<\/a> + <a href=\"https:\/\/vidahoteles.com\/pt-pt\/apartamentos-vida-sanxenxo\/\">Apartamentos VIDA Sanxenxo<\/a><\/p>\n\n\n\n<figure class=\"wp-block-image size-large\"><img decoding=\"async\" width=\"1024\" height=\"576\" src=\"https:\/\/vidahoteles.com\/wp-content\/uploads\/2021\/03\/Estancias-Combinadas-14-1024x576.jpg\" alt=\"\" class=\"wp-image-6648\" srcset=\"https:\/\/vidahoteles.com\/wp-content\/uploads\/2021\/03\/Estancias-Combinadas-14-1024x576.jpg 1024w, https:\/\/vidahoteles.com\/wp-content\/uploads\/2021\/03\/Estancias-Combinadas-14-300x169.jpg 300w, https:\/\/vidahoteles.com\/wp-content\/uploads\/2021\/03\/Estancias-Combinadas-14-768x432.jpg 768w, https:\/\/vidahoteles.com\/wp-content\/uploads\/2021\/03\/Estancias-Combinadas-14.jpg 1152w\" sizes=\"(max-width: 1024px) 100vw, 1024px\" \/><\/figure>\n<\/div><\/div>\n\n\n<\/div>\n\n\n\n<div class=\"wp-block-column is-layout-flow wp-block-column-is-layout-flow\">\n<div class=\"wp-block-group has-light-gray-background-color has-background\"><div class=\"wp-block-group__inner-container is-layout-flow wp-block-group-is-layout-flow\">\n<h6 class=\"wp-block-heading\"><strong><strong><strong>APARTAMENTO EM FINISTERRE + APARTAMENTO EM SANXENXO<\/strong><\/strong><\/strong><\/h6>\n\n\n\n<p class=\"has-text-align-center\"><a href=\"https:\/\/vidahoteles.com\/hotel-vida-mardelaxe\/\"><\/a><a href=\"https:\/\/vidahoteles.com\/apartamentos-vida-corcubion\/\"><\/a><a href=\"https:\/\/vidahoteles.com\/pt-pt\/apartamentos-vida-finisterre\/\">Apartamentos VIDA Finisterre <\/a>+ <a href=\"https:\/\/vidahoteles.com\/pt-pt\/apartamentos-vida-versus\/\">Apartamentos VIDA Versus<\/a><\/p>\n\n\n\n<figure class=\"wp-block-image size-large\"><img loading=\"lazy\" decoding=\"async\" width=\"1024\" height=\"576\" src=\"https:\/\/vidahoteles.com\/wp-content\/uploads\/2021\/03\/Estancias-Combinadas-15-1024x576.jpg\" alt=\"\" class=\"wp-image-6652\" srcset=\"https:\/\/vidahoteles.com\/wp-content\/uploads\/2021\/03\/Estancias-Combinadas-15-1024x576.jpg 1024w, https:\/\/vidahoteles.com\/wp-content\/uploads\/2021\/03\/Estancias-Combinadas-15-300x169.jpg 300w, https:\/\/vidahoteles.com\/wp-content\/uploads\/2021\/03\/Estancias-Combinadas-15-768x432.jpg 768w, https:\/\/vidahoteles.com\/wp-content\/uploads\/2021\/03\/Estancias-Combinadas-15.jpg 1152w\" sizes=\"(max-width: 1024px) 100vw, 1024px\" \/><\/figure>\n<\/div><\/div>\n<\/div>\n<\/div>\n<div class=\"gsp_post_data\" \r\n\t            data-post_type=\"page\" \r\n\t            data-cat=\"\" \r\n\t            data-modified=\"120\"\r\n\t            data-created=\"1615573629\"\r\n\t            data-title=\"Estadias combinadas na Galiza\" \r\n\t            data-home=\"https:\/\/vidahoteles.com\/pt-pt\/\"><\/div>","protected":false},"excerpt":{"rendered":"<p>Passeio pela Galiza da forma mais c\u00f3moda Com as Estadias Combinadas que lhe oferecemos, poder\u00e1 percorrer da melhor forma toda [&hellip;]<\/p>\n","protected":false},"author":2,"featured_media":6882,"parent":0,"menu_order":510,"comment_status":"closed","ping_status":"closed","template":"","meta":{"site-sidebar-layout":"default","site-content-layout":"","ast-site-content-layout":"default","site-content-style":"default","site-sidebar-style":"default","ast-global-header-display":"","ast-banner-title-visibility":"","ast-main-header-display":"","ast-hfb-above-header-display":"","ast-hfb-below-header-display":"","ast-hfb-mobile-header-display":"","site-post-title":"","ast-breadcrumbs-content":"","ast-featured-img":"","footer-sml-layout":"","ast-disable-related-posts":"","theme-transparent-header-meta":"","adv-header-id-meta":"","stick-header-meta":"","header-above-stick-meta":"","header-main-stick-meta":"","header-below-stick-meta":"","astra-migrate-meta-layouts":"default","ast-page-background-enabled":"default","ast-page-background-meta":{"desktop":{"background-color":"var(--ast-global-color-4)","background-image":"","background-repeat":"repeat","background-position":"center center","background-size":"auto","background-attachment":"scroll","background-type":"","background-media":"","overlay-type":"","overlay-color":"","overlay-opacity":"","overlay-gradient":""},"tablet":{"background-color":"","background-image":"","background-repeat":"repeat","background-position":"center center","background-size":"auto","background-attachment":"scroll","background-type":"","background-media":"","overlay-type":"","overlay-color":"","overlay-opacity":"","overlay-gradient":""},"mobile":{"background-color":"","background-image":"","background-repeat":"repeat","background-position":"center center","background-size":"auto","background-attachment":"scroll","background-type":"","background-media":"","overlay-type":"","overlay-color":"","overlay-opacity":"","overlay-gradient":""}},"ast-content-background-meta":{"desktop":{"background-color":"var(--ast-global-color-5)","background-image":"","background-repeat":"repeat","background-position":"center center","background-size":"auto","background-attachment":"scroll","background-type":"","background-media":"","overlay-type":"","overlay-color":"","overlay-opacity":"","overlay-gradient":""},"tablet":{"background-color":"var(--ast-global-color-5)","background-image":"","background-repeat":"repeat","background-position":"center center","background-size":"auto","background-attachment":"scroll","background-type":"","background-media":"","overlay-type":"","overlay-color":"","overlay-opacity":"","overlay-gradient":""},"mobile":{"background-color":"var(--ast-global-color-5)","background-image":"","background-repeat":"repeat","background-position":"center center","background-size":"auto","background-attachment":"scroll","background-type":"","background-media":"","overlay-type":"","overlay-color":"","overlay-opacity":"","overlay-gradient":""}},"ngg_post_thumbnail":0,"_jet_sm_ready_style":"","_jet_sm_style":"","_jet_sm_controls_values":"","_jet_sm_fonts_collection":"","_jet_sm_fonts_links":"","footnotes":""},"class_list":["post-6860","page","type-page","status-publish","has-post-thumbnail","hentry"],"yoast_head":"<!-- This site is optimized with the Yoast SEO plugin v24.8.1 - https:\/\/yoast.com\/wordpress\/plugins\/seo\/ -->\n<title>Estadias combinadas na Galiza - Vida Hoteles &amp; Apartamentos<\/title>\n<meta name=\"description\" content=\"Combine a sua estadia na Galiza com os hot\u00e9is e apartamentos VIDA na Costa da Morte e Sanxenxo. As verdadeiras f\u00e9rias em acomoda\u00e7\u00f5es de qualidade.\" \/>\n<meta name=\"robots\" content=\"index, follow, max-snippet:-1, max-image-preview:large, max-video-preview:-1\" \/>\n<link rel=\"canonical\" href=\"https:\/\/vidahoteles.com\/estancias-combinadas-en-galicia\/\" \/>\n<meta property=\"og:locale\" content=\"pt_PT\" \/>\n<meta property=\"og:type\" content=\"article\" \/>\n<meta property=\"og:title\" content=\"Estadias combinadas na Galiza - Vida Hoteles &amp; Apartamentos\" \/>\n<meta property=\"og:description\" content=\"Combine a sua estadia na Galiza com os hot\u00e9is e apartamentos VIDA na Costa da Morte e Sanxenxo. As verdadeiras f\u00e9rias em acomoda\u00e7\u00f5es de qualidade.\" \/>\n<meta property=\"og:url\" content=\"https:\/\/vidahoteles.com\/estancias-combinadas-en-galicia\/\" \/>\n<meta property=\"og:site_name\" content=\"Vida Hoteles &amp; Apartamentos\" \/>\n<meta property=\"article:modified_time\" content=\"2021-05-31T16:54:02+00:00\" \/>\n<meta property=\"og:image\" content=\"https:\/\/vidahoteles.com\/wp-content\/uploads\/2021\/03\/Estancias-Combinadas-01-PT.jpg\" \/>\n\t<meta property=\"og:image:width\" content=\"1152\" \/>\n\t<meta property=\"og:image:height\" content=\"648\" \/>\n\t<meta property=\"og:image:type\" content=\"image\/jpeg\" \/>\n<meta name=\"twitter:label1\" content=\"Tempo estimado de leitura\" \/>\n\t<meta name=\"twitter:data1\" content=\"2 minutos\" \/>\n<script type=\"application\/ld+json\" class=\"yoast-schema-graph\">{\"@context\":\"https:\/\/schema.org\",\"@graph\":[{\"@type\":\"WebPage\",\"@id\":\"https:\/\/vidahoteles.com\/estancias-combinadas-en-galicia\/\",\"url\":\"https:\/\/vidahoteles.com\/estancias-combinadas-en-galicia\/\",\"name\":\"Estadias combinadas na Galiza - Vida Hoteles &amp; Apartamentos\",\"isPartOf\":{\"@id\":\"https:\/\/vidahoteles.com\/#website\"},\"primaryImageOfPage\":{\"@id\":\"https:\/\/vidahoteles.com\/estancias-combinadas-en-galicia\/#primaryimage\"},\"image\":{\"@id\":\"https:\/\/vidahoteles.com\/estancias-combinadas-en-galicia\/#primaryimage\"},\"thumbnailUrl\":\"https:\/\/vidahoteles.com\/wp-content\/uploads\/2021\/03\/Estancias-Combinadas-01-PT.jpg\",\"datePublished\":\"2021-03-12T18:27:09+00:00\",\"dateModified\":\"2021-05-31T16:54:02+00:00\",\"description\":\"Combine a sua estadia na Galiza com os hot\u00e9is e apartamentos VIDA na Costa da Morte e Sanxenxo. As verdadeiras f\u00e9rias em acomoda\u00e7\u00f5es de qualidade.\",\"breadcrumb\":{\"@id\":\"https:\/\/vidahoteles.com\/estancias-combinadas-en-galicia\/#breadcrumb\"},\"inLanguage\":\"pt-PT\",\"potentialAction\":[{\"@type\":\"ReadAction\",\"target\":[\"https:\/\/vidahoteles.com\/estancias-combinadas-en-galicia\/\"]}]},{\"@type\":\"ImageObject\",\"inLanguage\":\"pt-PT\",\"@id\":\"https:\/\/vidahoteles.com\/estancias-combinadas-en-galicia\/#primaryimage\",\"url\":\"https:\/\/vidahoteles.com\/wp-content\/uploads\/2021\/03\/Estancias-Combinadas-01-PT.jpg\",\"contentUrl\":\"https:\/\/vidahoteles.com\/wp-content\/uploads\/2021\/03\/Estancias-Combinadas-01-PT.jpg\",\"width\":1152,\"height\":648},{\"@type\":\"BreadcrumbList\",\"@id\":\"https:\/\/vidahoteles.com\/estancias-combinadas-en-galicia\/#breadcrumb\",\"itemListElement\":[{\"@type\":\"ListItem\",\"position\":1,\"name\":\"Portada\",\"item\":\"https:\/\/vidahoteles.com\/pt-pt\/\"},{\"@type\":\"ListItem\",\"position\":2,\"name\":\"Estadias combinadas na Galiza\"}]},{\"@type\":\"WebSite\",\"@id\":\"https:\/\/vidahoteles.com\/#website\",\"url\":\"https:\/\/vidahoteles.com\/\",\"name\":\"Vida Hoteles &amp; Apartamentos\",\"description\":\"La cadena hotelera de A Costa da Morte (Galicia)\",\"potentialAction\":[{\"@type\":\"SearchAction\",\"target\":{\"@type\":\"EntryPoint\",\"urlTemplate\":\"https:\/\/vidahoteles.com\/?s={search_term_string}\"},\"query-input\":{\"@type\":\"PropertyValueSpecification\",\"valueRequired\":true,\"valueName\":\"search_term_string\"}}],\"inLanguage\":\"pt-PT\"}]}<\/script>\n<!-- \/ Yoast SEO plugin. -->","yoast_head_json":{"title":"Estadias combinadas na Galiza - Vida Hoteles &amp; Apartamentos","description":"Combine a sua estadia na Galiza com os hot\u00e9is e apartamentos VIDA na Costa da Morte e Sanxenxo. As verdadeiras f\u00e9rias em acomoda\u00e7\u00f5es de qualidade.","robots":{"index":"index","follow":"follow","max-snippet":"max-snippet:-1","max-image-preview":"max-image-preview:large","max-video-preview":"max-video-preview:-1"},"canonical":"https:\/\/vidahoteles.com\/estancias-combinadas-en-galicia\/","og_locale":"pt_PT","og_type":"article","og_title":"Estadias combinadas na Galiza - Vida Hoteles &amp; Apartamentos","og_description":"Combine a sua estadia na Galiza com os hot\u00e9is e apartamentos VIDA na Costa da Morte e Sanxenxo. As verdadeiras f\u00e9rias em acomoda\u00e7\u00f5es de qualidade.","og_url":"https:\/\/vidahoteles.com\/estancias-combinadas-en-galicia\/","og_site_name":"Vida Hoteles &amp; Apartamentos","article_modified_time":"2021-05-31T16:54:02+00:00","og_image":[{"width":1152,"height":648,"url":"https:\/\/vidahoteles.com\/wp-content\/uploads\/2021\/03\/Estancias-Combinadas-01-PT.jpg","type":"image\/jpeg"}],"twitter_misc":{"Tempo estimado de leitura":"2 minutos"},"schema":{"@context":"https:\/\/schema.org","@graph":[{"@type":"WebPage","@id":"https:\/\/vidahoteles.com\/estancias-combinadas-en-galicia\/","url":"https:\/\/vidahoteles.com\/estancias-combinadas-en-galicia\/","name":"Estadias combinadas na Galiza - Vida Hoteles &amp; Apartamentos","isPartOf":{"@id":"https:\/\/vidahoteles.com\/#website"},"primaryImageOfPage":{"@id":"https:\/\/vidahoteles.com\/estancias-combinadas-en-galicia\/#primaryimage"},"image":{"@id":"https:\/\/vidahoteles.com\/estancias-combinadas-en-galicia\/#primaryimage"},"thumbnailUrl":"https:\/\/vidahoteles.com\/wp-content\/uploads\/2021\/03\/Estancias-Combinadas-01-PT.jpg","datePublished":"2021-03-12T18:27:09+00:00","dateModified":"2021-05-31T16:54:02+00:00","description":"Combine a sua estadia na Galiza com os hot\u00e9is e apartamentos VIDA na Costa da Morte e Sanxenxo. As verdadeiras f\u00e9rias em acomoda\u00e7\u00f5es de qualidade.","breadcrumb":{"@id":"https:\/\/vidahoteles.com\/estancias-combinadas-en-galicia\/#breadcrumb"},"inLanguage":"pt-PT","potentialAction":[{"@type":"ReadAction","target":["https:\/\/vidahoteles.com\/estancias-combinadas-en-galicia\/"]}]},{"@type":"ImageObject","inLanguage":"pt-PT","@id":"https:\/\/vidahoteles.com\/estancias-combinadas-en-galicia\/#primaryimage","url":"https:\/\/vidahoteles.com\/wp-content\/uploads\/2021\/03\/Estancias-Combinadas-01-PT.jpg","contentUrl":"https:\/\/vidahoteles.com\/wp-content\/uploads\/2021\/03\/Estancias-Combinadas-01-PT.jpg","width":1152,"height":648},{"@type":"BreadcrumbList","@id":"https:\/\/vidahoteles.com\/estancias-combinadas-en-galicia\/#breadcrumb","itemListElement":[{"@type":"ListItem","position":1,"name":"Portada","item":"https:\/\/vidahoteles.com\/pt-pt\/"},{"@type":"ListItem","position":2,"name":"Estadias combinadas na Galiza"}]},{"@type":"WebSite","@id":"https:\/\/vidahoteles.com\/#website","url":"https:\/\/vidahoteles.com\/","name":"Vida Hoteles &amp; Apartamentos","description":"La cadena hotelera de A Costa da Morte (Galicia)","potentialAction":[{"@type":"SearchAction","target":{"@type":"EntryPoint","urlTemplate":"https:\/\/vidahoteles.com\/?s={search_term_string}"},"query-input":{"@type":"PropertyValueSpecification","valueRequired":true,"valueName":"search_term_string"}}],"inLanguage":"pt-PT"}]}},"_links":{"self":[{"href":"https:\/\/vidahoteles.com\/pt-pt\/wp-json\/wp\/v2\/pages\/6860","targetHints":{"allow":["GET"]}}],"collection":[{"href":"https:\/\/vidahoteles.com\/pt-pt\/wp-json\/wp\/v2\/pages"}],"about":[{"href":"https:\/\/vidahoteles.com\/pt-pt\/wp-json\/wp\/v2\/types\/page"}],"author":[{"embeddable":true,"href":"https:\/\/vidahoteles.com\/pt-pt\/wp-json\/wp\/v2\/users\/2"}],"replies":[{"embeddable":true,"href":"https:\/\/vidahoteles.com\/pt-pt\/wp-json\/wp\/v2\/comments?post=6860"}],"version-history":[{"count":6,"href":"https:\/\/vidahoteles.com\/pt-pt\/wp-json\/wp\/v2\/pages\/6860\/revisions"}],"predecessor-version":[{"id":8128,"href":"https:\/\/vidahoteles.com\/pt-pt\/wp-json\/wp\/v2\/pages\/6860\/revisions\/8128"}],"wp:featuredmedia":[{"embeddable":true,"href":"https:\/\/vidahoteles.com\/pt-pt\/wp-json\/wp\/v2\/media\/6882"}],"wp:attachment":[{"href":"https:\/\/vidahoteles.com\/pt-pt\/wp-json\/wp\/v2\/media?parent=6860"}],"curies":[{"name":"wp","href":"https:\/\/api.w.org\/{rel}","templated":true}]}}