{"id":7070,"date":"2015-10-24T02:00:00","date_gmt":"2015-10-24T02:00:00","guid":{"rendered":"https:\/\/vidahoteles.com\/?page_id=7070"},"modified":"2025-04-11T13:18:39","modified_gmt":"2025-04-11T13:18:39","slug":"hotel-vida-ostra-marina","status":"publish","type":"page","link":"https:\/\/vidahoteles.com\/pt-pt\/hotel-vida-ostra-marina\/","title":{"rendered":"Hotel VIDA Ostra Marina **"},"content":{"rendered":"<p><script type=\"text\/javascript\">\n\t$(document).ready(function(){ \n\t\t$.datepicker.regional[\"pt\"] = {\n\t\t\tcloseText: \"Fechar\",\n\t\t\tprevText: \"&#x3C;Ant\",\n\t\t\tnextText: \"Prox&#x3E;\",\n\t\t\tcurrentText: \"Hoje\",\n\t\t\tmonthNames: [ \"Janeiro\",\"Fevereiro\",\"Marzo\",\"Abril\",\"Maio\",\"Junho\",\"Julho\",\"Agosto\",\"Setembro\",\"Outubro\",\"Novembro\",\"Dezembro\" ],\n\t\t\tmonthNamesShort: [ \"jan\",\"fev\",\"mar\",\"abr\",\"mai\",\"jun\",\"jul\",\"ago\",\"set\",\"out\",\"nov\",\"dez\" ],\n\t\t\tdayNames: [ \"domingo\",\"segunda\",\"ter\u00e7a\",\"quarta\",\"quinta\",\"sexta\",\"s&aacute;bado\" ],\n\t\t\tdayNamesShort: [ \"dom\",\"seg\",\"ter\",\"qua\",\"qui\",\"sex\",\"sab\" ],\n\t\t\tdayNamesMin: [ \"D\",\"2\u00aa\",\"3\u00aa\",\"4\u00aa\",\"5\u00aa\",\"6\u00aa\",\"S\" ],\n\t\t\tweekHeader: \"Sm\",\n\t\t\tdateFormat: \"dd\/mm\/yy\",\n\t\t\tfirstDay: 1,\n\t\t\tisRTL: false,\n\t\t\tshowMonthAfterYear: false,\n\t\t\tyearSuffix: \"\" \n\t\t};\n$.datepicker.setDefaults( $.datepicker.regional[ \"pt\" ] );\n\t});\n<\/script><\/p>\n<div style=\"background-color: #dddddd; padding: 2px; text-align: center;\">\n<form id=\"bookform\" action=\"https:\/\/www.vidahoteles.com\/pt-pt\/reservas\/\" method=\"get\"><input name=\"fullintegration\" type=\"hidden\" value=\"1\"><input name=\"fitparent\" type=\"hidden\" value=\"1\"><input name=\"vscroll\" type=\"hidden\" value=\"1\"><input id=\"skin\" name=\"skin\" type=\"hidden\" value=\"vidahotpax\"><input name=\"idiomaid\" type=\"hidden\" value=\"es\"><input id=\"channelkey\" name=\"channelkey\" type=\"hidden\" value=\"A068B582-A0ED-1E1A-E053-0100007F8AD4\"><span style=\"font-size: 20px;\"><strong>RESERVAS ONLINE (MELHOR PRE\u00c7O GARANTIDO)<\/strong><\/span><br \/>\n<span style=\"font-size: 17px;\"><strong>Entrada: <\/strong><\/span><input id=\"desde\" style=\"background-color: #fff; color: #000;\" name=\"desde\" size=\"8\" type=\"text\" readonly=\"true\"><span style=\"font-size: 17px;\">&nbsp;&nbsp;&nbsp;<strong>Saida:<\/strong><\/span><input id=\"hasta\" style=\"background-color: #fff; color: #000;\" name=\"hasta\" size=\"8\" type=\"text\" readonly=\"true\"><span style=\"font-size: 17px;\"><strong>  N\u00ba Quartos: <\/strong><\/span><select id=\"numhab\" style=\"font-size: 15px;\" name=\"numhab\"><option selected=\"selected\" value=\"1\">1<\/option><option value=\"2\">2<\/option><option value=\"3\">3<\/option><\/select><input name=\"adultos\" type=\"hidden\"><input name=\"nenes\" type=\"hidden\"><input name=\"edadnenes\" type=\"hidden\"><\/p>\n<div id=\"habs\" style=\"display: table;\">\n<div id=\"hab1_hab\" style=\"display: table-row;\">\n<\/div>\n<div id=\"hab1_labels\" style=\"display: table-row;\">\n<div style=\"display: table-cell; font-size: 15px;\"><\/div>\n<div style=\"display: table-cell; font-size: 14px;\">Adultos<\/div>\n<div style=\"display: table-cell; font-size: 14px;\">Crian\u00e7as<\/div>\n<div id=\"edadnenes1_hab1_label\" style=\"display: table-cell; visibility: hidden; font-size: 14px;\">Cria1<\/div>\n<div id=\"edadnenes2_hab1_label\" style=\"display: table-cell; visibility: hidden; font-size: 14px;\">Cria2<\/div>\n<\/div>\n<div id=\"hab1_frm\" style=\"display: table-row;\">\n<div style=\"display: table-cell; font-size: 15px;\"><strong>Quarto 1:<\/strong><\/div>\n<div style=\"display: table-cell;\"><input id=\"adultos1\" style=\"background-color: #fff; color: #000; font-family:monospace; width:4em;\" max=\"3\" min=\"1\" size=\"2\" type=\"number\"><\/div>\n<div style=\"display: table-cell; padding: 2px;\"><input id=\"nenes1\" style=\"background-color: #fff; color: #000; font-family:monospace; width:4em;\" max=\"1\" min=\"0\" size=\"2\" type=\"number\"><\/div>\n<div id=\"edadnenes1_hab1_div\" style=\"display: table-cell; visibility: hidden; padding: 2px;\"><input id=\"edadnenes1_hab1\" style=\"background-color: #fff; color: #000; font-family:monospace; width:4em;\" max=\"8\" min=\"0\" size=\"2\" type=\"number\"><\/div>\n<div id=\"edadnenes2_hab1_div\" style=\"display: table-cell; visibility: hidden; padding: 2px;\"><input id=\"edadnenes2_hab1\" style=\"background-color: #fff; color: #000; font-family:monospace; width:4em;\" max=\"8\" min=\"0\" size=\"2\" type=\"number\"><\/div>\n<\/div>\n<div id=\"hab2_hab\" style=\"display: none;\">\n<\/div>\n<div id=\"hab2_labels\" style=\"display: none;\">\n<div style=\"display: table-cell; font-size: 15px;\"><\/div>\n<div style=\"display: table-cell; font-size: 14px;\">Adultos<\/div>\n<div style=\"display: table-cell; font-size: 14px;\">Crian\u00e7as<\/div>\n<div id=\"edadnenes1_hab2_label\" style=\"display: table-cell; visibility: hidden; font-size: 14px;\">Cria1<\/div>\n<div id=\"edadnenes2_hab2_label\" style=\"display: table-cell; visibility: hidden; font-size: 14px;\">Cria2<\/div>\n<\/div>\n<div id=\"hab2_frm\" style=\"display: none;\">\n<div style=\"display: table-cell; font-size: 15px;\"><strong>Quarto 2:<\/strong><\/div>\n<div style=\"display: table-cell;\"><input id=\"adultos2\" style=\"background-color: #fff; color: #000; font-family:monospace; width:4em;\" max=\"3\" min=\"1\" size=\"2\" type=\"number\"><\/div>\n<div style=\"display: table-cell; padding: 2px;\"><input id=\"nenes2\" style=\"background-color: #fff; color: #000; font-family:monospace; width:4em;\" max=\"1\" min=\"0\" size=\"2\" type=\"number\"><\/div>\n<div id=\"edadnenes1_hab2_div\" style=\"display: table-cell; visibility: hidden; padding: 2px;\"><input id=\"edadnenes1_hab2\" style=\"background-color: #fff; color: #000; font-family:monospace; width:4em;\" max=\"8\" min=\"0\" size=\"2\" type=\"number\"><\/div>\n<div id=\"edadnenes2_hab2_div\" style=\"display: table-cell; visibility: hidden; padding: 2px;\"><input id=\"edadnenes2_hab2\" style=\"background-color: #fff; color: #000; font-family:monospace; width:4em;\" max=\"8\" min=\"0\" size=\"2\" type=\"number\"><\/div>\n<\/div>\n<div id=\"hab3_hab\" style=\"display: none;\">\n<\/div>\n<div id=\"hab3_labels\" style=\"display: none;\">\n<div style=\"display: table-cell; font-size: 15px;\"><\/div>\n<div style=\"display: table-cell; font-size: 14px;\">Adultos<\/div>\n<div style=\"display: table-cell; font-size: 14px;\">Crian\u00e7as<\/div>\n<div id=\"edadnenes1_hab3_label\" style=\"display: table-cell; visibility: hidden; font-size: 14px;\">Cria1<\/div>\n<div id=\"edadnenes2_hab3_label\" style=\"display: table-cell; visibility: hidden; font-size: 14px;\">Cria2<\/div>\n<\/div>\n<div id=\"hab3_frm\" style=\"display: none;\">\n<div style=\"display: table-cell; font-size: 15px;\"><strong>Quarto 3:<\/strong><\/div>\n<div style=\"display: table-cell;\"><input id=\"adultos3\" style=\"background-color: #fff; color: #000; font-family:monospace; width:4em;\" max=\"3\" min=\"1\" size=\"2\" type=\"number\"><\/div>\n<div style=\"display: table-cell; padding: 2px;\"><input id=\"nenes3\" style=\"background-color: #fff; color: #000; font-family:monospace; width:4em;\" max=\"1\" min=\"0\" size=\"2\" type=\"number\"><\/div>\n<div id=\"edadnenes1_hab3_div\" style=\"display: table-cell; visibility: hidden; padding: 2px;\"><input id=\"edadnenes1_hab3\" style=\"background-color: #fff; color: #000; font-family:monospace; width:4em;\" max=\"8\" min=\"0\" size=\"2\" type=\"number\"><\/div>\n<div id=\"edadnenes2_hab3_div\" style=\"display: table-cell; visibility: hidden; padding: 2px;\"><input id=\"edadnenes2_hab3\" style=\"background-color: #fff; color: #000; font-family:monospace; width:4em;\" max=\"8\" min=\"0\" size=\"2\" type=\"number\"><\/div>\n<\/div>\n<\/div>\n<p><input style=\"margin-top: 10px; font-size: 24px;\" type=\"submit\" value=\"BUSCAR\"><br \/>\n<\/form>\n<\/div>\n\n\n\n<hr class=\"wp-block-separator has-css-opacity\"\/>\n\n\n\n<p>O Hotel VIDA Ostra Marina est\u00e1 localizado a 250 metros da famosa Praia da Lanzada, uma das maiores praias da costa galega, ideal para adultos e crian\u00e7as.<\/p>\n\n\n\n<p>O centro de Sanxenxo fica a 7 minutos de carro, com O Grove tamb\u00e9m a 8 minutos e Cambados a 20 minutos.<\/p>\n\n\n\n<p>A famosa Praia da Lanzada fica a 2 minutos a p\u00e9, com outras praias a uma curta dist\u00e2ncia mais tarde.<\/p>\n\n\n\n<h4 class=\"wp-block-heading\">DESCRI\u00c7\u00c3O HOTEL VIDA OSTRA MARINA<\/h4>\n\n\nngg_shortcode_0_placeholder\n\n\n\n<p><strong>Quartos Basic<\/strong> (todos com cama de casal e capacidade m\u00e1xima para 2 pessoas) com casa de banho completa, TV LCD, Wi-Fi gratuito e aquecimento. Estes tipos de quartos s\u00e3o os menores do hotel.<\/p>\n\n\n\n<p><strong>Quartos Standard<\/strong> (todos com cama de casal e capacidade m\u00e1xima para 2 pessoas) com casa de banho completa, TV LCD, Wi-Fi gratuito e aquecimento.<\/p>\n\n\n\n<p><strong>Quartos Triplos Standard<\/strong> (todos com 3 camas de solteiro e capacidade m\u00e1xima para 3 pessoas), com casa de banho completa, TV LCD, Wi-Fi gratuito e aquecimento.<\/p>\n\n\n\n<h4 class=\"wp-block-heading\">INSTALA\u00c7\u00d5ES HOTEL VIDA OSTRA MARINA<\/h4>\n\n\n\n<p>Completa as suas instala\u00e7\u00f5es com sala de pequeno-almo\u00e7o, cafeteria, recep\u00e7\u00e3o e Wi-Fi gratuito em todo o hotel.<\/p>\n\n\nngg_shortcode_1_placeholder\n\n\nngg_shortcode_2_placeholder\n\n\n\n<p>Ber\u00e7os gr\u00e1tis mediante solicita\u00e7\u00e3o (\u00e9 essencial avisar com anteced\u00eancia). N\u00e3o \u00e9 poss\u00edvel colocar ber\u00e7os no quarto BASIC nem, nos quartos Triplo Standard.<\/p>\n\n\nngg_shortcode_3_placeholder\n\n\n\n<p>Hor\u00e1rio do check-in: das 14:00 \u00e0s 22:00 (depois das 22:00, \u00e9 essencial notificar antecipadamente o dia da chegada).<\/p>\n\n\n\n<h4 class=\"wp-block-heading\">SITUACI\u00d3N HOTEL VIDA OSTRA MARINA SANXENXO<\/h4>\n\n\n\n<center><iframe style=\"border: 0;\" src=\"https:\/\/www.google.com\/maps\/embed?pb=!1m14!1m8!1m3!1d10336.43802379801!2d-8.87872195140381!3d42.43827867771543!3m2!1i1024!2i768!4f13.1!3m3!1m2!1s0x0%3A0x77a62c77b4cf4a2a!2sHotel%20Ostra%20Marina!5e1!3m2!1ses!2ses!4v1583841554821!5m2!1ses!2ses\" allowfullscreen=\"allowfullscreen\" width=\"800\" height=\"600\" frameborder=\"0\"><\/iframe><\/center>\n\n\n\n<p class=\"has-text-align-center has-background\" style=\"background-color:#dddddd\"><strong>HOTEL VIDA OSTRA MARINA **<br><\/strong>Lugar O Telleiro, 157 \u2013 A Lanzada<br>Sanxenxo (Pontevedra)<br>T: +34 881098207 (Reservas)<br>@: <a href=\"mailto:reservas@vidahoteles.com\">reservas@vidahoteles.com<\/a><br>Coordenadas GPS: 42.436348 \/ -8.868301<\/p>\n\n\n\n<h4 class=\"wp-block-heading rich-text block-editor-rich-text__editable\"><strong><strong>OPINI\u00d5ES<\/strong> HOTEL VIDA OSTRA MARINA<\/strong><\/h4>\n\n\n\n<div class=\"wp-block-columns is-layout-flex wp-container-core-columns-is-layout-1 wp-block-columns-is-layout-flex\">\n<div class=\"wp-block-column is-layout-flow wp-block-column-is-layout-flow\">\n<div class=\"wp-block-image\"><figure class=\"aligncenter size-medium\"><a href=\"https:\/\/vidahoteles.com\/wp-content\/uploads\/2020\/05\/booking-1.jpg\"><img decoding=\"async\" width=\"300\" height=\"55\" src=\"https:\/\/vidahoteles.com\/wp-content\/uploads\/2020\/05\/booking-1-300x55.jpg\" alt=\"\" class=\"wp-image-5055\" srcset=\"https:\/\/vidahoteles.com\/wp-content\/uploads\/2020\/05\/booking-1-300x55.jpg 300w, https:\/\/vidahoteles.com\/wp-content\/uploads\/2020\/05\/booking-1.jpg 731w\" sizes=\"(max-width: 300px) 100vw, 300px\" \/><\/a><\/figure><\/div>\n\n\n\n<p class=\"has-text-align-center has-text-color\" style=\"color:#1e427e;font-size:92px\">8.4<\/p>\n<\/div>\n\n\n\n<div class=\"wp-block-column is-layout-flow wp-block-column-is-layout-flow\">\n<div id=\"TA_selfserveprop890\" class=\"TA_selfserveprop\"><ul id=\"pW84Kdc6uY\" class=\"TA_links jiNELYfI7\"><li id=\"qvvKl9\" class=\"wzOc8xKfxx9O\"><a target=\"_blank\" href=\"https:\/\/www.tripadvisor.es\/Hotel_Review-g652143-d948260-Reviews-Hotel_VIDA_Ostra_Marina-Sanxenxo_Province_of_Pontevedra_Galicia.html\" rel=\"noopener noreferrer\"><img decoding=\"async\" src=\"https:\/\/www.tripadvisor.es\/img\/cdsi\/img2\/branding\/v2\/Tripadvisor_lockup_horizontal_secondary_registered-11900-2.svg\" alt=\"TripAdvisor\"><\/a><\/li><\/ul><\/div><script async=\"\" src=\"https:\/\/www.jscache.com\/wejs?wtype=selfserveprop&amp;uniq=890&amp;locationId=948260&amp;lang=es&amp;rating=true&amp;nreviews=5&amp;writereviewlink=true&amp;popIdx=true&amp;iswide=false&amp;border=true&amp;display_version=2\" data-loadtrk=\"\" onload=\"this.loadtrk=true\"><\/script>\n\n\n<\/div>\n<\/div>\n\n\n\n<h4 class=\"wp-block-heading rich-text block-editor-rich-text__editable\"><strong><strong>IMAGENS<\/strong><\/strong> <strong>HOTEL VIDA OSTRA MARINA<\/strong> SANXENXO<\/h4>\n\n\n\nngg_shortcode_4_placeholder\n\n\n\n<h4 class=\"wp-block-heading\">O QUE FAZER EM SANXENXO<\/h4>\n\n\n<p><center><div class=\"pt-cv-wrapper\"><div class=\"pt-cv-view pt-cv-grid pt-cv-colsys\" id=\"pt-cv-view-db46c461ik\"><div data-id=\"pt-cv-page-1\" class=\"pt-cv-page\" data-cvc=\"1\"><div class=\"col-md-12 col-sm-12 col-xs-12 pt-cv-content-item pt-cv-1-col\" ><div class='pt-cv-ifield'><a href=\"https:\/\/vidahoteles.com\/pt-pt\/sanxenxo\/\" class=\"_self pt-cv-href-thumbnail pt-cv-thumb-default\" target=\"_self\" ><img fetchpriority=\"high\" decoding=\"async\" width=\"672\" height=\"372\" src=\"https:\/\/vidahoteles.com\/wp-content\/uploads\/ngg_featured\/Sanxenxo-001-672x372.jpg\" class=\"pt-cv-thumbnail\" alt=\"\" srcset=\"https:\/\/vidahoteles.com\/wp-content\/uploads\/ngg_featured\/Sanxenxo-001-672x372.jpg 672w, https:\/\/vidahoteles.com\/wp-content\/uploads\/ngg_featured\/Sanxenxo-001-1038x576.jpg 1038w\" sizes=\"(max-width: 672px) 100vw, 672px\" \/><\/a>\n<div class=\"pt-cv-content\">Bem-vindos \u00e0 Sanxenxo, cora\u00e7\u00e3o tur\u00edstico da regi\u00e3o de Saln\u00e9s, onde tudo \u00e9 concebido para o lazer e entretenimento dos turistas que nos visitam. Todas as indica\u00e7\u00f5es que faremos neste artigo s\u00e3o baseadas em experi\u00eancias pessoais, que sempre oferecemos aos nossos clientes no momento da chegada, e pelos seus coment\u00e1rios, parece que s\u00e3o bastante corretas. Nas Rias Baixas e sob a influ\u00eancia de um microclima que a torna especial, Sanxenxo tornou-se com o passar do tempo a capital tur\u00edstica da Galiza (sempre depois, logicamente, de Santiago de Compostela). Pela sua localiza\u00e7\u00e3o no cora\u00e7\u00e3o de Rias Baixas, Sanxenxo \u00e9 um destino perfeito ...<br \/><div class=\"pt-cv-rmwrap\"><a href=\"https:\/\/vidahoteles.com\/pt-pt\/sanxenxo\/\" class=\"_self pt-cv-readmore btn btn-success\" target=\"_self\">Leer M\u00e1s<\/a><\/div><\/div><\/div><\/div><\/div><\/div><\/div><\/center><\/p>\n<div class=\"gsp_post_data\" \r\n\t            data-post_type=\"page\" \r\n\t            data-cat=\"\" \r\n\t            data-modified=\"120\"\r\n\t            data-created=\"1445652000\"\r\n\t            data-title=\"Hotel VIDA Ostra Marina **\" \r\n\t            data-home=\"https:\/\/vidahoteles.com\/pt-pt\/\"><\/div>","protected":false},"excerpt":{"rendered":"<p>O Hotel VIDA Ostra Marina est\u00e1 localizado a 250 metros da famosa Praia da Lanzada, uma das maiores praias da [&hellip;]<\/p>\n","protected":false},"author":2,"featured_media":7087,"parent":0,"menu_order":220,"comment_status":"closed","ping_status":"closed","template":"","meta":{"site-sidebar-layout":"default","site-content-layout":"","ast-site-content-layout":"default","site-content-style":"default","site-sidebar-style":"default","ast-global-header-display":"","ast-banner-title-visibility":"","ast-main-header-display":"","ast-hfb-above-header-display":"","ast-hfb-below-header-display":"","ast-hfb-mobile-header-display":"","site-post-title":"","ast-breadcrumbs-content":"","ast-featured-img":"","footer-sml-layout":"","ast-disable-related-posts":"","theme-transparent-header-meta":"","adv-header-id-meta":"","stick-header-meta":"","header-above-stick-meta":"","header-main-stick-meta":"","header-below-stick-meta":"","astra-migrate-meta-layouts":"default","ast-page-background-enabled":"default","ast-page-background-meta":{"desktop":{"background-color":"var(--ast-global-color-4)","background-image":"","background-repeat":"repeat","background-position":"center center","background-size":"auto","background-attachment":"scroll","background-type":"","background-media":"","overlay-type":"","overlay-color":"","overlay-opacity":"","overlay-gradient":""},"tablet":{"background-color":"","background-image":"","background-repeat":"repeat","background-position":"center center","background-size":"auto","background-attachment":"scroll","background-type":"","background-media":"","overlay-type":"","overlay-color":"","overlay-opacity":"","overlay-gradient":""},"mobile":{"background-color":"","background-image":"","background-repeat":"repeat","background-position":"center center","background-size":"auto","background-attachment":"scroll","background-type":"","background-media":"","overlay-type":"","overlay-color":"","overlay-opacity":"","overlay-gradient":""}},"ast-content-background-meta":{"desktop":{"background-color":"var(--ast-global-color-5)","background-image":"","background-repeat":"repeat","background-position":"center center","background-size":"auto","background-attachment":"scroll","background-type":"","background-media":"","overlay-type":"","overlay-color":"","overlay-opacity":"","overlay-gradient":""},"tablet":{"background-color":"var(--ast-global-color-5)","background-image":"","background-repeat":"repeat","background-position":"center center","background-size":"auto","background-attachment":"scroll","background-type":"","background-media":"","overlay-type":"","overlay-color":"","overlay-opacity":"","overlay-gradient":""},"mobile":{"background-color":"var(--ast-global-color-5)","background-image":"","background-repeat":"repeat","background-position":"center center","background-size":"auto","background-attachment":"scroll","background-type":"","background-media":"","overlay-type":"","overlay-color":"","overlay-opacity":"","overlay-gradient":""}},"ngg_post_thumbnail":0,"_jet_sm_ready_style":"","_jet_sm_style":"","_jet_sm_controls_values":"","_jet_sm_fonts_collection":"","_jet_sm_fonts_links":"","footnotes":""},"class_list":["post-7070","page","type-page","status-publish","has-post-thumbnail","hentry"],"yoast_head":"<!-- This site is optimized with the Yoast SEO plugin v24.8.1 - https:\/\/yoast.com\/wordpress\/plugins\/seo\/ -->\n<title>Hotel VIDA Ostra Marina ** - Vida Hoteles &amp; Apartamentos<\/title>\n<meta name=\"robots\" content=\"index, follow, max-snippet:-1, max-image-preview:large, max-video-preview:-1\" \/>\n<link rel=\"canonical\" href=\"https:\/\/vidahoteles.com\/pt-pt\/hotel-vida-ostra-marina\/\" \/>\n<meta property=\"og:locale\" content=\"pt_PT\" \/>\n<meta property=\"og:type\" content=\"article\" \/>\n<meta property=\"og:title\" content=\"Hotel VIDA Ostra Marina ** - Vida Hoteles &amp; Apartamentos\" \/>\n<meta property=\"og:description\" content=\"O Hotel VIDA Ostra Marina est\u00e1 localizado a 250 metros da famosa Praia da Lanzada, uma das maiores praias da [&hellip;]\" \/>\n<meta property=\"og:url\" content=\"https:\/\/vidahoteles.com\/pt-pt\/hotel-vida-ostra-marina\/\" \/>\n<meta property=\"og:site_name\" content=\"Vida Hoteles &amp; Apartamentos\" \/>\n<meta property=\"article:modified_time\" content=\"2025-04-11T13:18:39+00:00\" \/>\n<meta property=\"og:image\" content=\"https:\/\/vidahoteles.com\/wp-content\/uploads\/2020\/06\/Hotel-VIDA-Ostra-Marina-110.jpg\" \/>\n\t<meta property=\"og:image:width\" content=\"1600\" \/>\n\t<meta property=\"og:image:height\" content=\"1066\" \/>\n\t<meta property=\"og:image:type\" content=\"image\/jpeg\" \/>\n<meta name=\"twitter:label1\" content=\"Tempo estimado de leitura\" \/>\n\t<meta name=\"twitter:data1\" content=\"4 minutos\" \/>\n<script type=\"application\/ld+json\" class=\"yoast-schema-graph\">{\"@context\":\"https:\/\/schema.org\",\"@graph\":[{\"@type\":\"WebPage\",\"@id\":\"https:\/\/vidahoteles.com\/pt-pt\/hotel-vida-ostra-marina\/\",\"url\":\"https:\/\/vidahoteles.com\/pt-pt\/hotel-vida-ostra-marina\/\",\"name\":\"Hotel VIDA Ostra Marina ** - Vida Hoteles &amp; Apartamentos\",\"isPartOf\":{\"@id\":\"https:\/\/vidahoteles.com\/#website\"},\"primaryImageOfPage\":{\"@id\":\"https:\/\/vidahoteles.com\/pt-pt\/hotel-vida-ostra-marina\/#primaryimage\"},\"image\":{\"@id\":\"https:\/\/vidahoteles.com\/pt-pt\/hotel-vida-ostra-marina\/#primaryimage\"},\"thumbnailUrl\":\"https:\/\/vidahoteles.com\/wp-content\/uploads\/2020\/06\/Hotel-VIDA-Ostra-Marina-110.jpg\",\"datePublished\":\"2015-10-24T02:00:00+00:00\",\"dateModified\":\"2025-04-11T13:18:39+00:00\",\"breadcrumb\":{\"@id\":\"https:\/\/vidahoteles.com\/pt-pt\/hotel-vida-ostra-marina\/#breadcrumb\"},\"inLanguage\":\"pt-PT\",\"potentialAction\":[{\"@type\":\"ReadAction\",\"target\":[\"https:\/\/vidahoteles.com\/pt-pt\/hotel-vida-ostra-marina\/\"]}]},{\"@type\":\"ImageObject\",\"inLanguage\":\"pt-PT\",\"@id\":\"https:\/\/vidahoteles.com\/pt-pt\/hotel-vida-ostra-marina\/#primaryimage\",\"url\":\"https:\/\/vidahoteles.com\/wp-content\/uploads\/2020\/06\/Hotel-VIDA-Ostra-Marina-110.jpg\",\"contentUrl\":\"https:\/\/vidahoteles.com\/wp-content\/uploads\/2020\/06\/Hotel-VIDA-Ostra-Marina-110.jpg\",\"width\":1600,\"height\":1066},{\"@type\":\"BreadcrumbList\",\"@id\":\"https:\/\/vidahoteles.com\/pt-pt\/hotel-vida-ostra-marina\/#breadcrumb\",\"itemListElement\":[{\"@type\":\"ListItem\",\"position\":1,\"name\":\"Portada\",\"item\":\"https:\/\/vidahoteles.com\/pt-pt\/\"},{\"@type\":\"ListItem\",\"position\":2,\"name\":\"Hotel VIDA Ostra Marina **\"}]},{\"@type\":\"WebSite\",\"@id\":\"https:\/\/vidahoteles.com\/#website\",\"url\":\"https:\/\/vidahoteles.com\/\",\"name\":\"Vida Hoteles &amp; Apartamentos\",\"description\":\"La cadena hotelera de A Costa da Morte (Galicia)\",\"potentialAction\":[{\"@type\":\"SearchAction\",\"target\":{\"@type\":\"EntryPoint\",\"urlTemplate\":\"https:\/\/vidahoteles.com\/?s={search_term_string}\"},\"query-input\":{\"@type\":\"PropertyValueSpecification\",\"valueRequired\":true,\"valueName\":\"search_term_string\"}}],\"inLanguage\":\"pt-PT\"}]}<\/script>\n<!-- \/ Yoast SEO plugin. -->","yoast_head_json":{"title":"Hotel VIDA Ostra Marina ** - Vida Hoteles &amp; Apartamentos","robots":{"index":"index","follow":"follow","max-snippet":"max-snippet:-1","max-image-preview":"max-image-preview:large","max-video-preview":"max-video-preview:-1"},"canonical":"https:\/\/vidahoteles.com\/pt-pt\/hotel-vida-ostra-marina\/","og_locale":"pt_PT","og_type":"article","og_title":"Hotel VIDA Ostra Marina ** - Vida Hoteles &amp; Apartamentos","og_description":"O Hotel VIDA Ostra Marina est\u00e1 localizado a 250 metros da famosa Praia da Lanzada, uma das maiores praias da [&hellip;]","og_url":"https:\/\/vidahoteles.com\/pt-pt\/hotel-vida-ostra-marina\/","og_site_name":"Vida Hoteles &amp; Apartamentos","article_modified_time":"2025-04-11T13:18:39+00:00","og_image":[{"width":1600,"height":1066,"url":"https:\/\/vidahoteles.com\/wp-content\/uploads\/2020\/06\/Hotel-VIDA-Ostra-Marina-110.jpg","type":"image\/jpeg"}],"twitter_misc":{"Tempo estimado de leitura":"4 minutos"},"schema":{"@context":"https:\/\/schema.org","@graph":[{"@type":"WebPage","@id":"https:\/\/vidahoteles.com\/pt-pt\/hotel-vida-ostra-marina\/","url":"https:\/\/vidahoteles.com\/pt-pt\/hotel-vida-ostra-marina\/","name":"Hotel VIDA Ostra Marina ** - Vida Hoteles &amp; Apartamentos","isPartOf":{"@id":"https:\/\/vidahoteles.com\/#website"},"primaryImageOfPage":{"@id":"https:\/\/vidahoteles.com\/pt-pt\/hotel-vida-ostra-marina\/#primaryimage"},"image":{"@id":"https:\/\/vidahoteles.com\/pt-pt\/hotel-vida-ostra-marina\/#primaryimage"},"thumbnailUrl":"https:\/\/vidahoteles.com\/wp-content\/uploads\/2020\/06\/Hotel-VIDA-Ostra-Marina-110.jpg","datePublished":"2015-10-24T02:00:00+00:00","dateModified":"2025-04-11T13:18:39+00:00","breadcrumb":{"@id":"https:\/\/vidahoteles.com\/pt-pt\/hotel-vida-ostra-marina\/#breadcrumb"},"inLanguage":"pt-PT","potentialAction":[{"@type":"ReadAction","target":["https:\/\/vidahoteles.com\/pt-pt\/hotel-vida-ostra-marina\/"]}]},{"@type":"ImageObject","inLanguage":"pt-PT","@id":"https:\/\/vidahoteles.com\/pt-pt\/hotel-vida-ostra-marina\/#primaryimage","url":"https:\/\/vidahoteles.com\/wp-content\/uploads\/2020\/06\/Hotel-VIDA-Ostra-Marina-110.jpg","contentUrl":"https:\/\/vidahoteles.com\/wp-content\/uploads\/2020\/06\/Hotel-VIDA-Ostra-Marina-110.jpg","width":1600,"height":1066},{"@type":"BreadcrumbList","@id":"https:\/\/vidahoteles.com\/pt-pt\/hotel-vida-ostra-marina\/#breadcrumb","itemListElement":[{"@type":"ListItem","position":1,"name":"Portada","item":"https:\/\/vidahoteles.com\/pt-pt\/"},{"@type":"ListItem","position":2,"name":"Hotel VIDA Ostra Marina **"}]},{"@type":"WebSite","@id":"https:\/\/vidahoteles.com\/#website","url":"https:\/\/vidahoteles.com\/","name":"Vida Hoteles &amp; Apartamentos","description":"La cadena hotelera de A Costa da Morte (Galicia)","potentialAction":[{"@type":"SearchAction","target":{"@type":"EntryPoint","urlTemplate":"https:\/\/vidahoteles.com\/?s={search_term_string}"},"query-input":{"@type":"PropertyValueSpecification","valueRequired":true,"valueName":"search_term_string"}}],"inLanguage":"pt-PT"}]}},"_links":{"self":[{"href":"https:\/\/vidahoteles.com\/pt-pt\/wp-json\/wp\/v2\/pages\/7070","targetHints":{"allow":["GET"]}}],"collection":[{"href":"https:\/\/vidahoteles.com\/pt-pt\/wp-json\/wp\/v2\/pages"}],"about":[{"href":"https:\/\/vidahoteles.com\/pt-pt\/wp-json\/wp\/v2\/types\/page"}],"author":[{"embeddable":true,"href":"https:\/\/vidahoteles.com\/pt-pt\/wp-json\/wp\/v2\/users\/2"}],"replies":[{"embeddable":true,"href":"https:\/\/vidahoteles.com\/pt-pt\/wp-json\/wp\/v2\/comments?post=7070"}],"version-history":[{"count":9,"href":"https:\/\/vidahoteles.com\/pt-pt\/wp-json\/wp\/v2\/pages\/7070\/revisions"}],"predecessor-version":[{"id":12218,"href":"https:\/\/vidahoteles.com\/pt-pt\/wp-json\/wp\/v2\/pages\/7070\/revisions\/12218"}],"wp:featuredmedia":[{"embeddable":true,"href":"https:\/\/vidahoteles.com\/pt-pt\/wp-json\/wp\/v2\/media\/7087"}],"wp:attachment":[{"href":"https:\/\/vidahoteles.com\/pt-pt\/wp-json\/wp\/v2\/media?parent=7070"}],"curies":[{"name":"wp","href":"https:\/\/api.w.org\/{rel}","templated":true}]}}