{"id":9199,"date":"2022-04-18T08:23:55","date_gmt":"2022-04-18T08:23:55","guid":{"rendered":"https:\/\/vidahoteles.com\/?page_id=9199"},"modified":"2025-04-24T10:23:20","modified_gmt":"2025-04-24T10:23:20","slug":"hoteis-para-grupos-em-sanxenxo","status":"publish","type":"page","link":"https:\/\/vidahoteles.com\/pt-pt\/hoteis-para-grupos-em-sanxenxo\/","title":{"rendered":"Hot\u00e9is para Grupos em Sanxenxo"},"content":{"rendered":"\t\t<div data-elementor-type=\"wp-page\" data-elementor-id=\"9199\" class=\"elementor elementor-9199 elementor-9196\" data-elementor-post-type=\"page\">\n\t\t\t\t<div class=\"elementor-element elementor-element-c6253a9 e-flex e-con-boxed e-con e-parent\" data-id=\"c6253a9\" data-element_type=\"container\" data-e-type=\"container\">\n\t\t\t\t\t<div class=\"e-con-inner\">\n\t\t\t\t<div class=\"elementor-element elementor-element-29a591e elementor-widget elementor-widget-text-editor\" data-id=\"29a591e\" data-element_type=\"widget\" data-e-type=\"widget\" data-widget_type=\"text-editor.default\">\n\t\t\t\t<div class=\"elementor-widget-container\">\n\t\t\t\t\t\t\t\t\t<p>A cadeia VIDA Hotels and Apartments conta com o <a href=\"https:\/\/vidahoteles.com\/pt-pt\/hotel-vida-ostra-marina\/\">Hotel VIDA Ostra Marina **<\/a> para receber grupos com as mais altas garantias de qualidade em Sanxenxo.<\/p>\n<p>Grupos esportivos, associa\u00e7\u00f5es de bairro ou aposentados, clubes de caminhada e muitos outros grupos desfrutam cada vez mais de um destino \u00fanico e repleto de tesouros naturais.<\/p>\t\t\t\t\t\t\t\t<\/div>\n\t\t\t\t<\/div>\n\t\t\t\t\t<\/div>\n\t\t\t\t<\/div>\n\t\t<div class=\"elementor-element elementor-element-5b5002d e-flex e-con-boxed e-con e-parent\" data-id=\"5b5002d\" data-element_type=\"container\" data-e-type=\"container\">\n\t\t\t\t\t<div class=\"e-con-inner\">\n\t\t\t\t<div class=\"elementor-element elementor-element-fe4390e elementor-widget elementor-widget-heading\" data-id=\"fe4390e\" data-element_type=\"widget\" data-e-type=\"widget\" data-widget_type=\"heading.default\">\n\t\t\t\t<div class=\"elementor-widget-container\">\n\t\t\t\t\t<h4 class=\"elementor-heading-title elementor-size-default\">SOLICITE UMA COTA\u00c7\u00c3O<\/h4>\t\t\t\t<\/div>\n\t\t\t\t<\/div>\n\t\t\t\t\t<\/div>\n\t\t\t\t<\/div>\n\t\t<div class=\"elementor-element elementor-element-75bb9b6 e-flex e-con-boxed e-con e-parent\" data-id=\"75bb9b6\" data-element_type=\"container\" data-e-type=\"container\">\n\t\t\t\t\t<div class=\"e-con-inner\">\n\t\t\t\t<div class=\"elementor-element elementor-element-ec047f4 elementor-widget elementor-widget-text-editor\" data-id=\"ec047f4\" data-element_type=\"widget\" data-e-type=\"widget\" data-widget_type=\"text-editor.default\">\n\t\t\t\t<div class=\"elementor-widget-container\">\n\t\t\t\t\t\t\t\t\tPe\u00e7a-nos sem compromisso um or\u00e7amento para o seu grupo. Se precisar de grupos de mais ou menos noites, basta contactar-nos e prepararemos um programa de acordo com a dura\u00e7\u00e3o da estadia e o perfil do grupo.\t\t\t\t\t\t\t\t<\/div>\n\t\t\t\t<\/div>\n\t\t\t\t\t<\/div>\n\t\t\t\t<\/div>\n\t\t<div class=\"elementor-element elementor-element-38a9338 e-flex e-con-boxed e-con e-parent\" data-id=\"38a9338\" data-element_type=\"container\" data-e-type=\"container\">\n\t\t\t\t\t<div class=\"e-con-inner\">\n\t\t\t\t<div class=\"elementor-element elementor-element-6a23502 elementor-widget elementor-widget-shortcode\" data-id=\"6a23502\" data-element_type=\"widget\" data-e-type=\"widget\" data-widget_type=\"shortcode.default\">\n\t\t\t\t<div class=\"elementor-widget-container\">\n\t\t\t\t\t\t\t<div class=\"elementor-shortcode\">\n<div class=\"wpcf7 no-js\" id=\"wpcf7-f9295-o1\" lang=\"es-ES\" dir=\"ltr\" data-wpcf7-id=\"9295\">\n<div class=\"screen-reader-response\"><p role=\"status\" aria-live=\"polite\" aria-atomic=\"true\"><\/p> <ul><\/ul><\/div>\n<form action=\"\/pt-pt\/wp-json\/wp\/v2\/pages\/9199#wpcf7-f9295-o1\" method=\"post\" class=\"wpcf7-form init\" aria-label=\"Formulario de contacto\" novalidate=\"novalidate\" data-status=\"init\">\n<div style=\"display: none;\">\n<input type=\"hidden\" name=\"_wpcf7\" value=\"9295\" \/>\n<input type=\"hidden\" name=\"_wpcf7_version\" value=\"6.0.5\" \/>\n<input type=\"hidden\" name=\"_wpcf7_locale\" value=\"es_ES\" \/>\n<input type=\"hidden\" name=\"_wpcf7_unit_tag\" value=\"wpcf7-f9295-o1\" \/>\n<input type=\"hidden\" name=\"_wpcf7_container_post\" value=\"0\" \/>\n<input type=\"hidden\" name=\"_wpcf7_posted_data_hash\" value=\"\" \/>\n<input type=\"hidden\" name=\"_wpcf7_recaptcha_response\" value=\"\" \/>\n<\/div>\n<p><span id=\"wpcf7-69eafb727a7c7-wrapper\" class=\"wpcf7-form-control-wrap email2-wrap\" style=\"display:none !important; visibility:hidden !important;\"><label for=\"wpcf7-69eafb727a7c7-field\" class=\"hp-message\">Por favor, deja este campo vac\u00edo.<\/label><input id=\"wpcf7-69eafb727a7c7-field\"  class=\"wpcf7-form-control wpcf7-text\" type=\"text\" name=\"email2\" value=\"\" size=\"40\" tabindex=\"-1\" autocomplete=\"new-password\" \/><\/span><br \/>\n<label> Nome do grupo <span class=\"wpcf7-form-control-wrap\" data-name=\"nombre-grupo\"><input size=\"40\" maxlength=\"400\" class=\"wpcf7-form-control wpcf7-text wpcf7-validates-as-required\" aria-required=\"true\" aria-invalid=\"false\" value=\"\" type=\"text\" name=\"nombre-grupo\" \/><\/span> <\/label><br \/>\n<label> Gerente de Grupo <span class=\"wpcf7-form-control-wrap\" data-name=\"responsable-grupo\"><input size=\"40\" maxlength=\"400\" class=\"wpcf7-form-control wpcf7-text wpcf7-validates-as-required\" aria-required=\"true\" aria-invalid=\"false\" value=\"\" type=\"text\" name=\"responsable-grupo\" \/><\/span> <\/label><br \/>\n<label> E-mail <span class=\"wpcf7-form-control-wrap\" data-name=\"your-email\"><input size=\"40\" maxlength=\"400\" class=\"wpcf7-form-control wpcf7-email wpcf7-validates-as-required wpcf7-text wpcf7-validates-as-email\" aria-required=\"true\" aria-invalid=\"false\" value=\"\" type=\"email\" name=\"your-email\" \/><\/span> <\/label><br \/>\n<label> Telefone <span class=\"wpcf7-form-control-wrap\" data-name=\"telefono\"><input size=\"40\" maxlength=\"400\" class=\"wpcf7-form-control wpcf7-text wpcf7-validates-as-required\" aria-required=\"true\" aria-invalid=\"false\" value=\"\" type=\"text\" name=\"telefono\" \/><\/span> <\/label><br \/>\n<label> Data de entrada <span class=\"wpcf7-form-control-wrap\" data-name=\"fecha-entrada\"><input class=\"wpcf7-form-control wpcf7-date wpcf7-validates-as-date\" aria-invalid=\"false\" value=\"\" type=\"date\" name=\"fecha-entrada\" \/><\/span> <\/label><br \/>\n<label> Data de partida <span class=\"wpcf7-form-control-wrap\" data-name=\"fecha-salida\"><input class=\"wpcf7-form-control wpcf7-date wpcf7-validates-as-date\" aria-invalid=\"false\" value=\"\" type=\"date\" name=\"fecha-salida\" \/><\/span> <\/label><br \/>\n<label> N\u00famero Pessoas <span class=\"wpcf7-form-control-wrap\" data-name=\"numero-personas\"><input size=\"40\" maxlength=\"400\" class=\"wpcf7-form-control wpcf7-text wpcf7-validates-as-required\" aria-required=\"true\" aria-invalid=\"false\" value=\"\" type=\"text\" name=\"numero-personas\" \/><\/span> <\/label><br \/>\n<label> N\u00famero Quartos Duplos <span class=\"wpcf7-form-control-wrap\" data-name=\"numero-habitaciones-dobles\"><input size=\"40\" maxlength=\"400\" class=\"wpcf7-form-control wpcf7-text\" aria-invalid=\"false\" value=\"\" type=\"text\" name=\"numero-habitaciones-dobles\" \/><\/span> <\/label><br \/>\n<label> N\u00famero de Quartos Singles <span class=\"wpcf7-form-control-wrap\" data-name=\"numero-habitaciones-individuales\"><input size=\"40\" maxlength=\"400\" class=\"wpcf7-form-control wpcf7-text\" aria-invalid=\"false\" value=\"\" type=\"text\" name=\"numero-habitaciones-individuales\" \/><\/span> <\/label>\n<\/p>\n<p><strong>Hotel escolhido: Hotel VIDA Ostra Marina ** (Sanxenxo)<br \/>\n<\/strong><br \/>\n<label> R\u00e9gime: <span class=\"wpcf7-form-control-wrap\" data-name=\"regimen-alimenticio\"><select class=\"wpcf7-form-control wpcf7-select\" aria-invalid=\"false\" name=\"regimen-alimenticio\"><option value=\"\"><\/option><option value=\"A.P.A. - Alojamento e Pequeno Almo\u00e7o\">A.P.A. - Alojamento e Pequeno Almo\u00e7o<\/option><option value=\"M.P. - Meia Pens\u00e3o (Pequeno-almo\u00e7o e jantar)\">M.P. - Meia Pens\u00e3o (Pequeno-almo\u00e7o e jantar)<\/option><\/select><\/span> <\/label><br \/>\n<label> Outras op\u00e7\u00f5es \/ Observa\u00e7\u00f5es <span class=\"wpcf7-form-control-wrap\" data-name=\"observaciones\"><textarea cols=\"40\" rows=\"10\" maxlength=\"2000\" class=\"wpcf7-form-control wpcf7-textarea\" aria-invalid=\"false\" name=\"observaciones\"><\/textarea><\/span> <\/label><br \/>\n\t<center><input class=\"wpcf7-form-control wpcf7-submit has-spinner\" type=\"submit\" value=\"Mandar\" \/>\n\t<\/center>\n<\/p><p style=\"display: none !important;\" class=\"akismet-fields-container\" data-prefix=\"_wpcf7_ak_\"><label>&#916;<textarea name=\"_wpcf7_ak_hp_textarea\" cols=\"45\" rows=\"8\" maxlength=\"100\"><\/textarea><\/label><input type=\"hidden\" id=\"ak_js_1\" name=\"_wpcf7_ak_js\" value=\"69\"\/><script>document.getElementById( \"ak_js_1\" ).setAttribute( \"value\", ( new Date() ).getTime() );<\/script><\/p><div class=\"wpcf7-response-output\" aria-hidden=\"true\"><\/div>\n<\/form>\n<\/div>\n<\/div>\n\t\t\t\t\t\t<\/div>\n\t\t\t\t<\/div>\n\t\t\t\t\t<\/div>\n\t\t\t\t<\/div>\n\t\t\t\t<\/div>\n\t\t<div class=\"gsp_post_data\" \r\n\t            data-post_type=\"page\" \r\n\t            data-cat=\"\" \r\n\t            data-modified=\"120\"\r\n\t            data-created=\"1650270235\"\r\n\t            data-title=\"Hot\u00e9is para Grupos em Sanxenxo\" \r\n\t            data-home=\"https:\/\/vidahoteles.com\/pt-pt\/\"><\/div>","protected":false},"excerpt":{"rendered":"<p>A cadeia VIDA Hotels and Apartments conta com o Hotel VIDA Ostra Marina ** para receber grupos com as mais [&hellip;]<\/p>\n","protected":false},"author":2,"featured_media":9235,"parent":0,"menu_order":430,"comment_status":"closed","ping_status":"closed","template":"","meta":{"site-sidebar-layout":"default","site-content-layout":"","ast-site-content-layout":"default","site-content-style":"default","site-sidebar-style":"default","ast-global-header-display":"","ast-banner-title-visibility":"","ast-main-header-display":"","ast-hfb-above-header-display":"","ast-hfb-below-header-display":"","ast-hfb-mobile-header-display":"","site-post-title":"","ast-breadcrumbs-content":"","ast-featured-img":"","footer-sml-layout":"","ast-disable-related-posts":"","theme-transparent-header-meta":"","adv-header-id-meta":"","stick-header-meta":"","header-above-stick-meta":"","header-main-stick-meta":"","header-below-stick-meta":"","astra-migrate-meta-layouts":"default","ast-page-background-enabled":"default","ast-page-background-meta":{"desktop":{"background-color":"var(--ast-global-color-4)","background-image":"","background-repeat":"repeat","background-position":"center center","background-size":"auto","background-attachment":"scroll","background-type":"","background-media":"","overlay-type":"","overlay-color":"","overlay-opacity":"","overlay-gradient":""},"tablet":{"background-color":"","background-image":"","background-repeat":"repeat","background-position":"center center","background-size":"auto","background-attachment":"scroll","background-type":"","background-media":"","overlay-type":"","overlay-color":"","overlay-opacity":"","overlay-gradient":""},"mobile":{"background-color":"","background-image":"","background-repeat":"repeat","background-position":"center center","background-size":"auto","background-attachment":"scroll","background-type":"","background-media":"","overlay-type":"","overlay-color":"","overlay-opacity":"","overlay-gradient":""}},"ast-content-background-meta":{"desktop":{"background-color":"var(--ast-global-color-5)","background-image":"","background-repeat":"repeat","background-position":"center center","background-size":"auto","background-attachment":"scroll","background-type":"","background-media":"","overlay-type":"","overlay-color":"","overlay-opacity":"","overlay-gradient":""},"tablet":{"background-color":"var(--ast-global-color-5)","background-image":"","background-repeat":"repeat","background-position":"center center","background-size":"auto","background-attachment":"scroll","background-type":"","background-media":"","overlay-type":"","overlay-color":"","overlay-opacity":"","overlay-gradient":""},"mobile":{"background-color":"var(--ast-global-color-5)","background-image":"","background-repeat":"repeat","background-position":"center center","background-size":"auto","background-attachment":"scroll","background-type":"","background-media":"","overlay-type":"","overlay-color":"","overlay-opacity":"","overlay-gradient":""}},"ngg_post_thumbnail":359,"_jet_sm_ready_style":"","_jet_sm_style":"","_jet_sm_controls_values":"","_jet_sm_fonts_collection":"","_jet_sm_fonts_links":"","footnotes":""},"class_list":["post-9199","page","type-page","status-publish","has-post-thumbnail","hentry"],"yoast_head":"<!-- This site is optimized with the Yoast SEO plugin v24.8.1 - https:\/\/yoast.com\/wordpress\/plugins\/seo\/ -->\n<title>Hot\u00e9is para Grupos em Sanxenxo - Vida Hoteles &amp; Apartamentos<\/title>\n<meta name=\"robots\" content=\"index, follow, max-snippet:-1, max-image-preview:large, max-video-preview:-1\" \/>\n<link rel=\"canonical\" href=\"https:\/\/vidahoteles.com\/pt-pt\/hoteis-para-grupos-em-sanxenxo\/\" \/>\n<meta property=\"og:locale\" content=\"pt_PT\" \/>\n<meta property=\"og:type\" content=\"article\" \/>\n<meta property=\"og:title\" content=\"Hot\u00e9is para Grupos em Sanxenxo - Vida Hoteles &amp; Apartamentos\" \/>\n<meta property=\"og:description\" content=\"A cadeia VIDA Hotels and Apartments conta com o Hotel VIDA Ostra Marina ** para receber grupos com as mais [&hellip;]\" \/>\n<meta property=\"og:url\" content=\"https:\/\/vidahoteles.com\/pt-pt\/hoteis-para-grupos-em-sanxenxo\/\" \/>\n<meta property=\"og:site_name\" content=\"Vida Hoteles &amp; Apartamentos\" \/>\n<meta property=\"article:modified_time\" content=\"2025-04-24T10:23:20+00:00\" \/>\n<meta property=\"og:image\" content=\"https:\/\/vidahoteles.com\/wp-content\/uploads\/2022\/04\/06-O-Grove-0866.jpg\" \/>\n\t<meta property=\"og:image:width\" content=\"1200\" \/>\n\t<meta property=\"og:image:height\" content=\"900\" \/>\n\t<meta property=\"og:image:type\" content=\"image\/jpeg\" \/>\n<meta name=\"twitter:label1\" content=\"Tempo estimado de leitura\" \/>\n\t<meta name=\"twitter:data1\" content=\"1 minuto\" \/>\n<script type=\"application\/ld+json\" class=\"yoast-schema-graph\">{\"@context\":\"https:\/\/schema.org\",\"@graph\":[{\"@type\":\"WebPage\",\"@id\":\"https:\/\/vidahoteles.com\/pt-pt\/hoteis-para-grupos-em-sanxenxo\/\",\"url\":\"https:\/\/vidahoteles.com\/pt-pt\/hoteis-para-grupos-em-sanxenxo\/\",\"name\":\"Hot\u00e9is para Grupos em Sanxenxo - Vida Hoteles &amp; Apartamentos\",\"isPartOf\":{\"@id\":\"https:\/\/vidahoteles.com\/#website\"},\"primaryImageOfPage\":{\"@id\":\"https:\/\/vidahoteles.com\/pt-pt\/hoteis-para-grupos-em-sanxenxo\/#primaryimage\"},\"image\":{\"@id\":\"https:\/\/vidahoteles.com\/pt-pt\/hoteis-para-grupos-em-sanxenxo\/#primaryimage\"},\"thumbnailUrl\":\"https:\/\/vidahoteles.com\/wp-content\/uploads\/2022\/04\/06-O-Grove-0866.jpg\",\"datePublished\":\"2022-04-18T08:23:55+00:00\",\"dateModified\":\"2025-04-24T10:23:20+00:00\",\"breadcrumb\":{\"@id\":\"https:\/\/vidahoteles.com\/pt-pt\/hoteis-para-grupos-em-sanxenxo\/#breadcrumb\"},\"inLanguage\":\"pt-PT\",\"potentialAction\":[{\"@type\":\"ReadAction\",\"target\":[\"https:\/\/vidahoteles.com\/pt-pt\/hoteis-para-grupos-em-sanxenxo\/\"]}]},{\"@type\":\"ImageObject\",\"inLanguage\":\"pt-PT\",\"@id\":\"https:\/\/vidahoteles.com\/pt-pt\/hoteis-para-grupos-em-sanxenxo\/#primaryimage\",\"url\":\"https:\/\/vidahoteles.com\/wp-content\/uploads\/2022\/04\/06-O-Grove-0866.jpg\",\"contentUrl\":\"https:\/\/vidahoteles.com\/wp-content\/uploads\/2022\/04\/06-O-Grove-0866.jpg\",\"width\":1200,\"height\":900},{\"@type\":\"BreadcrumbList\",\"@id\":\"https:\/\/vidahoteles.com\/pt-pt\/hoteis-para-grupos-em-sanxenxo\/#breadcrumb\",\"itemListElement\":[{\"@type\":\"ListItem\",\"position\":1,\"name\":\"Portada\",\"item\":\"https:\/\/vidahoteles.com\/pt-pt\/\"},{\"@type\":\"ListItem\",\"position\":2,\"name\":\"Hot\u00e9is para Grupos em Sanxenxo\"}]},{\"@type\":\"WebSite\",\"@id\":\"https:\/\/vidahoteles.com\/#website\",\"url\":\"https:\/\/vidahoteles.com\/\",\"name\":\"Vida Hoteles &amp; Apartamentos\",\"description\":\"La cadena hotelera de A Costa da Morte (Galicia)\",\"potentialAction\":[{\"@type\":\"SearchAction\",\"target\":{\"@type\":\"EntryPoint\",\"urlTemplate\":\"https:\/\/vidahoteles.com\/?s={search_term_string}\"},\"query-input\":{\"@type\":\"PropertyValueSpecification\",\"valueRequired\":true,\"valueName\":\"search_term_string\"}}],\"inLanguage\":\"pt-PT\"}]}<\/script>\n<!-- \/ Yoast SEO plugin. -->","yoast_head_json":{"title":"Hot\u00e9is para Grupos em Sanxenxo - Vida Hoteles &amp; Apartamentos","robots":{"index":"index","follow":"follow","max-snippet":"max-snippet:-1","max-image-preview":"max-image-preview:large","max-video-preview":"max-video-preview:-1"},"canonical":"https:\/\/vidahoteles.com\/pt-pt\/hoteis-para-grupos-em-sanxenxo\/","og_locale":"pt_PT","og_type":"article","og_title":"Hot\u00e9is para Grupos em Sanxenxo - Vida Hoteles &amp; Apartamentos","og_description":"A cadeia VIDA Hotels and Apartments conta com o Hotel VIDA Ostra Marina ** para receber grupos com as mais [&hellip;]","og_url":"https:\/\/vidahoteles.com\/pt-pt\/hoteis-para-grupos-em-sanxenxo\/","og_site_name":"Vida Hoteles &amp; Apartamentos","article_modified_time":"2025-04-24T10:23:20+00:00","og_image":[{"width":1200,"height":900,"url":"https:\/\/vidahoteles.com\/wp-content\/uploads\/2022\/04\/06-O-Grove-0866.jpg","type":"image\/jpeg"}],"twitter_misc":{"Tempo estimado de leitura":"1 minuto"},"schema":{"@context":"https:\/\/schema.org","@graph":[{"@type":"WebPage","@id":"https:\/\/vidahoteles.com\/pt-pt\/hoteis-para-grupos-em-sanxenxo\/","url":"https:\/\/vidahoteles.com\/pt-pt\/hoteis-para-grupos-em-sanxenxo\/","name":"Hot\u00e9is para Grupos em Sanxenxo - Vida Hoteles &amp; Apartamentos","isPartOf":{"@id":"https:\/\/vidahoteles.com\/#website"},"primaryImageOfPage":{"@id":"https:\/\/vidahoteles.com\/pt-pt\/hoteis-para-grupos-em-sanxenxo\/#primaryimage"},"image":{"@id":"https:\/\/vidahoteles.com\/pt-pt\/hoteis-para-grupos-em-sanxenxo\/#primaryimage"},"thumbnailUrl":"https:\/\/vidahoteles.com\/wp-content\/uploads\/2022\/04\/06-O-Grove-0866.jpg","datePublished":"2022-04-18T08:23:55+00:00","dateModified":"2025-04-24T10:23:20+00:00","breadcrumb":{"@id":"https:\/\/vidahoteles.com\/pt-pt\/hoteis-para-grupos-em-sanxenxo\/#breadcrumb"},"inLanguage":"pt-PT","potentialAction":[{"@type":"ReadAction","target":["https:\/\/vidahoteles.com\/pt-pt\/hoteis-para-grupos-em-sanxenxo\/"]}]},{"@type":"ImageObject","inLanguage":"pt-PT","@id":"https:\/\/vidahoteles.com\/pt-pt\/hoteis-para-grupos-em-sanxenxo\/#primaryimage","url":"https:\/\/vidahoteles.com\/wp-content\/uploads\/2022\/04\/06-O-Grove-0866.jpg","contentUrl":"https:\/\/vidahoteles.com\/wp-content\/uploads\/2022\/04\/06-O-Grove-0866.jpg","width":1200,"height":900},{"@type":"BreadcrumbList","@id":"https:\/\/vidahoteles.com\/pt-pt\/hoteis-para-grupos-em-sanxenxo\/#breadcrumb","itemListElement":[{"@type":"ListItem","position":1,"name":"Portada","item":"https:\/\/vidahoteles.com\/pt-pt\/"},{"@type":"ListItem","position":2,"name":"Hot\u00e9is para Grupos em Sanxenxo"}]},{"@type":"WebSite","@id":"https:\/\/vidahoteles.com\/#website","url":"https:\/\/vidahoteles.com\/","name":"Vida Hoteles &amp; Apartamentos","description":"La cadena hotelera de A Costa da Morte (Galicia)","potentialAction":[{"@type":"SearchAction","target":{"@type":"EntryPoint","urlTemplate":"https:\/\/vidahoteles.com\/?s={search_term_string}"},"query-input":{"@type":"PropertyValueSpecification","valueRequired":true,"valueName":"search_term_string"}}],"inLanguage":"pt-PT"}]}},"_links":{"self":[{"href":"https:\/\/vidahoteles.com\/pt-pt\/wp-json\/wp\/v2\/pages\/9199","targetHints":{"allow":["GET"]}}],"collection":[{"href":"https:\/\/vidahoteles.com\/pt-pt\/wp-json\/wp\/v2\/pages"}],"about":[{"href":"https:\/\/vidahoteles.com\/pt-pt\/wp-json\/wp\/v2\/types\/page"}],"author":[{"embeddable":true,"href":"https:\/\/vidahoteles.com\/pt-pt\/wp-json\/wp\/v2\/users\/2"}],"replies":[{"embeddable":true,"href":"https:\/\/vidahoteles.com\/pt-pt\/wp-json\/wp\/v2\/comments?post=9199"}],"version-history":[{"count":7,"href":"https:\/\/vidahoteles.com\/pt-pt\/wp-json\/wp\/v2\/pages\/9199\/revisions"}],"predecessor-version":[{"id":14599,"href":"https:\/\/vidahoteles.com\/pt-pt\/wp-json\/wp\/v2\/pages\/9199\/revisions\/14599"}],"wp:featuredmedia":[{"embeddable":true,"href":"https:\/\/vidahoteles.com\/pt-pt\/wp-json\/wp\/v2\/media\/9235"}],"wp:attachment":[{"href":"https:\/\/vidahoteles.com\/pt-pt\/wp-json\/wp\/v2\/media?parent=9199"}],"curies":[{"name":"wp","href":"https:\/\/api.w.org\/{rel}","templated":true}]}}