{"id":9218,"date":"2022-04-18T07:54:30","date_gmt":"2022-04-18T07:54:30","guid":{"rendered":"https:\/\/vidahoteles.com\/?page_id=9218"},"modified":"2025-04-24T09:37:34","modified_gmt":"2025-04-24T09:37:34","slug":"hoteis-para-grupos-na-galiza","status":"publish","type":"page","link":"https:\/\/vidahoteles.com\/pt-pt\/hoteis-para-grupos-na-galiza\/","title":{"rendered":"Hot\u00e9is para Grupos na Galiza"},"content":{"rendered":"\t\t<div data-elementor-type=\"wp-page\" data-elementor-id=\"9218\" class=\"elementor elementor-9218 elementor-9214\" data-elementor-post-type=\"page\">\n\t\t\t\t<div class=\"elementor-element elementor-element-857906e e-flex e-con-boxed e-con e-parent\" data-id=\"857906e\" data-element_type=\"container\" data-e-type=\"container\">\n\t\t\t\t\t<div class=\"e-con-inner\">\n\t\t\t\t<div class=\"elementor-element elementor-element-e5146ab elementor-widget elementor-widget-text-editor\" data-id=\"e5146ab\" data-element_type=\"widget\" data-e-type=\"widget\" data-widget_type=\"text-editor.default\">\n\t\t\t\t<div class=\"elementor-widget-container\">\n\t\t\t\t\t\t\t\t\t<p>A cadeia VIDA Hotels &amp; Apartments disp\u00f5e de hot\u00e9is para receber grupos com as mais altas garantias de qualidade na Galiza.<\/p>\n<p><\/p>\n<p>Grupos desportivos, associa\u00e7\u00f5es de bairro ou de idosos, clubes de caminhadas e muitos outros grupos aproveitam cada vez mais as suas f\u00e9rias na nossa cadeia.<\/p>\t\t\t\t\t\t\t\t<\/div>\n\t\t\t\t<\/div>\n\t\t\t\t\t<\/div>\n\t\t\t\t<\/div>\n\t\t<div class=\"elementor-element elementor-element-38736f8 e-flex e-con-boxed e-con e-parent\" data-id=\"38736f8\" data-element_type=\"container\" data-e-type=\"container\">\n\t\t\t\t\t<div class=\"e-con-inner\">\n\t\t\t\t<div class=\"elementor-element elementor-element-5f0808f elementor-widget elementor-widget-contentviews_widget_grid1\" data-id=\"5f0808f\" data-element_type=\"widget\" data-e-type=\"widget\" data-widget_type=\"contentviews_widget_grid1.default\">\n\t\t\t\t<div class=\"elementor-widget-container\">\n\t\t\t\t\t<div class='pt-cv-wrapper'> <div class=\"pt-cv-view pt-cv-blockgrid iscvblock iscvelementor grid1 layout1\" id=\"pt-cv-view-5f0808f\"><div data-id=\"pt-cv-page-1\" class=\"pt-cv-page\" data-cvc=\"2\"><div class=\" pt-cv-content-item pt-cv-1-col\" ><div class=\"pt-cv-thumb-wrapper  \"><a href=\"https:\/\/vidahoteles.com\/pt-pt\/hoteis-para-grupos-na-costa-da-morte-caminho-dos-farois\/\" class=\"_self pt-cv-href-thumbnail pt-cv-thumb-default\" target=\"_self\" ><img fetchpriority=\"high\" decoding=\"async\" width=\"1024\" height=\"768\" src=\"https:\/\/vidahoteles.com\/wp-content\/uploads\/2021\/03\/IMG_20160827_141854-1024x768.jpg\" class=\"pt-cv-thumbnail\" alt=\"\" \/><\/a><\/div>\n<h4 class=\"pt-cv-title\"><a href=\"https:\/\/vidahoteles.com\/pt-pt\/hoteis-para-grupos-na-costa-da-morte-caminho-dos-farois\/\" class=\"_self\" target=\"_self\" >Hot\u00e9is para Grupos na Costa da Morte \/ Caminho dos Far\u00f3is<\/a><\/h4><\/div>\n<div class=\" pt-cv-content-item pt-cv-1-col\" ><div class=\"pt-cv-thumb-wrapper  \"><a href=\"https:\/\/vidahoteles.com\/pt-pt\/hoteis-para-grupos-em-sanxenxo\/\" class=\"_self pt-cv-href-thumbnail pt-cv-thumb-default\" target=\"_self\" ><img decoding=\"async\" width=\"1024\" height=\"768\" src=\"https:\/\/vidahoteles.com\/wp-content\/uploads\/2022\/04\/06-O-Grove-0866-1024x768.jpg\" class=\"pt-cv-thumbnail\" alt=\"\" \/><\/a><\/div>\n<h4 class=\"pt-cv-title\"><a href=\"https:\/\/vidahoteles.com\/pt-pt\/hoteis-para-grupos-em-sanxenxo\/\" class=\"_self\" target=\"_self\" >Hot\u00e9is para Grupos em Sanxenxo<\/a><\/h4><\/div><\/div><\/div> <\/div> \t\t\t\t<\/div>\n\t\t\t\t<\/div>\n\t\t\t\t\t<\/div>\n\t\t\t\t<\/div>\n\t\t\t\t<\/div>\n\t\t<div class=\"gsp_post_data\" \r\n\t            data-post_type=\"page\" \r\n\t            data-cat=\"\" \r\n\t            data-modified=\"120\"\r\n\t            data-created=\"1650270235\"\r\n\t            data-title=\"Hot\u00e9is para Grupos em Sanxenxo\" \r\n\t            data-home=\"https:\/\/vidahoteles.com\/pt-pt\/\"><\/div>","protected":false},"excerpt":{"rendered":"<p>A cadeia VIDA Hotels &amp; Apartments disp\u00f5e de hot\u00e9is para receber grupos com as mais altas garantias de qualidade na [&hellip;]<\/p>\n","protected":false},"author":2,"featured_media":9245,"parent":0,"menu_order":410,"comment_status":"closed","ping_status":"closed","template":"","meta":{"site-sidebar-layout":"default","site-content-layout":"","ast-site-content-layout":"default","site-content-style":"default","site-sidebar-style":"default","ast-global-header-display":"","ast-banner-title-visibility":"","ast-main-header-display":"","ast-hfb-above-header-display":"","ast-hfb-below-header-display":"","ast-hfb-mobile-header-display":"","site-post-title":"","ast-breadcrumbs-content":"","ast-featured-img":"","footer-sml-layout":"","ast-disable-related-posts":"","theme-transparent-header-meta":"","adv-header-id-meta":"","stick-header-meta":"","header-above-stick-meta":"","header-main-stick-meta":"","header-below-stick-meta":"","astra-migrate-meta-layouts":"default","ast-page-background-enabled":"default","ast-page-background-meta":{"desktop":{"background-color":"var(--ast-global-color-4)","background-image":"","background-repeat":"repeat","background-position":"center center","background-size":"auto","background-attachment":"scroll","background-type":"","background-media":"","overlay-type":"","overlay-color":"","overlay-opacity":"","overlay-gradient":""},"tablet":{"background-color":"","background-image":"","background-repeat":"repeat","background-position":"center center","background-size":"auto","background-attachment":"scroll","background-type":"","background-media":"","overlay-type":"","overlay-color":"","overlay-opacity":"","overlay-gradient":""},"mobile":{"background-color":"","background-image":"","background-repeat":"repeat","background-position":"center center","background-size":"auto","background-attachment":"scroll","background-type":"","background-media":"","overlay-type":"","overlay-color":"","overlay-opacity":"","overlay-gradient":""}},"ast-content-background-meta":{"desktop":{"background-color":"var(--ast-global-color-5)","background-image":"","background-repeat":"repeat","background-position":"center center","background-size":"auto","background-attachment":"scroll","background-type":"","background-media":"","overlay-type":"","overlay-color":"","overlay-opacity":"","overlay-gradient":""},"tablet":{"background-color":"var(--ast-global-color-5)","background-image":"","background-repeat":"repeat","background-position":"center center","background-size":"auto","background-attachment":"scroll","background-type":"","background-media":"","overlay-type":"","overlay-color":"","overlay-opacity":"","overlay-gradient":""},"mobile":{"background-color":"var(--ast-global-color-5)","background-image":"","background-repeat":"repeat","background-position":"center center","background-size":"auto","background-attachment":"scroll","background-type":"","background-media":"","overlay-type":"","overlay-color":"","overlay-opacity":"","overlay-gradient":""}},"ngg_post_thumbnail":0,"_jet_sm_ready_style":"","_jet_sm_style":"","_jet_sm_controls_values":"","_jet_sm_fonts_collection":"","_jet_sm_fonts_links":"","footnotes":""},"class_list":["post-9218","page","type-page","status-publish","has-post-thumbnail","hentry"],"yoast_head":"<!-- This site is optimized with the Yoast SEO plugin v24.8.1 - https:\/\/yoast.com\/wordpress\/plugins\/seo\/ -->\n<title>Hot\u00e9is para Grupos na Galiza - Vida Hoteles &amp; Apartamentos<\/title>\n<meta name=\"robots\" content=\"index, follow, max-snippet:-1, max-image-preview:large, max-video-preview:-1\" \/>\n<link rel=\"canonical\" href=\"https:\/\/vidahoteles.com\/hoteles-para-grupos-en-galicia\/\" \/>\n<meta property=\"og:locale\" content=\"pt_PT\" \/>\n<meta property=\"og:type\" content=\"article\" \/>\n<meta property=\"og:title\" content=\"Hot\u00e9is para Grupos na Galiza - Vida Hoteles &amp; Apartamentos\" \/>\n<meta property=\"og:description\" content=\"A cadeia VIDA Hotels &amp; Apartments disp\u00f5e de hot\u00e9is para receber grupos com as mais altas garantias de qualidade na [&hellip;]\" \/>\n<meta property=\"og:url\" content=\"https:\/\/vidahoteles.com\/hoteles-para-grupos-en-galicia\/\" \/>\n<meta property=\"og:site_name\" content=\"Vida Hoteles &amp; Apartamentos\" \/>\n<meta property=\"article:modified_time\" content=\"2025-04-24T09:37:34+00:00\" \/>\n<meta property=\"og:image\" content=\"https:\/\/vidahoteles.com\/wp-content\/uploads\/2022\/04\/GWF-Rias-Baixas-01.jpg\" \/>\n\t<meta property=\"og:image:width\" content=\"1200\" \/>\n\t<meta property=\"og:image:height\" content=\"900\" \/>\n\t<meta property=\"og:image:type\" content=\"image\/jpeg\" \/>\n<meta name=\"twitter:label1\" content=\"Tempo estimado de leitura\" \/>\n\t<meta name=\"twitter:data1\" content=\"1 minuto\" \/>\n<script type=\"application\/ld+json\" class=\"yoast-schema-graph\">{\"@context\":\"https:\/\/schema.org\",\"@graph\":[{\"@type\":\"WebPage\",\"@id\":\"https:\/\/vidahoteles.com\/hoteles-para-grupos-en-galicia\/\",\"url\":\"https:\/\/vidahoteles.com\/hoteles-para-grupos-en-galicia\/\",\"name\":\"Hot\u00e9is para Grupos na Galiza - Vida Hoteles &amp; Apartamentos\",\"isPartOf\":{\"@id\":\"https:\/\/vidahoteles.com\/#website\"},\"primaryImageOfPage\":{\"@id\":\"https:\/\/vidahoteles.com\/hoteles-para-grupos-en-galicia\/#primaryimage\"},\"image\":{\"@id\":\"https:\/\/vidahoteles.com\/hoteles-para-grupos-en-galicia\/#primaryimage\"},\"thumbnailUrl\":\"https:\/\/vidahoteles.com\/wp-content\/uploads\/2022\/04\/GWF-Rias-Baixas-01.jpg\",\"datePublished\":\"2022-04-18T07:54:30+00:00\",\"dateModified\":\"2025-04-24T09:37:34+00:00\",\"breadcrumb\":{\"@id\":\"https:\/\/vidahoteles.com\/hoteles-para-grupos-en-galicia\/#breadcrumb\"},\"inLanguage\":\"pt-PT\",\"potentialAction\":[{\"@type\":\"ReadAction\",\"target\":[\"https:\/\/vidahoteles.com\/hoteles-para-grupos-en-galicia\/\"]}]},{\"@type\":\"ImageObject\",\"inLanguage\":\"pt-PT\",\"@id\":\"https:\/\/vidahoteles.com\/hoteles-para-grupos-en-galicia\/#primaryimage\",\"url\":\"https:\/\/vidahoteles.com\/wp-content\/uploads\/2022\/04\/GWF-Rias-Baixas-01.jpg\",\"contentUrl\":\"https:\/\/vidahoteles.com\/wp-content\/uploads\/2022\/04\/GWF-Rias-Baixas-01.jpg\",\"width\":1200,\"height\":900},{\"@type\":\"BreadcrumbList\",\"@id\":\"https:\/\/vidahoteles.com\/hoteles-para-grupos-en-galicia\/#breadcrumb\",\"itemListElement\":[{\"@type\":\"ListItem\",\"position\":1,\"name\":\"Portada\",\"item\":\"https:\/\/vidahoteles.com\/pt-pt\/\"},{\"@type\":\"ListItem\",\"position\":2,\"name\":\"Hot\u00e9is para Grupos na Galiza\"}]},{\"@type\":\"WebSite\",\"@id\":\"https:\/\/vidahoteles.com\/#website\",\"url\":\"https:\/\/vidahoteles.com\/\",\"name\":\"Vida Hoteles &amp; Apartamentos\",\"description\":\"La cadena hotelera de A Costa da Morte (Galicia)\",\"potentialAction\":[{\"@type\":\"SearchAction\",\"target\":{\"@type\":\"EntryPoint\",\"urlTemplate\":\"https:\/\/vidahoteles.com\/?s={search_term_string}\"},\"query-input\":{\"@type\":\"PropertyValueSpecification\",\"valueRequired\":true,\"valueName\":\"search_term_string\"}}],\"inLanguage\":\"pt-PT\"}]}<\/script>\n<!-- \/ Yoast SEO plugin. -->","yoast_head_json":{"title":"Hot\u00e9is para Grupos na Galiza - Vida Hoteles &amp; Apartamentos","robots":{"index":"index","follow":"follow","max-snippet":"max-snippet:-1","max-image-preview":"max-image-preview:large","max-video-preview":"max-video-preview:-1"},"canonical":"https:\/\/vidahoteles.com\/hoteles-para-grupos-en-galicia\/","og_locale":"pt_PT","og_type":"article","og_title":"Hot\u00e9is para Grupos na Galiza - Vida Hoteles &amp; Apartamentos","og_description":"A cadeia VIDA Hotels &amp; Apartments disp\u00f5e de hot\u00e9is para receber grupos com as mais altas garantias de qualidade na [&hellip;]","og_url":"https:\/\/vidahoteles.com\/hoteles-para-grupos-en-galicia\/","og_site_name":"Vida Hoteles &amp; Apartamentos","article_modified_time":"2025-04-24T09:37:34+00:00","og_image":[{"width":1200,"height":900,"url":"https:\/\/vidahoteles.com\/wp-content\/uploads\/2022\/04\/GWF-Rias-Baixas-01.jpg","type":"image\/jpeg"}],"twitter_misc":{"Tempo estimado de leitura":"1 minuto"},"schema":{"@context":"https:\/\/schema.org","@graph":[{"@type":"WebPage","@id":"https:\/\/vidahoteles.com\/hoteles-para-grupos-en-galicia\/","url":"https:\/\/vidahoteles.com\/hoteles-para-grupos-en-galicia\/","name":"Hot\u00e9is para Grupos na Galiza - Vida Hoteles &amp; Apartamentos","isPartOf":{"@id":"https:\/\/vidahoteles.com\/#website"},"primaryImageOfPage":{"@id":"https:\/\/vidahoteles.com\/hoteles-para-grupos-en-galicia\/#primaryimage"},"image":{"@id":"https:\/\/vidahoteles.com\/hoteles-para-grupos-en-galicia\/#primaryimage"},"thumbnailUrl":"https:\/\/vidahoteles.com\/wp-content\/uploads\/2022\/04\/GWF-Rias-Baixas-01.jpg","datePublished":"2022-04-18T07:54:30+00:00","dateModified":"2025-04-24T09:37:34+00:00","breadcrumb":{"@id":"https:\/\/vidahoteles.com\/hoteles-para-grupos-en-galicia\/#breadcrumb"},"inLanguage":"pt-PT","potentialAction":[{"@type":"ReadAction","target":["https:\/\/vidahoteles.com\/hoteles-para-grupos-en-galicia\/"]}]},{"@type":"ImageObject","inLanguage":"pt-PT","@id":"https:\/\/vidahoteles.com\/hoteles-para-grupos-en-galicia\/#primaryimage","url":"https:\/\/vidahoteles.com\/wp-content\/uploads\/2022\/04\/GWF-Rias-Baixas-01.jpg","contentUrl":"https:\/\/vidahoteles.com\/wp-content\/uploads\/2022\/04\/GWF-Rias-Baixas-01.jpg","width":1200,"height":900},{"@type":"BreadcrumbList","@id":"https:\/\/vidahoteles.com\/hoteles-para-grupos-en-galicia\/#breadcrumb","itemListElement":[{"@type":"ListItem","position":1,"name":"Portada","item":"https:\/\/vidahoteles.com\/pt-pt\/"},{"@type":"ListItem","position":2,"name":"Hot\u00e9is para Grupos na Galiza"}]},{"@type":"WebSite","@id":"https:\/\/vidahoteles.com\/#website","url":"https:\/\/vidahoteles.com\/","name":"Vida Hoteles &amp; Apartamentos","description":"La cadena hotelera de A Costa da Morte (Galicia)","potentialAction":[{"@type":"SearchAction","target":{"@type":"EntryPoint","urlTemplate":"https:\/\/vidahoteles.com\/?s={search_term_string}"},"query-input":{"@type":"PropertyValueSpecification","valueRequired":true,"valueName":"search_term_string"}}],"inLanguage":"pt-PT"}]}},"_links":{"self":[{"href":"https:\/\/vidahoteles.com\/pt-pt\/wp-json\/wp\/v2\/pages\/9218","targetHints":{"allow":["GET"]}}],"collection":[{"href":"https:\/\/vidahoteles.com\/pt-pt\/wp-json\/wp\/v2\/pages"}],"about":[{"href":"https:\/\/vidahoteles.com\/pt-pt\/wp-json\/wp\/v2\/types\/page"}],"author":[{"embeddable":true,"href":"https:\/\/vidahoteles.com\/pt-pt\/wp-json\/wp\/v2\/users\/2"}],"replies":[{"embeddable":true,"href":"https:\/\/vidahoteles.com\/pt-pt\/wp-json\/wp\/v2\/comments?post=9218"}],"version-history":[{"count":6,"href":"https:\/\/vidahoteles.com\/pt-pt\/wp-json\/wp\/v2\/pages\/9218\/revisions"}],"predecessor-version":[{"id":14630,"href":"https:\/\/vidahoteles.com\/pt-pt\/wp-json\/wp\/v2\/pages\/9218\/revisions\/14630"}],"wp:featuredmedia":[{"embeddable":true,"href":"https:\/\/vidahoteles.com\/pt-pt\/wp-json\/wp\/v2\/media\/9245"}],"wp:attachment":[{"href":"https:\/\/vidahoteles.com\/pt-pt\/wp-json\/wp\/v2\/media?parent=9218"}],"curies":[{"name":"wp","href":"https:\/\/api.w.org\/{rel}","templated":true}]}}